{"id":169,"date":"2017-09-29T15:52:35","date_gmt":"2017-09-29T12:52:35","guid":{"rendered":"https:\/\/coursepages.uta.fi\/mtta1-latex\/?page_id=169"},"modified":"2021-01-09T10:55:00","modified_gmt":"2021-01-09T08:55:00","slug":"mitat","status":"publish","type":"page","link":"https:\/\/coursepages2.tuni.fi\/mtta1-latex\/jatko\/mitat\/","title":{"rendered":"LaTeXin mitat"},"content":{"rendered":"<p>T\u00e4h\u00e4n sivuun liittyv\u00e4t esimerkkitiedostot <a href=\"https:\/\/webpages.tuni.fi\/latex\/mitat.tex\">mitat.tex<\/a> ja <a href=\"https:\/\/webpages.tuni.fi\/latex\/mitat.pdf\">mitat.pdf<\/a>.<\/p>\n<h2>Mittayksik\u00f6t<\/h2>\n<p>LaTeX tunnistaa seuraavat mittayksik\u00f6t:<\/p>\n<table rules=\"groups\" cellspacing=\"0\" cellpadding=\"3\">\n<thead>\n<tr>\n<th align=\"left\">Yksikk\u00f6<\/th>\n<th align=\"left\">Lyhenne<\/th>\n<th align=\"left\">Suuruus<\/th>\n<\/tr>\n<\/thead>\n<tfoot><\/tfoot>\n<tbody>\n<tr>\n<td>millimetri<\/td>\n<td>mm<\/td>\n<td>1 mm = 0.001 m<\/td>\n<\/tr>\n<tr>\n<td>senttimetri<\/td>\n<td>cm<\/td>\n<td>1 cm = 10 mm<\/td>\n<\/tr>\n<tr>\n<td>tuuma<\/td>\n<td>in<\/td>\n<td>1 in = 25.4 mm<\/td>\n<\/tr>\n<tr>\n<td>piste<\/td>\n<td>pt<\/td>\n<td>1 pt = 1\/72.27 in<\/td>\n<\/tr>\n<tr>\n<td>iso piste<\/td>\n<td>bp<\/td>\n<td>1 bp = 1\/72 in<\/td>\n<\/tr>\n<tr>\n<td>didot-piste<\/td>\n<td>dd<\/td>\n<td>1 dd = 1238\/1157 pt<\/td>\n<\/tr>\n<tr>\n<td>skaalattu piste<\/td>\n<td>sp<\/td>\n<td>1 sp = 1\/65536 pt<\/td>\n<\/tr>\n<tr>\n<td>pica<\/td>\n<td>pc<\/td>\n<td>1 pc = 12 pt<\/td>\n<\/tr>\n<tr>\n<td>cicero<\/td>\n<td>cc<\/td>\n<td>1 cc = 12 dd<\/td>\n<\/tr>\n<tr>\n<td>em-v\u00e4li<\/td>\n<td>em<\/td>\n<td>noin M-kirjaimen leveys<\/td>\n<\/tr>\n<tr>\n<td>x-korkeus<\/td>\n<td>ex<\/td>\n<td>noin x-kirjaimen korkeus<\/td>\n<\/tr>\n<tr>\n<td>math unit<\/td>\n<td>mu<\/td>\n<td>1 mu = 1\/18 em<\/td>\n<\/tr>\n<\/tbody>\n<\/table>\n<p>Yksik\u00f6t <code>em<\/code>, <code>ex<\/code> ja <code>mu<\/code> ovat suhteellisia, kulloinkin k\u00e4ytetyst\u00e4 fontista ja kirjainkoosta riippuvia.<\/p>\n<h2>Tyhj\u00e4 tila<\/h2>\n<p>Komento <code>\\hspace<\/code> tekee vaakasuoraa tyhj\u00e4\u00e4 tilaa. Komento <code>\\vspace<\/code> tekee vastaavasti pystysuoraa tyhj\u00e4\u00e4 tilaa. Positiivinen argumentti tarkoittaa siirtym\u00e4\u00e4 oikealle tai alasp\u00e4in, negatiivinen taas vasemmalle tai yl\u00f6sp\u00e4in. Mik\u00e4li tyhj\u00e4\u00e4 tilaa halutaan rivin tai sivun alkuun, on k\u00e4ytett\u00e4v\u00e4 komentoja <code>\\hspace*<\/code> ja <code>\\vspace*<\/code>. Matematiikkatilassa saadaan vaakasuoraa tyhj\u00e4\u00e4 tilaa joko komennolla <code>\\hspace<\/code> tai makropaketin amsmath komennolla <code>\\mspace<\/code>, jonka kanssa on k\u00e4ytett\u00e4v\u00e4 yksikk\u00f6\u00e4 <code>mu<\/code>.<\/p>\n<pre style=\"background-color: #f8f8f8;border: 1px solid #aaa;padding: 0.5em 0.6em 0.6em 0.7em\">\\hspace{1.5cm} % 1.5 cm vaakasuoraa tilaa\n\\vspace{-6pt}  % -6 pt pystysuoraa tilaa\n\\mspace{3mu}   % 3 mu vaakasuoraa tilaa matematiikkatilassa\n<\/pre>\n<p>Tyhj\u00e4 tila saadaan kutistumaan ja venym\u00e4\u00e4n tarpeen mukaan, kun mittaan lis\u00e4t\u00e4\u00e4n m\u00e4\u00e4reet <code>plus<\/code> ja <code>minus<\/code>. Esimerkiksi komennolla <code>\\vspace{3ex plus 1ex minus 0.5ex}<\/code> lis\u00e4t\u00e4\u00e4n 3ex pystysuoraa tyhj\u00e4\u00e4 tilaa, mutta t\u00e4m\u00e4 tila voi tarpeen vaatiessa veny\u00e4 1ex tai kutistua 0.5ex. Lopullinen tila on siten jotain v\u00e4lilt\u00e4 2.5ex \u2013 4.0ex.<\/p>\n<p>Tyhj\u00e4 tila voi veny\u00e4 \u201drajattomasti\u201d, kun k\u00e4ytet\u00e4\u00e4n yksikk\u00f6\u00e4 <code>fil<\/code> tai <code>fill<\/code>, pituusparametria <code>\\fill<\/code> tai komentoa <code>\\stretch{desimaaliluku}<\/code>. Parametri <code>\\fill<\/code> on m\u00e4\u00e4ritelm\u00e4ns\u00e4 mukaan <code>0pt plus 1fill<\/code>, ja esimerkiksi <code>\\stretch{2.5}<\/code> on sama kuin <code>0pt plus 2.5fill<\/code>.<\/p>\n<pre style=\"background-color: #f8f8f8;border: 1px solid #aaa;padding: 0.5em 0.6em 0.6em 0.7em\">\\noindent\n|kolmasosa\\hspace{\\fill}|kaksi kolmasosaa\\hspace{\\stretch{2}}|\n<\/pre>\n<p>Komennot <code>\\dotfill<\/code> ja <code>\\hrulefill<\/code> toimivat muuten samoin kuin <code>\\hspace{\\fill}<\/code>, mutta ne t\u00e4ytt\u00e4v\u00e4t tyhj\u00e4n tilan pisteill\u00e4 tai vaakasuoralla viivalla.<\/p>\n<pre style=\"background-color: #f8f8f8;border: 1px solid #aaa;padding: 0.5em 0.6em 0.6em 0.7em\">\\noindent\nVasen\\dotfill Oikea \\\\\nOsoite: \\hrulefill\n<\/pre>\n<h2>Pituusparametrit<\/h2>\n<p>LaTeX k\u00e4ytt\u00e4\u00e4 tekstin asemoinnissa useita sis\u00e4isi\u00e4 pituusparametreja, joiden arvoja voidaan muuttaa komennoilla <code>\\setlength<\/code> ja <code>\\addtolength<\/code>. Esimerkiksi A4-sivukoko asetetaan dokumenttiluokissa seuraavilla komennoilla.<\/p>\n<pre style=\"background-color: #f8f8f8;border: 1px solid #aaa;padding: 0.5em 0.6em 0.6em 0.7em\">\\setlength{\\paperheight}{297mm}\n\\setlength{\\paperwidth}{210mm}\n<\/pre>\n<p>Tekstipalstan korkeus ja leveys asetetaan vastaavasti parametreilla <code>\\textheight<\/code> ja <code>\\textwidth<\/code>. Seuraavilla komennoilla palstan korkeutta kasvatetaan kolme rivi\u00e4 ja palstaa siirret\u00e4\u00e4n saman verran yl\u00f6sp\u00e4in. Parametri <code>\\baselineskip<\/code> on riviv\u00e4lin suuruus.<\/p>\n<pre style=\"background-color: #f8f8f8;border: 1px solid #aaa;padding: 0.5em 0.6em 0.6em 0.7em\">\\addtolength{\\textheight}{3\\baselineskip}\n\\addtolength{\\topmargin}{-3\\baselineskip}\n<\/pre>\n<p>Uusia pituusparametreja voi m\u00e4\u00e4ritell\u00e4 komennolla <code>\\newlength<\/code>. Pituusparametrin arvon voi asettaa my\u00f6s komennoilla <code>\\settowidth<\/code>, <code>\\settoheight<\/code> ja <code>\\settodepth<\/code>, jotka asettavat pituusparametrin arvoksi argumenttina annetun tekstin pituuden, korkeuden tai syvyyden (perusviivasta mitattuna). Esimerkiksi<\/p>\n<pre style=\"background-color: #f8f8f8;border: 1px solid #aaa;padding: 0.5em 0.6em 0.6em 0.7em\">\\newlength{\\apumitta}\n\\settowidth{\\apumitta}{jotain teksti\u00e4}\n<\/pre>\n","protected":false},"excerpt":{"rendered":"<p>T\u00e4h\u00e4n sivuun liittyv\u00e4t esimerkkitiedostot mitat.tex ja mitat.pdf. Mittayksik\u00f6t LaTeX tunnistaa seuraavat mittayksik\u00f6t: Yksikk\u00f6 Lyhenne Suuruus millimetri mm 1 mm = 0.001 m senttimetri cm 1 cm = 10 mm tuuma in 1 in = 25.4 mm piste pt 1 pt = 1\/72.27 in iso piste bp 1 bp = 1\/72 in didot-piste dd 1 dd &hellip; <a href=\"https:\/\/coursepages2.tuni.fi\/mtta1-latex\/jatko\/mitat\/\" class=\"more-link\">Jatka artikkeliin <span class=\"screen-reader-text\">LaTeXin mitat<\/span><\/a><\/p>\n","protected":false},"author":38,"featured_media":0,"parent":112,"menu_order":5,"comment_status":"closed","ping_status":"closed","template":"","meta":{"footnotes":""},"class_list":["post-169","page","type-page","status-publish","hentry"],"_links":{"self":[{"href":"https:\/\/coursepages2.tuni.fi\/mtta1-latex\/wp-json\/wp\/v2\/pages\/169","targetHints":{"allow":["GET"]}}],"collection":[{"href":"https:\/\/coursepages2.tuni.fi\/mtta1-latex\/wp-json\/wp\/v2\/pages"}],"about":[{"href":"https:\/\/coursepages2.tuni.fi\/mtta1-latex\/wp-json\/wp\/v2\/types\/page"}],"author":[{"embeddable":true,"href":"https:\/\/coursepages2.tuni.fi\/mtta1-latex\/wp-json\/wp\/v2\/users\/38"}],"replies":[{"embeddable":true,"href":"https:\/\/coursepages2.tuni.fi\/mtta1-latex\/wp-json\/wp\/v2\/comments?post=169"}],"version-history":[{"count":8,"href":"https:\/\/coursepages2.tuni.fi\/mtta1-latex\/wp-json\/wp\/v2\/pages\/169\/revisions"}],"predecessor-version":[{"id":764,"href":"https:\/\/coursepages2.tuni.fi\/mtta1-latex\/wp-json\/wp\/v2\/pages\/169\/revisions\/764"}],"up":[{"embeddable":true,"href":"https:\/\/coursepages2.tuni.fi\/mtta1-latex\/wp-json\/wp\/v2\/pages\/112"}],"wp:attachment":[{"href":"https:\/\/coursepages2.tuni.fi\/mtta1-latex\/wp-json\/wp\/v2\/media?parent=169"}],"curies":[{"name":"wp","href":"https:\/\/api.w.org\/{rel}","templated":true}]}}