{"id":167,"date":"2017-09-29T15:50:20","date_gmt":"2017-09-29T12:50:20","guid":{"rendered":"https:\/\/coursepages.uta.fi\/mtta1-latex\/?page_id=167"},"modified":"2022-09-18T11:39:10","modified_gmt":"2022-09-18T08:39:10","slug":"laskurit","status":"publish","type":"page","link":"https:\/\/coursepages2.tuni.fi\/mtta1-latex\/jatko\/laskurit\/","title":{"rendered":"Laskurit"},"content":{"rendered":"<p>T\u00e4h\u00e4n sivuun liittyv\u00e4t esimerkkitiedostot <a href=\"https:\/\/webpages.tuni.fi\/latex\/laskurit.tex\">laskurit.tex<\/a> ja <a href=\"https:\/\/webpages.tuni.fi\/latex\/laskurit.pdf\">laskurit.pdf<\/a>.<\/p>\n<p>LaTeX pit\u00e4\u00e4 lukua dokumentin numeroiduista osista (esimerkiksi luvut, alaluvut ja sivut)\u00a0 kokonaislukuarvoisilla laskureilla, joista t\u00e4rkeimm\u00e4t on lueteltu alla.<\/p>\n<pre style=\"background-color: #f8f8f8;border: 1px solid #aaa;padding: 0.5em 0.6em 0.6em 0.7em\">part  chapter        paragraph     figure      enumi\r\n      section        subparagraph  table       enumii\r\n      subsection     page          footnote    enumiii\r\n      subsubsection  equation      mpfootnote  enumiv\r\n<\/pre>\n<p>Komennolla <code>\\newtheorem<\/code> luotuun lauseymp\u00e4rist\u00f6\u00f6n liittyy laskuri, jonka nimi on sama kuin kyseisen ymp\u00e4rist\u00f6n nimi.<\/p>\n<p>Uusia laskureita voi m\u00e4\u00e4ritell\u00e4 komennolla <code>\\newcounter<\/code>.<\/p>\n<pre style=\"background-color: #f8f8f8;border: 1px solid #aaa;padding: 0.5em 0.6em 0.6em 0.7em\">\\newcounter{uusilaskuri}[nollaavalaskuri]\r\n<\/pre>\n<p>T\u00e4ss\u00e4 <code>uusilaskuri<\/code> on m\u00e4\u00e4ritelt\u00e4v\u00e4 laskuri. Valinnainen argumentti <code>nollaavalaskuri<\/code> on jokin olemassa oleva laskuri. Uuden laskurin arvo nollataan aina, kun nollaavan laskurin arvoa kasvatetaan komennolla <code>\\refstepcounter<\/code> tai komennolla <code>\\stepcounter<\/code>. Esimerkiksi, jos m\u00e4\u00e4ritell\u00e4\u00e4n<\/p>\n<pre style=\"background-color: #f8f8f8;border: 1px solid #aaa;padding: 0.5em 0.6em 0.6em 0.7em\">\\newcounter{subsection}[section]\r\n<\/pre>\n<p>niin laskurin <code>subsection<\/code> arvo nollataan aina, kun laskurin <code>section<\/code> arvo kasvaa yhdell\u00e4.<\/p>\n<p>Komento<\/p>\n<pre style=\"background-color: #f8f8f8;border: 1px solid #aaa;padding: 0.5em 0.6em 0.6em 0.7em\">\\counterwithin{laskuri}{nollaavalaskuri}\r\n<\/pre>\n<p>asettaa jo olemassa olevan laskurin nollautuvaksi toisen laskurin mukaan. Esimerkiksi komennolla<\/p>\n<pre style=\"background-color: #f8f8f8;border: 1px solid #aaa;padding: 0.5em 0.6em 0.6em 0.7em\">\\counterwithin{equation}{chapter}\r\n<\/pre>\n<p>kaavarivit numeroidaan luvuittain dokumenttiluokissa report ja book: (1.1), (1.2), \u2026, (2.1), (2.2), \u2026\u00a0 Komento <code>\\counterwithin*<\/code> toimii vastaavasti, mutta laskurin arvo tulostetaan ilman nollaavaa laskuria: (1), (2), \u2026, (1), (2), \u2026<\/p>\n<p>Komento<\/p>\n<pre style=\"background-color: #f8f8f8;border: 1px solid #aaa;padding: 0.5em 0.6em 0.6em 0.7em\">\\counterwithout{laskuri}{nollaavalaskuri}\r\n<\/pre>\n<p>poistaa nollaavan laskurin vaikutuksen. T\u00e4m\u00e4n j\u00e4lkeen <code>laskuri<\/code> numeroidaan jatkuvasti l\u00e4pi koko dokumentin. Esimerkiksi komennon<\/p>\n<pre style=\"background-color: #f8f8f8;border: 1px solid #aaa;padding: 0.5em 0.6em 0.6em 0.7em\">\\counterwithout{footnote}{chapter}\r\n<\/pre>\n<p>j\u00e4lkeen alaviitteit\u00e4 ei numeroida luvuittain vaan jatkuvasti dokumenttiluokissa report ja book.<\/p>\n<p>Laskurin arvon voi muuttaa seuraavilla komennoilla.<\/p>\n<pre style=\"background-color: #f8f8f8;border: 1px solid #aaa;padding: 0.5em 0.6em 0.6em 0.7em\">\\setcounter{laskuri}{n}   % laskuri := n\r\n\\addtocounter{laskuri}{m} % laskuri := laskuri + m\r\n\\stepcounter{laskuri}     % laskuri := laskuri + 1\r\n\\refstepcounter{laskuri}  % laskuri := laskuri + 1\r\n<\/pre>\n<p>Komento <code>\\refstepcounter<\/code> kasvattaa laskurin arvoa yhdell\u00e4 ja saa seuraavan <code>\\label<\/code>-komennon viittaamaan kyseisen laskurin arvoon. Katso esimerkkitiedosto <a href=\"https:\/\/webpages.tuni.fi\/latex\/viitteet.pdf\">viitteet.pdf<\/a>.<\/p>\n<p>Komento <code>\\value{laskuri}<\/code> palauttaa laskurin arvon kokonaislukuna. Esimerkiksi<\/p>\n<pre style=\"background-color: #f8f8f8;border: 1px solid #aaa;padding: 0.5em 0.6em 0.6em 0.7em\">\\newcounter{sivu}\r\n\\setcounter{sivu}{\\value{page}} % sivu := page\r\n<\/pre>\n<p>Laskurin arvon voi tulostaa seuraavilla komennoilla.<\/p>\n<pre style=\"background-color: #f8f8f8;border: 1px solid #aaa;padding: 0.5em 0.6em 0.6em 0.7em\">\\arabic{laskuri}   % arabialaisin numeroin 1,2,3,...\r\n\\Roman{laskuri}    % isoin roomalaisin numeroin I,II,III,...\r\n\\roman{laskuri}    % pienin roomalaisin numeroin i,ii,iii,...\r\n\\Alph{laskuri}     % suuraakkosin A,B,C,...\r\n\\alph{laskuri}     % pienaakkosin a,b,c,...\r\n\\fnsymbol{laskuri} % symbolein *,\u2020,\u2021,\u00a7,\u00b6,\u2016,**,\u2020\u2020,\u2021\u2021<\/pre>\n<p>Kun k\u00e4ytet\u00e4\u00e4n komentoa <code>\\fnsymbol<\/code>, laskurin arvon on oltava v\u00e4lill\u00e4 1\u20139.<\/p>\n<p>Kunkin laskurin arvon tulostusmuoto on tallennettu laskurin nime\u00e4 vastaavaan komentoon <code>\\thelaskuri.<\/code> Jokaiselle uudelle laskurille <code>\\thelaskuri<\/code> on oletusarvoisesti <code>\\arabic{laskuri}<\/code>, mutta esimerkiksi alaluvun numeron tulostavan komennon <code>\\thesubsection<\/code> m\u00e4\u00e4rittely dokumenttiluokassa article on<\/p>\n<pre style=\"background-color: #f8f8f8;border: 1px solid #aaa;padding: 0.5em 0.6em 0.6em 0.7em\">\\renewcommand{\\thesubsection}{\\thesection.\\arabic{subsection}}\r\n<\/pre>\n","protected":false},"excerpt":{"rendered":"<p>T\u00e4h\u00e4n sivuun liittyv\u00e4t esimerkkitiedostot laskurit.tex ja laskurit.pdf. LaTeX pit\u00e4\u00e4 lukua dokumentin numeroiduista osista (esimerkiksi luvut, alaluvut ja sivut)\u00a0 kokonaislukuarvoisilla laskureilla, joista t\u00e4rkeimm\u00e4t on lueteltu alla. part chapter paragraph figure enumi section subparagraph table enumii subsection page footnote enumiii subsubsection equation mpfootnote enumiv Komennolla \\newtheorem luotuun lauseymp\u00e4rist\u00f6\u00f6n liittyy laskuri, jonka nimi on sama kuin kyseisen ymp\u00e4rist\u00f6n &hellip; <a href=\"https:\/\/coursepages2.tuni.fi\/mtta1-latex\/jatko\/laskurit\/\" class=\"more-link\">Jatka artikkeliin <span class=\"screen-reader-text\">Laskurit<\/span><\/a><\/p>\n","protected":false},"author":38,"featured_media":0,"parent":112,"menu_order":4,"comment_status":"closed","ping_status":"closed","template":"","meta":{"footnotes":""},"class_list":["post-167","page","type-page","status-publish","hentry"],"_links":{"self":[{"href":"https:\/\/coursepages2.tuni.fi\/mtta1-latex\/wp-json\/wp\/v2\/pages\/167","targetHints":{"allow":["GET"]}}],"collection":[{"href":"https:\/\/coursepages2.tuni.fi\/mtta1-latex\/wp-json\/wp\/v2\/pages"}],"about":[{"href":"https:\/\/coursepages2.tuni.fi\/mtta1-latex\/wp-json\/wp\/v2\/types\/page"}],"author":[{"embeddable":true,"href":"https:\/\/coursepages2.tuni.fi\/mtta1-latex\/wp-json\/wp\/v2\/users\/38"}],"replies":[{"embeddable":true,"href":"https:\/\/coursepages2.tuni.fi\/mtta1-latex\/wp-json\/wp\/v2\/comments?post=167"}],"version-history":[{"count":15,"href":"https:\/\/coursepages2.tuni.fi\/mtta1-latex\/wp-json\/wp\/v2\/pages\/167\/revisions"}],"predecessor-version":[{"id":911,"href":"https:\/\/coursepages2.tuni.fi\/mtta1-latex\/wp-json\/wp\/v2\/pages\/167\/revisions\/911"}],"up":[{"embeddable":true,"href":"https:\/\/coursepages2.tuni.fi\/mtta1-latex\/wp-json\/wp\/v2\/pages\/112"}],"wp:attachment":[{"href":"https:\/\/coursepages2.tuni.fi\/mtta1-latex\/wp-json\/wp\/v2\/media?parent=167"}],"curies":[{"name":"wp","href":"https:\/\/api.w.org\/{rel}","templated":true}]}}