{"id":149,"date":"2017-09-29T15:35:45","date_gmt":"2017-09-29T12:35:45","guid":{"rendered":"https:\/\/coursepages.uta.fi\/mtta1-latex\/?page_id=149"},"modified":"2021-01-09T10:42:57","modified_gmt":"2021-01-09T08:42:57","slug":"korostukset","status":"publish","type":"page","link":"https:\/\/coursepages2.tuni.fi\/mtta1-latex\/matematiikka\/korostukset\/","title":{"rendered":"Korostukset matematiikkatilassa"},"content":{"rendered":"<p>T\u00e4h\u00e4n sivuun liittyv\u00e4t esimerkkitiedostot <a href=\"https:\/\/webpages.tuni.fi\/latex\/korostukset_m.tex\">korostukset_m.tex<\/a> ja <a href=\"https:\/\/webpages.tuni.fi\/latex\/korostukset_m.pdf\">korostukset_m.pdf<\/a>.<\/p>\n<p>Matemaattisten merkkien valikoimaa on tapana laajentaa erilaisilla korostuskeinoilla: tarkkeilla, fonteilla, lihavoinnilla jne. N\u00e4it\u00e4 korostuksia varten on LaTeXin matematiikkatilassa omat komentonsa. Tekstitilan korostuskeinoja ei pid\u00e4 k\u00e4ytt\u00e4\u00e4 matemaattisten merkkien yhteydess\u00e4.<\/p>\n<p>Matematiikkatilan tarkkeita varten on k\u00e4ytett\u00e4viss\u00e4 seuraavat komennot:<\/p>\n<pre style=\"background-color: #f8f8f8;border: 1px solid #aaa;padding: 0.5em 0.6em 0.6em 0.7em\">$\\hat{a}$,    $\\widehat{a}$, $\\breve{a}$,\n$\\grave{a}$,  $\\bar{a}$,     $\\check{a}$,\n$\\acute{a}$,  $\\tilde{a}$,   $\\widetilde{a}$,\n$\\vec{a}$,    $\\dot{a}$,     $\\ddot{a}$,\n$\\dddot{a}$,  $\\ddddot{a}$,  $\\mathring{a}$.\n<\/pre>\n<p>Komento <code>\\underline<\/code> alleviivaa argumenttinsa; komento <code>\\overline<\/code> tekee vastaavasti viivan argumenttinsa yl\u00e4puolelle.<\/p>\n<pre style=\"background-color: #f8f8f8;border: 1px solid #aaa;padding: 0.5em 0.6em 0.6em 0.7em\">$\\overline{z + w} = \\overline{z} + \\overline{w}$\n<\/pre>\n<p>Matematiikkatilassa on k\u00e4ytett\u00e4viss\u00e4 seuraavat kirjainmuodot ja fontit:<\/p>\n<pre style=\"background-color: #f8f8f8;border: 1px solid #aaa;padding: 0.5em 0.6em 0.6em 0.7em\">$\\mathnormal{ABCabc}$ % normaali kirjainmuoto, yleens\u00e4 kursiivi\n$\\mathit{ABCabc}$     % kursiivi\n$\\mathrm{ABCabc}$     % pystyt kirjaimet\n$\\mathsf{ABCabc}$     % groteski eli p\u00e4\u00e4tteet\u00f6n fontti\n$\\mathtt{ABCabc}$     % tasalevyinen fontti\n$\\mathbf{ABCabc}$     % lihava\n$\\bm{ABCabc}$         % lihava kursiivi\n$\\mathcal{ABC}$       % kalligrafiset kirjaimet \n$\\mathbb{ABC}$        % ns. liitutaululihavointi\n$\\mathfrak{ABCabc}$   % fraktuura\n<\/pre>\n<p>Huomaa, ett\u00e4 <code>$\\mathnormal{a}$<\/code> on sama kuin <code>$a$<\/code>, mutta eri kuin <code>$\\mathit{a}$<\/code>. Komento <code>\\bm<\/code> vaatii makropaketin bm k\u00e4ytt\u00f6\u00e4. Komennot <code>\\mathcal<\/code> ja <code>\\mathbb<\/code> toimivat vain isojen kirjainten A,\u2026,Z kanssa. Esimerkkej\u00e4:<\/p>\n<pre style=\"background-color: #f8f8f8;border: 1px solid #aaa;padding: 0.5em 0.6em 0.6em 0.7em\">$\\mathit{prev} := \\mathbf{nil}$,\n$\\mathrm{Fe_2^{2+} Cr_2 O_4}$,\n$\\bm{A}^\\mathrm{T}$,\n$\\mathbb{Q} \\subset \\mathbb{R}$,\n$A \\in \\mathcal{A}$,\n$A \\in \\mathfrak{M}(\\mu)$.\n<\/pre>\n","protected":false},"excerpt":{"rendered":"<p>T\u00e4h\u00e4n sivuun liittyv\u00e4t esimerkkitiedostot korostukset_m.tex ja korostukset_m.pdf. Matemaattisten merkkien valikoimaa on tapana laajentaa erilaisilla korostuskeinoilla: tarkkeilla, fonteilla, lihavoinnilla jne. N\u00e4it\u00e4 korostuksia varten on LaTeXin matematiikkatilassa omat komentonsa. Tekstitilan korostuskeinoja ei pid\u00e4 k\u00e4ytt\u00e4\u00e4 matemaattisten merkkien yhteydess\u00e4. Matematiikkatilan tarkkeita varten on k\u00e4ytett\u00e4viss\u00e4 seuraavat komennot: $\\hat{a}$, $\\widehat{a}$, $\\breve{a}$, $\\grave{a}$, $\\bar{a}$, $\\check{a}$, $\\acute{a}$, $\\tilde{a}$, $\\widetilde{a}$, $\\vec{a}$, $\\dot{a}$, $\\ddot{a}$, $\\dddot{a}$, &hellip; <a href=\"https:\/\/coursepages2.tuni.fi\/mtta1-latex\/matematiikka\/korostukset\/\" class=\"more-link\">Jatka artikkeliin <span class=\"screen-reader-text\">Korostukset matematiikkatilassa<\/span><\/a><\/p>\n","protected":false},"author":38,"featured_media":0,"parent":109,"menu_order":2,"comment_status":"closed","ping_status":"closed","template":"","meta":{"footnotes":""},"class_list":["post-149","page","type-page","status-publish","hentry"],"_links":{"self":[{"href":"https:\/\/coursepages2.tuni.fi\/mtta1-latex\/wp-json\/wp\/v2\/pages\/149","targetHints":{"allow":["GET"]}}],"collection":[{"href":"https:\/\/coursepages2.tuni.fi\/mtta1-latex\/wp-json\/wp\/v2\/pages"}],"about":[{"href":"https:\/\/coursepages2.tuni.fi\/mtta1-latex\/wp-json\/wp\/v2\/types\/page"}],"author":[{"embeddable":true,"href":"https:\/\/coursepages2.tuni.fi\/mtta1-latex\/wp-json\/wp\/v2\/users\/38"}],"replies":[{"embeddable":true,"href":"https:\/\/coursepages2.tuni.fi\/mtta1-latex\/wp-json\/wp\/v2\/comments?post=149"}],"version-history":[{"count":7,"href":"https:\/\/coursepages2.tuni.fi\/mtta1-latex\/wp-json\/wp\/v2\/pages\/149\/revisions"}],"predecessor-version":[{"id":754,"href":"https:\/\/coursepages2.tuni.fi\/mtta1-latex\/wp-json\/wp\/v2\/pages\/149\/revisions\/754"}],"up":[{"embeddable":true,"href":"https:\/\/coursepages2.tuni.fi\/mtta1-latex\/wp-json\/wp\/v2\/pages\/109"}],"wp:attachment":[{"href":"https:\/\/coursepages2.tuni.fi\/mtta1-latex\/wp-json\/wp\/v2\/media?parent=149"}],"curies":[{"name":"wp","href":"https:\/\/api.w.org\/{rel}","templated":true}]}}