{"id":147,"date":"2017-09-29T15:33:56","date_gmt":"2017-09-29T12:33:56","guid":{"rendered":"https:\/\/coursepages.uta.fi\/mtta1-latex\/?page_id=147"},"modified":"2021-01-09T10:39:12","modified_gmt":"2021-01-09T08:39:12","slug":"ylatunnisteet","status":"publish","type":"page","link":"https:\/\/coursepages2.tuni.fi\/mtta1-latex\/perusteet\/ylatunnisteet\/","title":{"rendered":"Yl\u00e4- ja alatunnisteet"},"content":{"rendered":"<p>T\u00e4h\u00e4n sivuun liittyv\u00e4t esimerkkitiedostot <a href=\"https:\/\/webpages.tuni.fi\/latex\/ylatunnisteet.tex\">ylatunnisteet.tex<\/a> ja <a href=\"https:\/\/webpages.tuni.fi\/latex\/ylatunnisteet.pdf\">ylatunnisteet.pdf<\/a>.<\/p>\n<p>Sivun yl\u00e4- tai alatunnisteeseen sijoitetaan yleens\u00e4 sivunumero sek\u00e4 kunkin luvun, alaluvun tai koko dokumentin otsikko. LaTeXissa yl\u00e4- ja alatunnisteet on toteutettu sivutyylein\u00e4. Tyyli valitaan komennolla <code>\\pagestyle{tyyli}<\/code>, joka vaikuttaa kaikkiin sivuihin nykyisest\u00e4 sivusta l\u00e4htien, tai komennolla <code>\\thispagestyle{tyyli}<\/code>, joka vaikuttaa vain nykyiseen sivuun. K\u00e4ytett\u00e4viss\u00e4 ovat seuraavat sivutyylit:<\/p>\n<dl style=\"margin-left: 0px\">\n<dt><code>empty<\/code><\/dt>\n<dd>Yl\u00e4- ja alatunnisteet ovat tyhji\u00e4.<\/dd>\n<dt><code>plain<\/code><\/dt>\n<dd>Yl\u00e4tunniste on tyhj\u00e4, alatunnisteen keskell\u00e4 on sivunumero. T\u00e4m\u00e4 on dokumenttiluokkien article ja report oletusarvoinen sivutyyli.<\/dd>\n<dt><code>headings<\/code><\/dt>\n<dd>Alatunniste on tyhj\u00e4, yl\u00e4tunnisteessa on luvun tai alaluvun otsikko ja sivunumero. T\u00e4m\u00e4 on dokumettiluokan book oletusarvoinen sivutyyli.<\/dd>\n<dt><code>myheadings<\/code><\/dt>\n<dd>Alatunniste on tyhj\u00e4, yl\u00e4tunnisteessa on k\u00e4ytt\u00e4j\u00e4n m\u00e4\u00e4rittelem\u00e4 teksti ja sivunumero.<\/dd>\n<\/dl>\n<p>Kun k\u00e4ytet\u00e4\u00e4n komennon <code>\\documentclass<\/code> optiota <code>twoside<\/code>, tyyli <code>headings<\/code> sijoittaa parillisten eli aukeaman vasemmanpuoleisten sivujen yl\u00e4tunnisteeseen kunkin luvun otsikon ja parittomien eli aukeaman oikeanpuoleisten sivujen yl\u00e4tunnisteeseen alaluvun otsikon. Optiota <code>oneside<\/code> k\u00e4ytett\u00e4ess\u00e4 yl\u00e4tunnisteessa on aina kunkin alaluvun otsikko. Dokumenttiluokissa report ja book kunkin luvun ensimm\u00e4isen sivun tyyli on kuitenkin <code>plain<\/code>.<\/p>\n<p>Sivutyyliss\u00e4 <code>myheadings<\/code> yl\u00e4tunnisteisiin tuleva teksti asetetaan komennolla <code>\\markboth{vasen}{oikea}<\/code>, joka asettaa aukeaman molempien sivujen yl\u00e4tunnisteet, tai komennolla <code>\\markright{oikea}<\/code>, joka asettaa vain oikeanpuoleisen sivun yl\u00e4tunnisteen. Yksipuolisissa dokumenteissa k\u00e4ytet\u00e4\u00e4n vain komentoa <code>\\markright<\/code>.<\/p>\n<p>Yl\u00e4- ja alatunnisteiden tyyli\u00e4 voi muokata makropaketilla <a href=\"https:\/\/ctan.org\/pkg\/titleps\" target=\"_blank\" rel=\"noopener noreferrer\">titleps<\/a> tai makropaketilla <a href=\"https:\/\/ctan.org\/pkg\/fancyhdr\" target=\"_blank\" rel=\"noopener noreferrer\">fancyhdr<\/a>. N\u00e4iden lyhyet k\u00e4ytt\u00f6ohjeet on esitetty esimerkkitiedostossa <a href=\"https:\/\/webpages.tuni.fi\/latex\/ylatunnisteet.pdf\">ylatunnisteet.pdf<\/a>.<\/p>\n<h2>Sivunumerointi<\/h2>\n<p>Sivutyyleihin liittyy sivunumerointi. Sivujen numerointitavan voi vaihtaa komennolla <code>\\pagenumbering<\/code>:<\/p>\n<pre style=\"background-color: #f8f8f8;border: 1px solid #aaa;padding: 0.5em 0.6em 0.6em 0.7em\">\\pagenumbering{arabic} % arabialaiset numerot 1,2,3,...\n\\pagenumbering{roman}  % pienet roomalaiset numerot i,ii,iii,...\n\\pagenumbering{Roman}  % isot roomalaiset numerot I,II,III,...\n\\pagenumbering{alph}   % pienaakkoset a,b,c,...\n\\pagenumbering{Alph}   % suuraakkoset A,B,C,...\n<\/pre>\n<p>Komento <code>\\pagenumbering<\/code> aloittaa sivunumeroinnin alusta ja sen vaikutus alkaa silt\u00e4 sivulta, jolla komento on annettu.<\/p>\n","protected":false},"excerpt":{"rendered":"<p>T\u00e4h\u00e4n sivuun liittyv\u00e4t esimerkkitiedostot ylatunnisteet.tex ja ylatunnisteet.pdf. Sivun yl\u00e4- tai alatunnisteeseen sijoitetaan yleens\u00e4 sivunumero sek\u00e4 kunkin luvun, alaluvun tai koko dokumentin otsikko. LaTeXissa yl\u00e4- ja alatunnisteet on toteutettu sivutyylein\u00e4. Tyyli valitaan komennolla \\pagestyle{tyyli}, joka vaikuttaa kaikkiin sivuihin nykyisest\u00e4 sivusta l\u00e4htien, tai komennolla \\thispagestyle{tyyli}, joka vaikuttaa vain nykyiseen sivuun. K\u00e4ytett\u00e4viss\u00e4 ovat seuraavat sivutyylit: empty Yl\u00e4- ja &hellip; <a href=\"https:\/\/coursepages2.tuni.fi\/mtta1-latex\/perusteet\/ylatunnisteet\/\" class=\"more-link\">Jatka artikkeliin <span class=\"screen-reader-text\">Yl\u00e4- ja alatunnisteet<\/span><\/a><\/p>\n","protected":false},"author":38,"featured_media":0,"parent":92,"menu_order":10,"comment_status":"closed","ping_status":"closed","template":"","meta":{"footnotes":""},"class_list":["post-147","page","type-page","status-publish","hentry"],"_links":{"self":[{"href":"https:\/\/coursepages2.tuni.fi\/mtta1-latex\/wp-json\/wp\/v2\/pages\/147","targetHints":{"allow":["GET"]}}],"collection":[{"href":"https:\/\/coursepages2.tuni.fi\/mtta1-latex\/wp-json\/wp\/v2\/pages"}],"about":[{"href":"https:\/\/coursepages2.tuni.fi\/mtta1-latex\/wp-json\/wp\/v2\/types\/page"}],"author":[{"embeddable":true,"href":"https:\/\/coursepages2.tuni.fi\/mtta1-latex\/wp-json\/wp\/v2\/users\/38"}],"replies":[{"embeddable":true,"href":"https:\/\/coursepages2.tuni.fi\/mtta1-latex\/wp-json\/wp\/v2\/comments?post=147"}],"version-history":[{"count":11,"href":"https:\/\/coursepages2.tuni.fi\/mtta1-latex\/wp-json\/wp\/v2\/pages\/147\/revisions"}],"predecessor-version":[{"id":752,"href":"https:\/\/coursepages2.tuni.fi\/mtta1-latex\/wp-json\/wp\/v2\/pages\/147\/revisions\/752"}],"up":[{"embeddable":true,"href":"https:\/\/coursepages2.tuni.fi\/mtta1-latex\/wp-json\/wp\/v2\/pages\/92"}],"wp:attachment":[{"href":"https:\/\/coursepages2.tuni.fi\/mtta1-latex\/wp-json\/wp\/v2\/media?parent=147"}],"curies":[{"name":"wp","href":"https:\/\/api.w.org\/{rel}","templated":true}]}}