{"id":145,"date":"2017-09-29T15:29:43","date_gmt":"2017-09-29T12:29:43","guid":{"rendered":"https:\/\/coursepages.uta.fi\/mtta1-latex\/?page_id=145"},"modified":"2021-09-06T22:48:24","modified_gmt":"2021-09-06T19:48:24","slug":"kuvat","status":"publish","type":"page","link":"https:\/\/coursepages2.tuni.fi\/mtta1-latex\/perusteet\/kuvat\/","title":{"rendered":"Kuvat"},"content":{"rendered":"<p>T\u00e4h\u00e4n sivuun liittyv\u00e4t esimerkkitiedostot <a href=\"https:\/\/webpages.tuni.fi\/latex\/kuvat.tex\">kuvat.tex<\/a>, <a href=\"https:\/\/webpages.tuni.fi\/latex\/kuvat.pdf\">kuvat.pdf<\/a> ja <a href=\"https:\/\/webpages.tuni.fi\/latex\/esimerkkikuva.pdf\">esimerkkikuva.pdf<\/a>.<\/p>\n<p>LaTeX-dokumenttiin voi lis\u00e4t\u00e4 muilla ohjelmilla tehtyj\u00e4 kuvatiedostoja makropaketin graphicx komennolla <code>\\includegraphics<\/code>.<\/p>\n<pre style=\"background-color: #f8f8f8;border: 1px solid #aaa;padding: 0.5em 0.6em 0.6em 0.7em\">\\usepackage{graphicx}\r\n\\begin{document}\r\n\\begin{center}\r\n    \\includegraphics{kuva}\r\n\\end{center}\r\n<\/pre>\n<p>Jos LaTeX-tiedosto k\u00e4\u00e4nnet\u00e4\u00e4n pdf-muotoon, niin kuvatiedostojen on oltava pdf-, jpg-, png- tai mps-muotoisia (mps = <a href=\"https:\/\/www.tug.org\/metapost.html\" target=\"_blank\" rel=\"noopener noreferrer\">MetaPost<\/a>). Jos LaTeX tiedosto k\u00e4\u00e4nnet\u00e4\u00e4n dvi- tai PostScript-muotoon, on kuvatiedostojen oltava eps-muotoisia (eps = Encapsulated PostScript).<\/p>\n<h2>Kelluvat kuvat<\/h2>\n<p>Kuvasta tehd\u00e4\u00e4n kelluva, kun se sijoitetaan ymp\u00e4rist\u00f6n <code>figure<\/code> sis\u00e4\u00e4n. T\u00e4ll\u00f6in LaTeX valitsee kuvan paikan ottaen huomioon ymp\u00e4rist\u00f6n <code>figure<\/code> valinnaisessa argumentissa olevat toiveet:<\/p>\n<ul>\n<li><code>h<\/code> = here (t\u00e4h\u00e4n)<\/li>\n<li><code>t<\/code> = top (sivun alkuun)<\/li>\n<li><code>b<\/code> = bottom (sivun loppuun)<\/li>\n<li><code>p<\/code> = page (omalle sivulleen).<\/li>\n<\/ul>\n<p>Oletusarvona on <code>[tbp]<\/code>. Huutomerkki valinnaisessa argumentissa poistaa tilap\u00e4isesti rajoitukset, joita LaTeX k\u00e4ytt\u00e4\u00e4 kelluvien kuvien sijoittamisessa. Esimerkiksi <code>[ht!]<\/code>.<\/p>\n<p>Komento <code>\\caption<\/code> numeroi kelluvan kuvan ja tekee sille otsikon. Jos kuvaan halutaan viitata muualta dokumentista, niin tarvittava <code>\\label<\/code>-komento on sijoitettava v\u00e4litt\u00f6m\u00e4sti komennon <code>\\caption<\/code> j\u00e4lkeen.<\/p>\n<pre style=\"background-color: #f8f8f8;border: 1px solid #aaa;padding: 0.5em 0.6em 0.6em 0.7em\">\\begin{figure}[ht]\r\n\\centering\r\n\\includegraphics{kuva}\r\n\\caption{Otsikko kuvan alapuolella.}%\r\n\\label{fig: esimerkkikuva}\r\n\\end{figure}\r\n<\/pre>\n<p>Yksityiskohtaisemmat ohjeet kuvatiedostojen k\u00e4yt\u00f6st\u00e4 LaTeX-dokumenteissa l\u00f6ytyv\u00e4t oppaasta <a title=\"pdf-tiedosto 932 kt\" href=\"https:\/\/mirror.ctan.org\/info\/epslatex\/english\/epslatex.pdf\" target=\"_blank\" rel=\"noopener noreferrer\">Using Imported Graphics in LaTeX and pdfLaTeX<\/a>.<\/p>\n<h2>Piirtokomennot<\/h2>\n<p>Kuvia voi tehd\u00e4 my\u00f6s er\u00e4iden makropakettien m\u00e4\u00e4rittelemill\u00e4 piirtokomennoilla. T\u00e4llaisia makropaketteja ovat\u00a0<a href=\"https:\/\/webpages.tuni.fi\/latex\/tikz-ohje.pdf\">TikZ<\/a> ja <a href=\"https:\/\/tug.org\/PSTricks\/main.cgi\/\" target=\"_blank\" rel=\"noopener noreferrer\">PSTricks<\/a>.<\/p>\n","protected":false},"excerpt":{"rendered":"<p>T\u00e4h\u00e4n sivuun liittyv\u00e4t esimerkkitiedostot kuvat.tex, kuvat.pdf ja esimerkkikuva.pdf. LaTeX-dokumenttiin voi lis\u00e4t\u00e4 muilla ohjelmilla tehtyj\u00e4 kuvatiedostoja makropaketin graphicx komennolla \\includegraphics. \\usepackage{graphicx} \\begin{document} \\begin{center} \\includegraphics{kuva} \\end{center} Jos LaTeX-tiedosto k\u00e4\u00e4nnet\u00e4\u00e4n pdf-muotoon, niin kuvatiedostojen on oltava pdf-, jpg-, png- tai mps-muotoisia (mps = MetaPost). Jos LaTeX tiedosto k\u00e4\u00e4nnet\u00e4\u00e4n dvi- tai PostScript-muotoon, on kuvatiedostojen oltava eps-muotoisia (eps = Encapsulated PostScript). &hellip; <a href=\"https:\/\/coursepages2.tuni.fi\/mtta1-latex\/perusteet\/kuvat\/\" class=\"more-link\">Jatka artikkeliin <span class=\"screen-reader-text\">Kuvat<\/span><\/a><\/p>\n","protected":false},"author":38,"featured_media":0,"parent":92,"menu_order":9,"comment_status":"closed","ping_status":"closed","template":"","meta":{"footnotes":""},"class_list":["post-145","page","type-page","status-publish","hentry"],"_links":{"self":[{"href":"https:\/\/coursepages2.tuni.fi\/mtta1-latex\/wp-json\/wp\/v2\/pages\/145","targetHints":{"allow":["GET"]}}],"collection":[{"href":"https:\/\/coursepages2.tuni.fi\/mtta1-latex\/wp-json\/wp\/v2\/pages"}],"about":[{"href":"https:\/\/coursepages2.tuni.fi\/mtta1-latex\/wp-json\/wp\/v2\/types\/page"}],"author":[{"embeddable":true,"href":"https:\/\/coursepages2.tuni.fi\/mtta1-latex\/wp-json\/wp\/v2\/users\/38"}],"replies":[{"embeddable":true,"href":"https:\/\/coursepages2.tuni.fi\/mtta1-latex\/wp-json\/wp\/v2\/comments?post=145"}],"version-history":[{"count":16,"href":"https:\/\/coursepages2.tuni.fi\/mtta1-latex\/wp-json\/wp\/v2\/pages\/145\/revisions"}],"predecessor-version":[{"id":818,"href":"https:\/\/coursepages2.tuni.fi\/mtta1-latex\/wp-json\/wp\/v2\/pages\/145\/revisions\/818"}],"up":[{"embeddable":true,"href":"https:\/\/coursepages2.tuni.fi\/mtta1-latex\/wp-json\/wp\/v2\/pages\/92"}],"wp:attachment":[{"href":"https:\/\/coursepages2.tuni.fi\/mtta1-latex\/wp-json\/wp\/v2\/media?parent=145"}],"curies":[{"name":"wp","href":"https:\/\/api.w.org\/{rel}","templated":true}]}}