{"id":143,"date":"2017-09-29T15:28:50","date_gmt":"2017-09-29T12:28:50","guid":{"rendered":"https:\/\/coursepages.uta.fi\/mtta1-latex\/?page_id=143"},"modified":"2022-08-13T17:01:58","modified_gmt":"2022-08-13T14:01:58","slug":"taulukot","status":"publish","type":"page","link":"https:\/\/coursepages2.tuni.fi\/mtta1-latex\/perusteet\/taulukot\/","title":{"rendered":"Taulukot"},"content":{"rendered":"<p>T\u00e4h\u00e4n sivuun liittyv\u00e4t esimerkkitiedostot <a href=\"https:\/\/webpages.tuni.fi\/latex\/taulukot.tex\">taulukot.tex<\/a> ja <a href=\"https:\/\/webpages.tuni.fi\/latex\/taulukot.pdf\">taulukot.pdf<\/a>.<\/p>\n<p>Taulukoiden tekemist\u00e4 varten LaTeXissa on ymp\u00e4rist\u00f6 <code>tabular<\/code>.<\/p>\n<pre style=\"background-color: #f8f8f8;border: 1px solid #aaa;padding: 0.5em 0.6em 0.6em 0.7em\">\\begin{center}\r\n\\begin{tabular}[t]{|l|r|c|}\r\n    \\hline\r\n    Aine  &amp; M\u00e4\u00e4r\u00e4 &amp; \\% \\\\\r\n    \\hline\r\n    happi &amp; 43000 &amp; 61 \\\\\r\n    hiili &amp; 16000 &amp; 23 \\\\\r\n    vety  &amp;  7000 &amp; 10 \\\\\r\n    \\hline\r\n\\end{tabular}\r\n\\end{center}\r\n<\/pre>\n<p>Ymp\u00e4rist\u00f6n pakollinen argumentti sis\u00e4lt\u00e4\u00e4 sarakkeiden muotoilum\u00e4\u00e4reet, miss\u00e4<\/p>\n<ul>\n<li>kutakin saraketta merkit\u00e4\u00e4n kirjaimella <code>l<\/code>, <code>c<\/code>, <code>r<\/code> tai <code>p{leveys}<\/code> sen mukaan, tasataanko sarakkeen sis\u00e4lt\u00f6 vasemmalle, keskelle vai oikealle vai ladotaanko se m\u00e4\u00e4r\u00e4tyn levyiseen palstaan<\/li>\n<li>merkill\u00e4 <code>|<\/code> sarakkeiden v\u00e4liin piirret\u00e4\u00e4n pystysuora viiva<\/li>\n<li>sarakkeiden v\u00e4liin saadaan haluttu teksti kirjoittamalla <code>@{teksti}<\/code><\/li>\n<li><code>*{<\/code><em>n<\/em><code>}{<\/code><em>muotoilum\u00e4\u00e4re<\/em><code>}<\/code> toistaa kyseisen muotoilum\u00e4\u00e4reen <em>n<\/em> kertaa. Esimerkiksi <code>*{7}{|c}|<\/code> on sama kuin <code>|c|c|c|c|c|c|c|<\/code>.<\/li>\n<\/ul>\n<p>Taulukon sis\u00e4ll\u00e4 sarakkeiden erottimena k\u00e4ytet\u00e4\u00e4n <code>&amp;<\/code>-merkki\u00e4 ja rivien erottimena komentoa <code>\\\\<\/code>. Rivien v\u00e4liin saadaan vaakasuora viiva komennolla <code>\\hline<\/code>. Jos vaakasuora viiva halutaan esimerkiksi vain toisen ja kolmannen sarakkeen kohdalle, k\u00e4ytet\u00e4\u00e4n komentoa <code>\\cline{2-3}<\/code>. Komento <code>\\vline<\/code> taulukon solussa piirt\u00e4\u00e4 rivin korkuisen pystysuoran viivan. T\u00e4ll\u00e4 voi tehd\u00e4 pystysuoria viivoja, jotka eiv\u00e4t ulotu koko taulukon yl\u00e4reunasta alareunaan.<\/p>\n<p>Ymp\u00e4rist\u00f6ll\u00e4 <code>tabular<\/code> on my\u00f6s valinnainen argumentti, jonka perusteella taulukon yl\u00e4reuna\u00a0<code>[t]<\/code>, keskikohta <code>[c]<\/code> tai alareuna\u00a0<code>[b]<\/code> tasataan ymp\u00e4r\u00f6iv\u00e4n tekstin perusviivaan. T\u00e4ll\u00e4 on merkityst\u00e4 esimerkiksi silloin, kun taulukoita sijoitetaan rinnakkain.<\/p>\n<p>Taulukon soluja voi yhdist\u00e4\u00e4 sarakkeittain komennolla <code>\\multicolumn<\/code>, jolla on kolme argumenttia: yhdistett\u00e4vien solujen lukum\u00e4\u00e4r\u00e4, yhdistetyn solun muotoilum\u00e4\u00e4re ja yhdistetyn solun sis\u00e4lt\u00f6.<\/p>\n<pre style=\"background-color: #f8f8f8;border: 1px solid #aaa;padding: 0.5em 0.6em 0.6em 0.7em\">\\begin{tabular}{lll}\r\n    \\hline\r\n    &amp; \\multicolumn{2}{c}{SI-yksikk\u00f6} \\\\\r\n    \\cline{2-3}\r\n    Suure  &amp; Nimi       &amp; Tunnus \\\\\r\n    \\hline\r\n    pituus &amp; metri      &amp; m  \\\\\r\n    massa  &amp; kilogramma &amp; kg \\\\\r\n    \\hline\r\n\\end{tabular}\r\n<\/pre>\n<h2>Kelluvat taulukot<\/h2>\n<p>Taulukosta tehd\u00e4\u00e4n kelluva, kun se sijoitetaan ymp\u00e4rist\u00f6n <code>table<\/code> sis\u00e4\u00e4n. T\u00e4ll\u00f6in LaTeX valitsee taulukon paikan ottaen huomioon ymp\u00e4rist\u00f6n <code>table<\/code> valinnaisessa argumentissa olevat toiveet:<\/p>\n<ul>\n<li><code>h<\/code> = here (t\u00e4h\u00e4n)<\/li>\n<li><code>t<\/code> = top (sivun alkuun)<\/li>\n<li><code>b<\/code> = bottom (sivun loppuun)<\/li>\n<li><code>p<\/code> = page (omalle sivulleen).<\/li>\n<\/ul>\n<p>Oletusarvona on <code>[tbp]<\/code>. Huutomerkki valinnaisessa argumentissa poistaa tilap\u00e4isesti rajoitukset, joita LaTeX k\u00e4ytt\u00e4\u00e4 kelluvien taulukoiden sijoittamisessa. Esimerkiksi <code>[ht!]<\/code>.<\/p>\n<p>Komento <code>\\caption<\/code> numeroi kelluvan taulukon ja tekee sille otsikon. Jos taulukkoon halutaan viitata muualta dokumentista, niin tarvittava <code>\\label<\/code>-komento on sijoitettava v\u00e4litt\u00f6m\u00e4sti komennon <code>\\caption<\/code> j\u00e4lkeen.<\/p>\n<pre style=\"background-color: #f8f8f8;border: 1px solid #aaa;padding: 0.5em 0.6em 0.6em 0.7em\">\\begin{table}[ht]\r\n\\centering\r\n\\caption{Otsikko taulukon yl\u00e4puolella.}%\r\n\\label{tab: esimerkkitaulukko}\r\n\\begin{tabular}[t]{lcc}\r\n    \\hline\r\n           &amp; Sarake A &amp; Sarake B \\\\\r\n    \\hline\r\n    Rivi 1 &amp; solu A1  &amp; solu B1 \\\\\r\n    Rivi 2 &amp; Solu A2  &amp; solu B2 \\\\\r\n    \\hline\r\n\\end{tabular}\r\n\\end{table}\r\n<\/pre>\n","protected":false},"excerpt":{"rendered":"<p>T\u00e4h\u00e4n sivuun liittyv\u00e4t esimerkkitiedostot taulukot.tex ja taulukot.pdf. Taulukoiden tekemist\u00e4 varten LaTeXissa on ymp\u00e4rist\u00f6 tabular. \\begin{center} \\begin{tabular}[t]{|l|r|c|} \\hline Aine &amp; M\u00e4\u00e4r\u00e4 &amp; \\% \\\\ \\hline happi &amp; 43000 &amp; 61 \\\\ hiili &amp; 16000 &amp; 23 \\\\ vety &amp; 7000 &amp; 10 \\\\ \\hline \\end{tabular} \\end{center} Ymp\u00e4rist\u00f6n pakollinen argumentti sis\u00e4lt\u00e4\u00e4 sarakkeiden muotoilum\u00e4\u00e4reet, miss\u00e4 kutakin saraketta merkit\u00e4\u00e4n &hellip; <a href=\"https:\/\/coursepages2.tuni.fi\/mtta1-latex\/perusteet\/taulukot\/\" class=\"more-link\">Jatka artikkeliin <span class=\"screen-reader-text\">Taulukot<\/span><\/a><\/p>\n","protected":false},"author":38,"featured_media":0,"parent":92,"menu_order":8,"comment_status":"closed","ping_status":"closed","template":"","meta":{"footnotes":""},"class_list":["post-143","page","type-page","status-publish","hentry"],"_links":{"self":[{"href":"https:\/\/coursepages2.tuni.fi\/mtta1-latex\/wp-json\/wp\/v2\/pages\/143","targetHints":{"allow":["GET"]}}],"collection":[{"href":"https:\/\/coursepages2.tuni.fi\/mtta1-latex\/wp-json\/wp\/v2\/pages"}],"about":[{"href":"https:\/\/coursepages2.tuni.fi\/mtta1-latex\/wp-json\/wp\/v2\/types\/page"}],"author":[{"embeddable":true,"href":"https:\/\/coursepages2.tuni.fi\/mtta1-latex\/wp-json\/wp\/v2\/users\/38"}],"replies":[{"embeddable":true,"href":"https:\/\/coursepages2.tuni.fi\/mtta1-latex\/wp-json\/wp\/v2\/comments?post=143"}],"version-history":[{"count":11,"href":"https:\/\/coursepages2.tuni.fi\/mtta1-latex\/wp-json\/wp\/v2\/pages\/143\/revisions"}],"predecessor-version":[{"id":881,"href":"https:\/\/coursepages2.tuni.fi\/mtta1-latex\/wp-json\/wp\/v2\/pages\/143\/revisions\/881"}],"up":[{"embeddable":true,"href":"https:\/\/coursepages2.tuni.fi\/mtta1-latex\/wp-json\/wp\/v2\/pages\/92"}],"wp:attachment":[{"href":"https:\/\/coursepages2.tuni.fi\/mtta1-latex\/wp-json\/wp\/v2\/media?parent=143"}],"curies":[{"name":"wp","href":"https:\/\/api.w.org\/{rel}","templated":true}]}}