{"id":141,"date":"2017-09-29T15:27:23","date_gmt":"2017-09-29T12:27:23","guid":{"rendered":"https:\/\/coursepages.uta.fi\/mtta1-latex\/?page_id=141"},"modified":"2022-08-13T13:16:28","modified_gmt":"2022-08-13T10:16:28","slug":"tekstiymparistot","status":"publish","type":"page","link":"https:\/\/coursepages2.tuni.fi\/mtta1-latex\/perusteet\/tekstiymparistot\/","title":{"rendered":"Tekstiymp\u00e4rist\u00f6t"},"content":{"rendered":"<p>T\u00e4h\u00e4n sivuun liittyv\u00e4t esimerkkitiedostot <a href=\"https:\/\/webpages.tuni.fi\/latex\/tekstiymparistot.tex\">tekstiymparistot.tex<\/a> ja <a href=\"https:\/\/webpages.tuni.fi\/latex\/tekstiymparistot.pdf\">tekstiymparistot.pdf<\/a>.<\/p>\n<h2>Tekstin tasaus keskelle, oikealle tai vasemmalle<\/h2>\n<p>Ymp\u00e4rist\u00f6 <code>center<\/code> tai komento <code>\\centering<\/code> keskitt\u00e4\u00e4 rivit palstan keskelle:<\/p>\n<pre style=\"background-color: #f8f8f8;border: 1px solid #aaa;padding: 0.5em 0.6em 0.6em 0.7em\">\\begin{center}\r\n    T\u00e4m\u00e4 on keskell\u00e4.\r\n\\end{center}\r\n<\/pre>\n<p>Ymp\u00e4rist\u00f6 <code>flushright<\/code>\u00a0tai komento <code>\\raggedleft<\/code>\u00a0tasaa rivit palstan oikeaan reunaan:<\/p>\n<pre style=\"background-color: #f8f8f8;border: 1px solid #aaa;padding: 0.5em 0.6em 0.6em 0.7em\">\\begin{flushright}\r\n    T\u00e4m\u00e4 on oikeassa reunassa.\r\n\\end{flushright}\r\n<\/pre>\n<p>Ymp\u00e4rist\u00f6 <code>flushleft<\/code>\u00a0tai komento <code>\\raggedright<\/code>\u00a0tasaa rivit palstan vasempaan reunaan:<\/p>\n<pre style=\"background-color: #f8f8f8;border: 1px solid #aaa;padding: 0.5em 0.6em 0.6em 0.7em\">\\begin{flushleft}\r\n    T\u00e4m\u00e4 on vasemmassa reunassa.\r\n\\end{flushleft}\r\n<\/pre>\n<p>N\u00e4m\u00e4 kolme ymp\u00e4rist\u00f6\u00e4 ja komentoa eiv\u00e4t tavuta teksti\u00e4. Makropaketti <a href=\"https:\/\/www.ctan.org\/pkg\/ragged2e\" target=\"_blank\" rel=\"noopener\">ragged2e<\/a> m\u00e4\u00e4rittelee vastaavanlaiset ymp\u00e4rist\u00f6t ja komennot, jotka tavuttavat tekstin automaattisesti.<\/p>\n<h2><a name=\"quote\"><\/a>Lainaukset<\/h2>\n<p>Ymp\u00e4rist\u00f6ill\u00e4 <code>quote<\/code> ja <code>quotation<\/code> voi kirjoittaa lainauksia. N\u00e4m\u00e4 ymp\u00e4rist\u00f6t kaventavat palstan leveytt\u00e4 ja erottavat lainatun osan muusta tekstist\u00e4 tyhj\u00e4ll\u00e4 v\u00e4lill\u00e4:<\/p>\n<pre style=\"background-color: #f8f8f8;border: 1px solid #aaa;padding: 0.5em 0.6em 0.6em 0.7em\">\\begin{quote}\r\n    Ymp\u00e4rist\u00f6 quote sopii lyhyisiin lainauksiin.\r\n\\end{quote}\r\n\\begin{quotation}\r\n    Ymp\u00e4rist\u00f6 quotation sopii useiden kappaleiden\r\n    mittaisiin lainauksiin, koska se sisent\u00e4\u00e4\r\n    kappaleiden alut.\r\n\\end{quotation}\r\n<\/pre>\n<h2>LaTeX-koodin tulostaminen<\/h2>\n<p>Ymp\u00e4rist\u00f6 <code>verbatim<\/code> tulostaa sis\u00e4lt\u00f6ns\u00e4 k\u00e4ytt\u00e4en tasalevyist\u00e4 fonttia. Mit\u00e4\u00e4n komentoja ei t\u00e4ss\u00e4 ymp\u00e4rist\u00f6ss\u00e4 k\u00e4sitell\u00e4, ja kaikki v\u00e4lily\u00f6nnit ja rivinvaihdot tulostuvat sellaisinaan. Tekstikappaleen sis\u00e4ll\u00e4 voi vastaavasti k\u00e4ytt\u00e4\u00e4 komentoa <code>\\verb<\/code>, jonka argumentti sijoitetaan poikkeuksellisesti kahden saman merkin\u00a0v\u00e4liin. Kyseiseksi merkiksi ei kuitenkaan k\u00e4y kirjain eik\u00e4 t\u00e4hti <code>*<\/code>.<\/p>\n<pre style=\"background-color: #f8f8f8;border: 1px solid #aaa;padding: 0.5em 0.6em 0.6em 0.7em\">Komennon \\verb|\\TeX| m\u00e4\u00e4rittely on\r\n\\begin{verbatim}\r\n    \\def\\TeX{T\\kern-.1667em\\lower.5ex\\hbox{E}\\kern-.125emX\\@}\r\n\\end{verbatim}\r\n<\/pre>\n<h2>Otsikkosivu<\/h2>\n<p>Ymp\u00e4rist\u00f6ll\u00e4 <code>titlepage<\/code> voi tehd\u00e4 dokumentille\u00a0vapaasti muotoillun otsikkosivun:<\/p>\n<pre style=\"background-color: #f8f8f8;border: 1px solid #aaa;padding: 0.5em 0.6em 0.6em 0.7em\">\\begin{titlepage}\r\n\\centering\r\n\\vspace*{7cm}\r\n\\large\\textsc{Oma Nimi}\\\\[1cm]\r\n\\Huge\\textbf{Iso lihava otsikko}\r\n\\end{titlepage}\r\n<\/pre>\n<p>Komento <code>\\vspace*{7cm}<\/code> tekee tyhj\u00e4\u00e4 tilaa sivun alkuun. Komennot <code>\\large<\/code> ja <code>\\Huge<\/code> muuttavat tekstin kokoa. Rivinvaihtokomennon <code>\\\\<\/code> valinnaisella argumentilla <code>[1cm]<\/code> lis\u00e4t\u00e4\u00e4n 1 cm tyhj\u00e4\u00e4 tilaa rivien v\u00e4liin.<\/p>\n","protected":false},"excerpt":{"rendered":"<p>T\u00e4h\u00e4n sivuun liittyv\u00e4t esimerkkitiedostot tekstiymparistot.tex ja tekstiymparistot.pdf. Tekstin tasaus keskelle, oikealle tai vasemmalle Ymp\u00e4rist\u00f6 center tai komento \\centering keskitt\u00e4\u00e4 rivit palstan keskelle: \\begin{center} T\u00e4m\u00e4 on keskell\u00e4. \\end{center} Ymp\u00e4rist\u00f6 flushright\u00a0tai komento \\raggedleft\u00a0tasaa rivit palstan oikeaan reunaan: \\begin{flushright} T\u00e4m\u00e4 on oikeassa reunassa. \\end{flushright} Ymp\u00e4rist\u00f6 flushleft\u00a0tai komento \\raggedright\u00a0tasaa rivit palstan vasempaan reunaan: \\begin{flushleft} T\u00e4m\u00e4 on vasemmassa reunassa. \\end{flushleft} &hellip; <a href=\"https:\/\/coursepages2.tuni.fi\/mtta1-latex\/perusteet\/tekstiymparistot\/\" class=\"more-link\">Jatka artikkeliin <span class=\"screen-reader-text\">Tekstiymp\u00e4rist\u00f6t<\/span><\/a><\/p>\n","protected":false},"author":38,"featured_media":0,"parent":92,"menu_order":7,"comment_status":"closed","ping_status":"closed","template":"","meta":{"footnotes":""},"class_list":["post-141","page","type-page","status-publish","hentry"],"_links":{"self":[{"href":"https:\/\/coursepages2.tuni.fi\/mtta1-latex\/wp-json\/wp\/v2\/pages\/141","targetHints":{"allow":["GET"]}}],"collection":[{"href":"https:\/\/coursepages2.tuni.fi\/mtta1-latex\/wp-json\/wp\/v2\/pages"}],"about":[{"href":"https:\/\/coursepages2.tuni.fi\/mtta1-latex\/wp-json\/wp\/v2\/types\/page"}],"author":[{"embeddable":true,"href":"https:\/\/coursepages2.tuni.fi\/mtta1-latex\/wp-json\/wp\/v2\/users\/38"}],"replies":[{"embeddable":true,"href":"https:\/\/coursepages2.tuni.fi\/mtta1-latex\/wp-json\/wp\/v2\/comments?post=141"}],"version-history":[{"count":11,"href":"https:\/\/coursepages2.tuni.fi\/mtta1-latex\/wp-json\/wp\/v2\/pages\/141\/revisions"}],"predecessor-version":[{"id":880,"href":"https:\/\/coursepages2.tuni.fi\/mtta1-latex\/wp-json\/wp\/v2\/pages\/141\/revisions\/880"}],"up":[{"embeddable":true,"href":"https:\/\/coursepages2.tuni.fi\/mtta1-latex\/wp-json\/wp\/v2\/pages\/92"}],"wp:attachment":[{"href":"https:\/\/coursepages2.tuni.fi\/mtta1-latex\/wp-json\/wp\/v2\/media?parent=141"}],"curies":[{"name":"wp","href":"https:\/\/api.w.org\/{rel}","templated":true}]}}