{"id":139,"date":"2017-09-29T15:24:50","date_gmt":"2017-09-29T12:24:50","guid":{"rendered":"https:\/\/coursepages.uta.fi\/mtta1-latex\/?page_id=139"},"modified":"2021-01-09T10:31:12","modified_gmt":"2021-01-09T08:31:12","slug":"luetelmat","status":"publish","type":"page","link":"https:\/\/coursepages2.tuni.fi\/mtta1-latex\/perusteet\/luetelmat\/","title":{"rendered":"Luetelmat"},"content":{"rendered":"<p>T\u00e4h\u00e4n sivuun liittyv\u00e4t esimerkkitiedostot <a href=\"https:\/\/webpages.tuni.fi\/latex\/luetelmat.tex\">luetelmat.tex<\/a> ja <a href=\"https:\/\/webpages.tuni.fi\/latex\/luetelmat.pdf\">luetelmat.pdf<\/a>.<\/p>\n<p>Numeroitu luetelma tehd\u00e4\u00e4n ymp\u00e4rist\u00f6ll\u00e4 <code>enumerate<\/code>. Kukin luetelmakohta aloitetaan komennolla <code>\\item<\/code>:<\/p>\n<pre style=\"background-color: #f8f8f8;border: 1px solid #aaa;padding: 0.5em 0.6em 0.6em 0.7em\">\\begin{enumerate}\n    \\item ensimm\u00e4inen kohta,\n    \\item luetelmassa on oltava v\u00e4hint\u00e4\u00e4 kaksi kohtaa,\n    \\item kolmas kohta.\n\\end{enumerate}\n<\/pre>\n<p>Numeroimaton luetelma tehd\u00e4\u00e4n ymp\u00e4rist\u00f6ll\u00e4 <code>itemize<\/code>:<\/p>\n<pre style=\"background-color: #f8f8f8;border: 1px solid #aaa;padding: 0.5em 0.6em 0.6em 0.7em\">\\begin{itemize}\n    \\item ensimm\u00e4inen kohta\n    \\item ei pilkkua kohtien v\u00e4liin\n    \\item kolmas kohta.\n\\end{itemize}\n<\/pre>\n<p>Sanaston tyyppinen luetelma tehd\u00e4\u00e4n ymp\u00e4rist\u00f6ll\u00e4 <code>description<\/code>:<\/p>\n<pre style=\"background-color: #f8f8f8;border: 1px solid #aaa;padding: 0.5em 0.6em 0.6em 0.7em\">\\begin{description}\n    \\item[DVI] Device Independent.\n    \\item[PDF] Portable Document Format.\n    \\item[PS] PostScript.\n\\end{description}\n<\/pre>\n<p>Luetelmia voi sisent\u00e4\u00e4 korkeintaan nelj\u00e4lle sis\u00e4kk\u00e4iselle tasolle:<\/p>\n<pre style=\"background-color: #f8f8f8;border: 1px solid #aaa;padding: 0.5em 0.6em 0.6em 0.7em\">\\begin{enumerate}\n    \\item ensimm\u00e4inen kohta\n        \\begin{enumerate}\n            \\item alakohta,\n            \\item alakohta,\n        \\end{enumerate}\n    \\item toinen kohta.\n\\end{enumerate}\n<\/pre>\n<p>Luetelmien ulkoasua voi muokata makropaketilla <a href=\"https:\/\/ctan.org\/pkg\/enumitem\" target=\"_blank\" rel=\"noopener noreferrer\">enumitem<\/a>.<\/p>\n","protected":false},"excerpt":{"rendered":"<p>T\u00e4h\u00e4n sivuun liittyv\u00e4t esimerkkitiedostot luetelmat.tex ja luetelmat.pdf. Numeroitu luetelma tehd\u00e4\u00e4n ymp\u00e4rist\u00f6ll\u00e4 enumerate. Kukin luetelmakohta aloitetaan komennolla \\item: \\begin{enumerate} \\item ensimm\u00e4inen kohta, \\item luetelmassa on oltava v\u00e4hint\u00e4\u00e4 kaksi kohtaa, \\item kolmas kohta. \\end{enumerate} Numeroimaton luetelma tehd\u00e4\u00e4n ymp\u00e4rist\u00f6ll\u00e4 itemize: \\begin{itemize} \\item ensimm\u00e4inen kohta \\item ei pilkkua kohtien v\u00e4liin \\item kolmas kohta. \\end{itemize} Sanaston tyyppinen luetelma tehd\u00e4\u00e4n ymp\u00e4rist\u00f6ll\u00e4 &hellip; <a href=\"https:\/\/coursepages2.tuni.fi\/mtta1-latex\/perusteet\/luetelmat\/\" class=\"more-link\">Jatka artikkeliin <span class=\"screen-reader-text\">Luetelmat<\/span><\/a><\/p>\n","protected":false},"author":38,"featured_media":0,"parent":92,"menu_order":6,"comment_status":"closed","ping_status":"closed","template":"","meta":{"footnotes":""},"class_list":["post-139","page","type-page","status-publish","hentry"],"_links":{"self":[{"href":"https:\/\/coursepages2.tuni.fi\/mtta1-latex\/wp-json\/wp\/v2\/pages\/139","targetHints":{"allow":["GET"]}}],"collection":[{"href":"https:\/\/coursepages2.tuni.fi\/mtta1-latex\/wp-json\/wp\/v2\/pages"}],"about":[{"href":"https:\/\/coursepages2.tuni.fi\/mtta1-latex\/wp-json\/wp\/v2\/types\/page"}],"author":[{"embeddable":true,"href":"https:\/\/coursepages2.tuni.fi\/mtta1-latex\/wp-json\/wp\/v2\/users\/38"}],"replies":[{"embeddable":true,"href":"https:\/\/coursepages2.tuni.fi\/mtta1-latex\/wp-json\/wp\/v2\/comments?post=139"}],"version-history":[{"count":11,"href":"https:\/\/coursepages2.tuni.fi\/mtta1-latex\/wp-json\/wp\/v2\/pages\/139\/revisions"}],"predecessor-version":[{"id":747,"href":"https:\/\/coursepages2.tuni.fi\/mtta1-latex\/wp-json\/wp\/v2\/pages\/139\/revisions\/747"}],"up":[{"embeddable":true,"href":"https:\/\/coursepages2.tuni.fi\/mtta1-latex\/wp-json\/wp\/v2\/pages\/92"}],"wp:attachment":[{"href":"https:\/\/coursepages2.tuni.fi\/mtta1-latex\/wp-json\/wp\/v2\/media?parent=139"}],"curies":[{"name":"wp","href":"https:\/\/api.w.org\/{rel}","templated":true}]}}