{"id":137,"date":"2017-09-29T15:20:40","date_gmt":"2017-09-29T12:20:40","guid":{"rendered":"https:\/\/coursepages.uta.fi\/mtta1-latex\/?page_id=137"},"modified":"2021-01-09T10:30:13","modified_gmt":"2021-01-09T08:30:13","slug":"viitteet","status":"publish","type":"page","link":"https:\/\/coursepages2.tuni.fi\/mtta1-latex\/perusteet\/viitteet\/","title":{"rendered":"Viitteet"},"content":{"rendered":"<p>T\u00e4h\u00e4n sivuun liittyv\u00e4t esimerkkitiedostot <a href=\"https:\/\/webpages.tuni.fi\/latex\/viitteet.tex\">viitteet.tex<\/a> ja <a href=\"https:\/\/webpages.tuni.fi\/latex\/viitteet.pdf\">viitteet.pdf<\/a>.<\/p>\n<h2>Alaviitteet<\/h2>\n<p>Alaviite tehd\u00e4\u00e4n komennolla <code>\\footnote<\/code>. Se lis\u00e4\u00e4 komennon kohdalle viitenumeron ja sivun alaosaan komennon argumenttina olevan tekstin.<\/p>\n<pre style=\"background-color: #f8f8f8;border: 1px solid #aaa;padding: 0.5em 0.6em 0.6em 0.7em\">V\u00e4lt\u00e4 turhia alaviitteit\u00e4.\\footnote{Alaviitteet\nviev\u00e4t lukijan huomion pois p\u00e4\u00e4tekstist\u00e4.}\n<\/pre>\n<h2>Dokumentin sis\u00e4iset viitteet<\/h2>\n<p>Viittauksia dokumentin eri kohtiin voi tehd\u00e4 komennoilla <code>\\label<\/code>, <code>\\ref<\/code> ja <code>\\pageref<\/code>. Komento <code>\\label{viite}<\/code> sijoitetaan kohtaan, johon halutaan viitata. T\u00e4m\u00e4n j\u00e4lkeen kyseiseen kohtaan voi viitata muualta komennolla <code>&#92;&#114;&#101;&#102;&#123;&#118;&#105;&#105;&#116;&#101;&#125;<\/code> tai <code>\\pageref{viite}<\/code>. Komento <code>&#92;&#114;&#101;&#102;&#123;&#118;&#105;&#105;&#116;&#101;&#125;<\/code> tuottaa sen luvun, kuvan, taulukon,\u00a0kaavarivin tai luetelmakohdan numeron, jossa komentoa <code>\\label{viite}<\/code> on k\u00e4ytetty. Komento <code>\\pageref{viite}<\/code> tuottaa vastaavasti kyseisen sivun numeron.<\/p>\n<pre style=\"background-color: #f8f8f8;border: 1px solid #aaa;padding: 0.5em 0.6em 0.6em 0.7em\">\\subsection{Esimerkkej\u00e4}\\label{ssec: Esimerkkej\u00e4}\nPyk\u00e4l\u00e4ss\u00e4~&#92;&#114;&#101;&#102;&#123;&#115;&#115;&#101;&#99;&#58;&#32;&#69;&#115;&#105;&#109;&#101;&#114;&#107;&#107;&#101;&#106;&auml;&#125;\nsivulla~\\pageref{ssec: Esimerkkej\u00e4} \\dots\n<\/pre>\n<h2>L\u00e4hdeviitteet ja l\u00e4hdeluettelo<\/h2>\n<p>L\u00e4hdeluettelo tehd\u00e4\u00e4n ymp\u00e4rist\u00f6ll\u00e4 <code>thebibliography<\/code>.<\/p>\n<pre style=\"background-color: #f8f8f8;border: 1px solid #aaa;padding: 0.5em 0.6em 0.6em 0.7em\">\\begin{thebibliography}{9} % alle 10 l\u00e4hdeteosta\n\\bibitem{Lamport:1994}\n    Lamport, Leslie.\n    \\emph{\\LaTeX: A Document Preparation System},\n    2nd ed. Reading MA: Addison-Wesley, 1994.\n    ISBN 0-201-52983-1.\n\\end{thebibliography}\n<\/pre>\n<p>LaTeX k\u00e4ytt\u00e4\u00e4 oletusarvoisesti numeroviittausj\u00e4rjestelm\u00e4\u00e4, eli l\u00e4hdeteokset numeroidaan siin\u00e4 j\u00e4rjestyksess\u00e4, miss\u00e4 ne l\u00e4hdeluettelossa ovat. Ymp\u00e4rist\u00f6ll\u00e4 <code>thebibliography<\/code> on yksi argumentti, malliteksti, jonka perusteella LaTeX varaa tilan n\u00e4ille numeroille. Kukin l\u00e4hdeteos merkit\u00e4\u00e4n l\u00e4hdeluetteloon komennolla <code>\\bibitem{viite}<\/code>, jolloin teokseen voi viitata muualta dokumentista komennolla <code>\\cite[lis\u00e4ys]{viite}<\/code>.<\/p>\n<pre style=\"background-color: #f8f8f8;border: 1px solid #aaa;padding: 0.5em 0.6em 0.6em 0.7em\">Lamport \\cite[s.~69]{Lamport:1994} mainitsee, ett\u00e4 \\dots\n<\/pre>\n","protected":false},"excerpt":{"rendered":"<p>T\u00e4h\u00e4n sivuun liittyv\u00e4t esimerkkitiedostot viitteet.tex ja viitteet.pdf. Alaviitteet Alaviite tehd\u00e4\u00e4n komennolla \\footnote. Se lis\u00e4\u00e4 komennon kohdalle viitenumeron ja sivun alaosaan komennon argumenttina olevan tekstin. V\u00e4lt\u00e4 turhia alaviitteit\u00e4.\\footnote{Alaviitteet viev\u00e4t lukijan huomion pois p\u00e4\u00e4tekstist\u00e4.} Dokumentin sis\u00e4iset viitteet Viittauksia dokumentin eri kohtiin voi tehd\u00e4 komennoilla \\label, \\ref ja \\pageref. Komento \\label{viite} sijoitetaan kohtaan, johon halutaan viitata. T\u00e4m\u00e4n j\u00e4lkeen &hellip; <a href=\"https:\/\/coursepages2.tuni.fi\/mtta1-latex\/perusteet\/viitteet\/\" class=\"more-link\">Jatka artikkeliin <span class=\"screen-reader-text\">Viitteet<\/span><\/a><\/p>\n","protected":false},"author":38,"featured_media":0,"parent":92,"menu_order":5,"comment_status":"closed","ping_status":"closed","template":"","meta":{"footnotes":""},"class_list":["post-137","page","type-page","status-publish","hentry"],"_links":{"self":[{"href":"https:\/\/coursepages2.tuni.fi\/mtta1-latex\/wp-json\/wp\/v2\/pages\/137","targetHints":{"allow":["GET"]}}],"collection":[{"href":"https:\/\/coursepages2.tuni.fi\/mtta1-latex\/wp-json\/wp\/v2\/pages"}],"about":[{"href":"https:\/\/coursepages2.tuni.fi\/mtta1-latex\/wp-json\/wp\/v2\/types\/page"}],"author":[{"embeddable":true,"href":"https:\/\/coursepages2.tuni.fi\/mtta1-latex\/wp-json\/wp\/v2\/users\/38"}],"replies":[{"embeddable":true,"href":"https:\/\/coursepages2.tuni.fi\/mtta1-latex\/wp-json\/wp\/v2\/comments?post=137"}],"version-history":[{"count":13,"href":"https:\/\/coursepages2.tuni.fi\/mtta1-latex\/wp-json\/wp\/v2\/pages\/137\/revisions"}],"predecessor-version":[{"id":746,"href":"https:\/\/coursepages2.tuni.fi\/mtta1-latex\/wp-json\/wp\/v2\/pages\/137\/revisions\/746"}],"up":[{"embeddable":true,"href":"https:\/\/coursepages2.tuni.fi\/mtta1-latex\/wp-json\/wp\/v2\/pages\/92"}],"wp:attachment":[{"href":"https:\/\/coursepages2.tuni.fi\/mtta1-latex\/wp-json\/wp\/v2\/media?parent=137"}],"curies":[{"name":"wp","href":"https:\/\/api.w.org\/{rel}","templated":true}]}}