{"id":135,"date":"2017-09-29T15:19:49","date_gmt":"2017-09-29T12:19:49","guid":{"rendered":"https:\/\/coursepages.uta.fi\/mtta1-latex\/?page_id=135"},"modified":"2021-09-08T11:52:45","modified_gmt":"2021-09-08T08:52:45","slug":"otsikot","status":"publish","type":"page","link":"https:\/\/coursepages2.tuni.fi\/mtta1-latex\/perusteet\/otsikot\/","title":{"rendered":"Otsikot ja sis\u00e4llysluettelo"},"content":{"rendered":"<p>T\u00e4h\u00e4n sivuun liittyv\u00e4t esimerkkitiedostot <a href=\"https:\/\/webpages.tuni.fi\/latex\/otsikot.tex\">otsikot.tex<\/a> ja <a href=\"https:\/\/webpages.tuni.fi\/latex\/otsikot.pdf\">otsikot.pdf<\/a>.<\/p>\n<p>Otsikot tehd\u00e4\u00e4n LaTeXissa seuraavilla otsikkokomennoilla:<\/p>\n<pre style=\"background-color: #f8f8f8;border: 1px solid #aaa;padding: 0.5em 0.6em 0.6em 0.7em\">\\part{Otsikko}          % taso -1  (article: taso 0)\r\n\\chapter{Otsikko}       % taso 0\r\n\\section{Otsikko}       % taso 1\r\n\\subsection{Otsikko}    % taso 2\r\n\\subsubsection{Otsikko} % taso 3\r\n\\paragraph{Otsikko}     % taso 4\r\n\\subparagraph{Otsikko}  % taso 5\r\n<\/pre>\n<p>Komento <code>\\chapter<\/code> on k\u00e4ytett\u00e4viss\u00e4 dokumenttiluokissa book ja report, muttei dokumenttiluokassa article, jossa komento <code>\\part<\/code> on otsikkotaso 0.<\/p>\n<p>Nelj\u00e4 ensimm\u00e4ist\u00e4 otsikkotasoa numeroidaan oletusarvoisesti. N\u00e4m\u00e4 otsikkotasot kirjoitetaan automaattisesti my\u00f6s sis\u00e4llysluetteloon. Numeroinnin voi poistaa yksitt\u00e4isest\u00e4 otsikosta lis\u00e4\u00e4m\u00e4ll\u00e4 otsikkokomennon per\u00e4\u00e4n t\u00e4hden\u00a0<code>*<\/code>, jolloin otsikkoa ei my\u00f6sk\u00e4\u00e4n lis\u00e4t\u00e4 sis\u00e4llysluetteloon. Numeroimattoman otsikon saa sis\u00e4llysluetteloon komennolla <code>\\addcontentsline<\/code>. Esimerkiksi<\/p>\n<pre style=\"background-color: #f8f8f8;border: 1px solid #aaa;padding: 0.5em 0.6em 0.6em 0.7em\">\\section*{Johdanto} % ei numeroa\r\n\\addcontentsline{toc}{section}{Johdanto}\r\n<\/pre>\n<p>Komennon <code>\\appendix<\/code> j\u00e4lkeen kaikki seuraavat luvut numeroidaan suuraakkosin A:sta\u00a0alkaen, ja dokumenttiluokissa book ja report lukujen otsikkoon lis\u00e4t\u00e4\u00e4n automaattisesti sana &#8217;Liite&#8217;.<\/p>\n<pre style=\"background-color: #f8f8f8;border: 1px solid #aaa;padding: 0.5em 0.6em 0.6em 0.7em\">\\appendix\r\n\\chapter{Liitteen otsikko}\r\n<\/pre>\n<p>Sis\u00e4llysluettelo tulostuu haluttuun paikkaan komennolla<\/p>\n<pre style=\"background-color: #f8f8f8;border: 1px solid #aaa;padding: 0.5em 0.6em 0.6em 0.7em\">\\tableofcontents\r\n<\/pre>\n<p>Dokumentti t\u00e4ytyy k\u00e4\u00e4nt\u00e4\u00e4 LaTeXilla kahteen kertaan, jotta sis\u00e4llysluettelo saadaan tulostumaan oikein.<\/p>\n<p>Koko dokumentille voi tehd\u00e4 otsikon seuraavilla komennoilla:<\/p>\n<pre style=\"background-color: #f8f8f8;border: 1px solid #aaa;padding: 0.5em 0.6em 0.6em 0.7em\">\\title{Otsikko}\r\n\\author{Oma Nimi}\r\n\\date{30. elokuuta 2020}\r\n\\maketitle\r\n<\/pre>\n<p>Dokumenttiluokissa book ja report dokumentin otsikko tulostuu omalle sivulleen, dokumenttiluokassa article sivun alkuun. Jos komento <code>\\date<\/code> j\u00e4tet\u00e4\u00e4n pois, niin otsikkoon tulostuu senhetkinen p\u00e4iv\u00e4m\u00e4\u00e4r\u00e4.<\/p>\n","protected":false},"excerpt":{"rendered":"<p>T\u00e4h\u00e4n sivuun liittyv\u00e4t esimerkkitiedostot otsikot.tex ja otsikot.pdf. Otsikot tehd\u00e4\u00e4n LaTeXissa seuraavilla otsikkokomennoilla: \\part{Otsikko} % taso -1 (article: taso 0) \\chapter{Otsikko} % taso 0 \\section{Otsikko} % taso 1 \\subsection{Otsikko} % taso 2 \\subsubsection{Otsikko} % taso 3 \\paragraph{Otsikko} % taso 4 \\subparagraph{Otsikko} % taso 5 Komento \\chapter on k\u00e4ytett\u00e4viss\u00e4 dokumenttiluokissa book ja report, muttei dokumenttiluokassa article, jossa &hellip; <a href=\"https:\/\/coursepages2.tuni.fi\/mtta1-latex\/perusteet\/otsikot\/\" class=\"more-link\">Jatka artikkeliin <span class=\"screen-reader-text\">Otsikot ja sis\u00e4llysluettelo<\/span><\/a><\/p>\n","protected":false},"author":38,"featured_media":0,"parent":92,"menu_order":4,"comment_status":"closed","ping_status":"closed","template":"","meta":{"footnotes":""},"class_list":["post-135","page","type-page","status-publish","hentry"],"_links":{"self":[{"href":"https:\/\/coursepages2.tuni.fi\/mtta1-latex\/wp-json\/wp\/v2\/pages\/135","targetHints":{"allow":["GET"]}}],"collection":[{"href":"https:\/\/coursepages2.tuni.fi\/mtta1-latex\/wp-json\/wp\/v2\/pages"}],"about":[{"href":"https:\/\/coursepages2.tuni.fi\/mtta1-latex\/wp-json\/wp\/v2\/types\/page"}],"author":[{"embeddable":true,"href":"https:\/\/coursepages2.tuni.fi\/mtta1-latex\/wp-json\/wp\/v2\/users\/38"}],"replies":[{"embeddable":true,"href":"https:\/\/coursepages2.tuni.fi\/mtta1-latex\/wp-json\/wp\/v2\/comments?post=135"}],"version-history":[{"count":10,"href":"https:\/\/coursepages2.tuni.fi\/mtta1-latex\/wp-json\/wp\/v2\/pages\/135\/revisions"}],"predecessor-version":[{"id":839,"href":"https:\/\/coursepages2.tuni.fi\/mtta1-latex\/wp-json\/wp\/v2\/pages\/135\/revisions\/839"}],"up":[{"embeddable":true,"href":"https:\/\/coursepages2.tuni.fi\/mtta1-latex\/wp-json\/wp\/v2\/pages\/92"}],"wp:attachment":[{"href":"https:\/\/coursepages2.tuni.fi\/mtta1-latex\/wp-json\/wp\/v2\/media?parent=135"}],"curies":[{"name":"wp","href":"https:\/\/api.w.org\/{rel}","templated":true}]}}