{"id":133,"date":"2017-09-29T15:18:11","date_gmt":"2017-09-29T12:18:11","guid":{"rendered":"https:\/\/coursepages.uta.fi\/mtta1-latex\/?page_id=133"},"modified":"2021-09-06T22:44:23","modified_gmt":"2021-09-06T19:44:23","slug":"korostukset","status":"publish","type":"page","link":"https:\/\/coursepages2.tuni.fi\/mtta1-latex\/perusteet\/korostukset\/","title":{"rendered":"Tekstin korostukset"},"content":{"rendered":"<p>T\u00e4h\u00e4n sivuun liittyv\u00e4t esimerkkitiedostot <a href=\"https:\/\/webpages.tuni.fi\/latex\/korostukset.tex\">korostukset.tex<\/a> ja <a href=\"https:\/\/webpages.tuni.fi\/latex\/korostukset.pdf\">korostukset.pdf<\/a>.<\/p>\n<p>Yksitt\u00e4isi\u00e4 sanoja tai pitempi\u00e4kin tekstijaksoja voi korostaa seuraavilla komennoilla:<\/p>\n<pre style=\"background-color: #f8f8f8;border: 1px solid #aaa;padding: 0.5em 0.6em 0.6em 0.7em\">\\emph{korostus}  % tavallisesti kursiivi\r\n\\textit{kursiivi}\r\n\\textsl{kallistus}\r\n\\textsf{groteski}  % p\u00e4\u00e4tteet\u00f6n fontti\r\n\\textsc{kapiteelit}\r\n\\texttt{tasalevyinen fontti}\r\n\\textbf{lihava}\r\n\\underline{alleviivaus}\r\n<\/pre>\n<p>Tekstin korostuksia tulee k\u00e4ytt\u00e4\u00e4 s\u00e4\u00e4steli\u00e4\u00e4sti; useimmissa tapauksissa komennon <code>\\emph<\/code> k\u00e4ytt\u00f6 riitt\u00e4\u00e4. Painokelpoisessa tekstiss\u00e4 ei tavallisesti k\u00e4ytet\u00e4 alleviivausta, ja kappaleen sis\u00e4ll\u00e4 lihavointi on yleens\u00e4 liian voimakas korostuskeino.<\/p>\n<p>Lis\u00e4tietoa LaTeXin fonteista l\u00f6ytyy oppaasta <a title=\"pdf-tiedosto 275 kt\" href=\"https:\/\/mirror.ctan.org\/macros\/latex\/base\/fntguide.pdf\" target=\"_blank\" rel=\"noopener noreferrer\">LaTeX 2e font selection<\/a>.<\/p>\n","protected":false},"excerpt":{"rendered":"<p>T\u00e4h\u00e4n sivuun liittyv\u00e4t esimerkkitiedostot korostukset.tex ja korostukset.pdf. Yksitt\u00e4isi\u00e4 sanoja tai pitempi\u00e4kin tekstijaksoja voi korostaa seuraavilla komennoilla: \\emph{korostus} % tavallisesti kursiivi \\textit{kursiivi} \\textsl{kallistus} \\textsf{groteski} % p\u00e4\u00e4tteet\u00f6n fontti \\textsc{kapiteelit} \\texttt{tasalevyinen fontti} \\textbf{lihava} \\underline{alleviivaus} Tekstin korostuksia tulee k\u00e4ytt\u00e4\u00e4 s\u00e4\u00e4steli\u00e4\u00e4sti; useimmissa tapauksissa komennon \\emph k\u00e4ytt\u00f6 riitt\u00e4\u00e4. Painokelpoisessa tekstiss\u00e4 ei tavallisesti k\u00e4ytet\u00e4 alleviivausta, ja kappaleen sis\u00e4ll\u00e4 lihavointi on yleens\u00e4 liian &hellip; <a href=\"https:\/\/coursepages2.tuni.fi\/mtta1-latex\/perusteet\/korostukset\/\" class=\"more-link\">Jatka artikkeliin <span class=\"screen-reader-text\">Tekstin korostukset<\/span><\/a><\/p>\n","protected":false},"author":38,"featured_media":0,"parent":92,"menu_order":3,"comment_status":"closed","ping_status":"closed","template":"","meta":{"footnotes":""},"class_list":["post-133","page","type-page","status-publish","hentry"],"_links":{"self":[{"href":"https:\/\/coursepages2.tuni.fi\/mtta1-latex\/wp-json\/wp\/v2\/pages\/133","targetHints":{"allow":["GET"]}}],"collection":[{"href":"https:\/\/coursepages2.tuni.fi\/mtta1-latex\/wp-json\/wp\/v2\/pages"}],"about":[{"href":"https:\/\/coursepages2.tuni.fi\/mtta1-latex\/wp-json\/wp\/v2\/types\/page"}],"author":[{"embeddable":true,"href":"https:\/\/coursepages2.tuni.fi\/mtta1-latex\/wp-json\/wp\/v2\/users\/38"}],"replies":[{"embeddable":true,"href":"https:\/\/coursepages2.tuni.fi\/mtta1-latex\/wp-json\/wp\/v2\/comments?post=133"}],"version-history":[{"count":9,"href":"https:\/\/coursepages2.tuni.fi\/mtta1-latex\/wp-json\/wp\/v2\/pages\/133\/revisions"}],"predecessor-version":[{"id":817,"href":"https:\/\/coursepages2.tuni.fi\/mtta1-latex\/wp-json\/wp\/v2\/pages\/133\/revisions\/817"}],"up":[{"embeddable":true,"href":"https:\/\/coursepages2.tuni.fi\/mtta1-latex\/wp-json\/wp\/v2\/pages\/92"}],"wp:attachment":[{"href":"https:\/\/coursepages2.tuni.fi\/mtta1-latex\/wp-json\/wp\/v2\/media?parent=133"}],"curies":[{"name":"wp","href":"https:\/\/api.w.org\/{rel}","templated":true}]}}