{"id":129,"date":"2017-09-29T14:53:27","date_gmt":"2017-09-29T11:53:27","guid":{"rendered":"https:\/\/coursepages.uta.fi\/mtta1-latex\/?page_id=129"},"modified":"2022-03-17T20:30:46","modified_gmt":"2022-03-17T18:30:46","slug":"teksti","status":"publish","type":"page","link":"https:\/\/coursepages2.tuni.fi\/mtta1-latex\/perusteet\/teksti\/","title":{"rendered":"Tekstin kirjoittaminen"},"content":{"rendered":"<p>T\u00e4h\u00e4n sivuun liittyv\u00e4t esimerkkitiedostot <a href=\"https:\/\/webpages.tuni.fi\/latex\/teksti.tex\">teksti.tex<\/a> ja <a href=\"https:\/\/webpages.tuni.fi\/latex\/teksti.pdf\">teksti.pdf<\/a>.<\/p>\n<p>LaTeXille sy\u00f6tett\u00e4v\u00e4t tiedostot ovat pelkki\u00e4 tekstitiedostoja. LaTeX latoo tekstin riveiksi, kappaleiksi ja sivuiksi noudattaen seuraavia s\u00e4\u00e4nt\u00f6j\u00e4:<\/p>\n<ul>\n<li>per\u00e4kk\u00e4iset v\u00e4lily\u00f6nnit tulkitaan yhdeksi v\u00e4lily\u00f6nniksi<\/li>\n<li>rivinvaihto ja sarkainmerkki tulkitaan v\u00e4lily\u00f6nneiksi<\/li>\n<li>rivin alussa olevia v\u00e4lily\u00f6ntej\u00e4 ei huomioida lainkaan<\/li>\n<li>prosenttimerkki\u00e4\u00a0<code>%<\/code>\u00a0ja sit\u00e4 seuraavaa rivin osaa ei k\u00e4sitell\u00e4, eli se tulkitaan kommentiksi<\/li>\n<li>yksi tai useampi tyhj\u00e4 rivi tai komento\u00a0<code>\\par<\/code>\u00a0aloittaa uuden kappaleen.<\/li>\n<\/ul>\n<pre style=\"background-color: #f8f8f8;border: 1px solid #aaa;padding: 0.5em 0.6em 0.6em 0.7em\">T\u00e4m\u00e4         on\r\n% jostain syyst\u00e4\r\n                  samalla\r\n      rivill\u00e4.\r\n\r\nMutta  % miksi?\r\nt\u00e4m\u00e4 on uusi kappale.\r\n<\/pre>\n<h2>LaTeXin erikoismerkit<\/h2>\n<p>LaTeX varaa merkit <code>%<\/code>, <code>$<\/code>, <code>&amp;<\/code>, <code>#<\/code>, <code>_<\/code>, <code>{<\/code>, <code>}<\/code>, <code>~<\/code>, <code>^<\/code> ja <code>\\<\/code> erityisk\u00e4ytt\u00f6\u00f6n. Jos n\u00e4m\u00e4 halutaan tulostaa sellaisenaan tekstiin, on k\u00e4ytett\u00e4v\u00e4 seuraavia komentoja:<\/p>\n<pre style=\"background-color: #f8f8f8;border: 1px solid #aaa;padding: 0.5em 0.6em 0.6em 0.7em\">\\%                       % prosenttimerkki\r\n\\$                       % dollarin merkki\r\n\\&amp;                       % et-merkki\r\n\\#                       % ristikkomerkki\r\n\\_                       % alaviiva\r\n\\{                       % vasen aaltosulje\r\n\\}                       % oikea aaltosulje\r\n\\textasciitilde tai \\~   % tilde\r\n\\textasciicircum tai \\^  % sirkumfleksi\r\n\\textbackslash           % kenoviiva\r\n<\/pre>\n<p>Komennot <code>\\~<\/code> ja <code>\\^<\/code> lis\u00e4\u00e4v\u00e4t kyseisen tarkkeen komennon argumenttina olevan kirjaimen yl\u00e4puolelle. Esimerkiksi <code>\\~{n}<\/code> tai <code>\\~n<\/code> tuottaa kirjaimen \u00f1. Muita komentoja tarkkeita ja kirjaimia varten on lueteltu esimerkkitiedoston <a href=\"https:\/\/webpages.tuni.fi\/latex\/teksti.pdf\">teksti.pdf<\/a> lopussa olevassa taulukossa. Tavallisimmat tarkkeita sis\u00e4lt\u00e4v\u00e4t kirjaimet, kuten \u00e5, \u00e4 ja \u00f6, voi kirjoittaa n\u00e4pp\u00e4imist\u00f6lt\u00e4 sellaisenaan ilman erityisi\u00e4 komentoja.<\/p>\n<h2>Er\u00e4it\u00e4 v\u00e4limerkkej\u00e4<\/h2>\n<p>Lainausmerkki t\u00e4ytyy LaTeXissa kirjoittaa kahtena per\u00e4kk\u00e4isen\u00e4 heittomerkkin\u00e4 <code>''<\/code>, sill\u00e4 merkki <code>\"<\/code> tuottaa tuumamerkin, joka lopputuloksessa n\u00e4ytt\u00e4\u00e4 aivan erilaiselta kuin lainausmerkki.<\/p>\n<pre style=\"background-color: #f8f8f8;border: 1px solid #aaa;padding: 0.5em 0.6em 0.6em 0.7em\">''Kaksitoista tuumaa (12\") on jalka.''\r\n<\/pre>\n<p>Ajatusviiva saadaan LaTeXissa kirjoittamalla kaksi yhdysmerkki\u00e4 per\u00e4kk\u00e4in. Pitk\u00e4 ajatusviiva saadaan kirjoittamalla kolme yhdysmerkki\u00e4 per\u00e4kk\u00e4in.<\/p>\n<pre style=\"background-color: #f8f8f8;border: 1px solid #aaa;padding: 0.5em 0.6em 0.6em 0.7em\">Sivut 12--15. Bolzanon--Weierstrassin lause.\r\nPitk\u00e4n ajatusviivan (---) asemesta k\u00e4ytet\u00e4\u00e4n\r\nnykyisin lyhytt\u00e4 ajatusviivaa -- my\u00f6s\r\nenglanninkielisess\u00e4 tekstiss\u00e4.\r\n<\/pre>\n<p>Kolme pistett\u00e4 (<code>\u2026<\/code>) saadaan LaTeXissa komennolla <code>\\dots<\/code>.<\/p>\n<pre style=\"background-color: #f8f8f8;border: 1px solid #aaa;padding: 0.5em 0.6em 0.6em 0.7em\">Luvut 1, 2, \\dots\\ ja pyk\u00e4l\u00e4t\r\n1.1, 1.2, \\dots, 2.1, 2.2, \\dots\r\n<\/pre>\n<p>Komento <code>\\\u00a0<\/code> (kenoviiva ja v\u00e4lily\u00f6nti) tuottaa eksplisiittisen v\u00e4lily\u00f6nnin. T\u00e4t\u00e4 tarvitaan, kun ilman argumenttia olevaa komentoa seuraa v\u00e4lily\u00f6nti tai rivinvaihto.<\/p>\n<pre style=\"background-color: #f8f8f8;border: 1px solid #aaa;padding: 0.5em 0.6em 0.6em 0.7em\">Is \\LaTeX\\ hard to use?\r\n<\/pre>\n<p>Tilde <code>~<\/code> tekee sitovan v\u00e4lily\u00f6nnin. LaTeX ei siis katkaise rivi\u00e4 t\u00e4m\u00e4n merkin kohdalta.<\/p>\n<pre style=\"background-color: #f8f8f8;border: 1px solid #aaa;padding: 0.5em 0.6em 0.6em 0.7em\">sivu~3\r\nluvut 2,~3, 4 ja~5\r\nGeorg~Henrik von~Wright\r\n<\/pre>\n<h2>Tavutus<\/h2>\n<p>LaTeX yhdess\u00e4 makropaketin babel kanssa osaa tavuttaa suomea kutakuinkin oikein. Virheellisi\u00e4 tai huonoja tavutuksia voi korjata tavutusvihjeill\u00e4 <code>\\-<\/code> tai luettelemalla sanat tavuviivoineen <code>\\hyphenation<\/code>-komennon argumentissa.<\/p>\n<pre style=\"background-color: #f8f8f8;border: 1px solid #aaa;padding: 0.5em 0.6em 0.6em 0.7em\">\\hyphenation{% Poikkeustavutuslista:\r\nCau-chyn komp-le-ment-ti otos-ava-ruus}\r\n% Tavutusvihjeet:\r\nKokonais\\-alue, paino\\-piste, viher\\-alue.\r\n<\/pre>\n","protected":false},"excerpt":{"rendered":"<p>T\u00e4h\u00e4n sivuun liittyv\u00e4t esimerkkitiedostot teksti.tex ja teksti.pdf. LaTeXille sy\u00f6tett\u00e4v\u00e4t tiedostot ovat pelkki\u00e4 tekstitiedostoja. LaTeX latoo tekstin riveiksi, kappaleiksi ja sivuiksi noudattaen seuraavia s\u00e4\u00e4nt\u00f6j\u00e4: per\u00e4kk\u00e4iset v\u00e4lily\u00f6nnit tulkitaan yhdeksi v\u00e4lily\u00f6nniksi rivinvaihto ja sarkainmerkki tulkitaan v\u00e4lily\u00f6nneiksi rivin alussa olevia v\u00e4lily\u00f6ntej\u00e4 ei huomioida lainkaan prosenttimerkki\u00e4\u00a0%\u00a0ja sit\u00e4 seuraavaa rivin osaa ei k\u00e4sitell\u00e4, eli se tulkitaan kommentiksi yksi tai useampi tyhj\u00e4 &hellip; <a href=\"https:\/\/coursepages2.tuni.fi\/mtta1-latex\/perusteet\/teksti\/\" class=\"more-link\">Jatka artikkeliin <span class=\"screen-reader-text\">Tekstin kirjoittaminen<\/span><\/a><\/p>\n","protected":false},"author":38,"featured_media":0,"parent":92,"menu_order":2,"comment_status":"closed","ping_status":"closed","template":"","meta":{"footnotes":""},"class_list":["post-129","page","type-page","status-publish","hentry"],"_links":{"self":[{"href":"https:\/\/coursepages2.tuni.fi\/mtta1-latex\/wp-json\/wp\/v2\/pages\/129","targetHints":{"allow":["GET"]}}],"collection":[{"href":"https:\/\/coursepages2.tuni.fi\/mtta1-latex\/wp-json\/wp\/v2\/pages"}],"about":[{"href":"https:\/\/coursepages2.tuni.fi\/mtta1-latex\/wp-json\/wp\/v2\/types\/page"}],"author":[{"embeddable":true,"href":"https:\/\/coursepages2.tuni.fi\/mtta1-latex\/wp-json\/wp\/v2\/users\/38"}],"replies":[{"embeddable":true,"href":"https:\/\/coursepages2.tuni.fi\/mtta1-latex\/wp-json\/wp\/v2\/comments?post=129"}],"version-history":[{"count":15,"href":"https:\/\/coursepages2.tuni.fi\/mtta1-latex\/wp-json\/wp\/v2\/pages\/129\/revisions"}],"predecessor-version":[{"id":873,"href":"https:\/\/coursepages2.tuni.fi\/mtta1-latex\/wp-json\/wp\/v2\/pages\/129\/revisions\/873"}],"up":[{"embeddable":true,"href":"https:\/\/coursepages2.tuni.fi\/mtta1-latex\/wp-json\/wp\/v2\/pages\/92"}],"wp:attachment":[{"href":"https:\/\/coursepages2.tuni.fi\/mtta1-latex\/wp-json\/wp\/v2\/media?parent=129"}],"curies":[{"name":"wp","href":"https:\/\/api.w.org\/{rel}","templated":true}]}}