{"id":116,"date":"2017-09-29T14:21:44","date_gmt":"2017-09-29T11:21:44","guid":{"rendered":"https:\/\/coursepages.uta.fi\/mtta1-latex\/?page_id=116"},"modified":"2024-06-22T22:51:39","modified_gmt":"2024-06-22T19:51:39","slug":"linkit","status":"publish","type":"page","link":"https:\/\/coursepages2.tuni.fi\/mtta1-latex\/linkit\/","title":{"rendered":"Linkkej\u00e4"},"content":{"rendered":"<h2>Tiedonl\u00e4hteit\u00e4 ja arkistoja<\/h2>\n<dl style=\"margin-left: 0px\">\n<dt><a href=\"https:\/\/tex.stackexchange.com\/\" target=\"_blank\" rel=\"noopener noreferrer\">TeX \u2013 LaTeX \u2013 Stack Exchange<\/a><\/dt>\n<dd>TeX\/LaTeX-aiheinen kysymys- ja vastauspalsta.<\/dd>\n<dt><a href=\"https:\/\/texfaq.org\/\" target=\"_blank\" rel=\"noopener noreferrer\">The TeX Frequently Asked Question List<\/a><\/dt>\n<dd>Usein kysyttyj\u00e4 kysymyksi\u00e4 TeXist\u00e4 ja LaTeXista.<\/dd>\n<dt><a href=\"https:\/\/www.ctan.org\/\" target=\"_blank\" rel=\"noopener noreferrer\">CTAN<\/a><\/dt>\n<dd><em>Comprehensive TeX Archive Network.<\/em> TeX\/LaTeX-ohjelmistoarkisto, joka sis\u00e4lt\u00e4\u00e4 ohjelmia, makropaketteja, fontteja ja ohjeita.<\/dd>\n<dt><a href=\"https:\/\/www.tug.org\/\" target=\"_blank\" rel=\"noopener noreferrer\">TeX Users Group<\/a><\/dt>\n<dd>TeX (ja LaTeX) -k\u00e4ytt\u00e4jien yhdistys.<\/dd>\n<dt><a href=\"https:\/\/www.latex-project.org\/\" target=\"_blank\" rel=\"noopener noreferrer\">The LaTeX Project<\/a><\/dt>\n<dd>LaTeXin kotisivu. Yleist\u00e4 tietoa LaTeX-projektista.<\/dd>\n<\/dl>\n<h2>LaTeX-alkeisoppaita<\/h2>\n<dl style=\"margin-left: 0px\">\n<dt><a title=\"pdf-tiedosto 1984 kt\" href=\"https:\/\/mirror.ctan.org\/info\/lshort\/finnish\/lyhyt2e.pdf\" target=\"_blank\" rel=\"noopener noreferrer\">Pitk\u00e4npuoleinen johdanto LaTeX 2e:n k\u00e4ytt\u00f6\u00f6n<\/a><\/dt>\n<dd>Suomenkielinen LaTeX-alkeisopas. Saatavilla my\u00f6s useilla\u00a0<a href=\"https:\/\/ctan.org\/pkg\/lshort\" target=\"_blank\" rel=\"noopener noreferrer\">muilla kielill\u00e4<\/a>. Uusin suomenkielinen versio on 4.17fi vuodelta 2005.<\/dd>\n<dt><a href=\"https:\/\/www.overleaf.com\/learn\/\" target=\"_blank\" rel=\"noopener\">Overleaf Documentation<\/a><\/dt>\n<dd>Laaja kokoelma lyhyit\u00e4 LaTeX-ohjeita aiheen mukaan jaoteltuna.<\/dd>\n<dt><a title=\"pdf-tiedosto 2,06 Mt\" href=\"https:\/\/www.dickimaw-books.com\/latex\/novices\/novices-report.pdf\" target=\"_blank\" rel=\"noopener noreferrer\">LaTeX for Complete Novices<\/a><\/dt>\n<dd>Englanninkielinen LaTeX-alkeisopas.<\/dd>\n<dt><a title=\"pdf-tiedosto 5264 kt\" href=\"https:\/\/mirror.ctan.org\/info\/Math_into_LaTeX-4\/Short_Course.pdf\" target=\"_blank\" rel=\"noopener noreferrer\">Short Course<\/a><\/dt>\n<dd>Osa kirjasta\u00a0<a href=\"https:\/\/link.springer.com\/book\/10.1007\/978-0-387-68852-7\" target=\"_blank\" rel=\"noopener noreferrer\"><em>More Math into LaTeX<\/em><\/a>. Saatavilla my\u00f6s <a href=\"https:\/\/www.youtube.com\/playlist?list=PL2EBCA1F07101CB6B\" target=\"_blank\" rel=\"noopener\">YouTube-videoina<\/a>.<\/dd>\n<dt><a title=\"pdf-tiedosto 298 kt\" href=\"https:\/\/mirror.ctan.org\/macros\/latex\/base\/usrguide-historic.pdf\" target=\"_blank\" rel=\"noopener noreferrer\">LaTeX for authors \u2013 historic version<\/a><\/dt>\n<dd>Esittelee lyhyesti LaTeX 2e:n ominaisuudet sek\u00e4 eroavuudet vanhaan LaTeX 2.09:\u00e4\u00e4n verrattuna.<\/dd>\n<\/dl>\n<h2>Muita oppaita<\/h2>\n<dl style=\"margin-left: 0px\">\n<dt><a href=\"https:\/\/en.wikibooks.org\/wiki\/LaTeX\" target=\"_blank\" rel=\"noopener noreferrer\">Wikibooks: LaTeX<\/a><\/dt>\n<dd>Englanninkielinen wikik\u00e4sikirja LaTeXista.<\/dd>\n<dt><a href=\"https:\/\/tug.org\/texinfohtml\/latex2e.html\" target=\"_blank\" rel=\"noopener noreferrer\">LaTeX2e unofficial reference manual<\/a><\/dt>\n<dd>K\u00e4sikirja LaTeXin komennoista ja ymp\u00e4rist\u00f6ist\u00e4.<\/dd>\n<dt><a title=\"pdf-tiedosto 532 kt\" href=\"https:\/\/mirror.ctan.org\/info\/short-math-guide\/short-math-guide.pdf\" target=\"_blank\" rel=\"noopener noreferrer\">Short Math Guide for LaTeX<\/a><\/dt>\n<dd>Lyhyt opas LaTeXin matematiikkatilan ja amsmath-makropaketin k\u00e4yt\u00f6st\u00e4.<\/dd>\n<dt><a title=\"pdf-tiedosto 508 kt\" href=\"https:\/\/mirror.ctan.org\/macros\/latex\/required\/amsmath\/amsldoc.pdf\" target=\"_blank\" rel=\"noopener noreferrer\">User&#8217;s Guide for the amsmath Package<\/a><\/dt>\n<dd>Amsmath-makropaketin k\u00e4ytt\u00f6ohjeet.<\/dd>\n<dt><a title=\"pdf-tiedosto 932 kt\" href=\"https:\/\/mirror.ctan.org\/info\/epslatex\/english\/epslatex.pdf\" target=\"_blank\" rel=\"noopener noreferrer\">Using Imported Graphics in LaTeX and pdfLaTeX<\/a><\/dt>\n<dd>Opas ulkoisten kuvatiedostojen k\u00e4yt\u00f6st\u00e4 LaTeX-dokumenteissa.<\/dd>\n<dt><a title=\"pdf-tiedosto 275 kt\" href=\"https:\/\/mirror.ctan.org\/macros\/latex\/base\/fntguide.pdf\" target=\"_blank\" rel=\"noopener noreferrer\">LaTeX 2e font selection<\/a><\/dt>\n<dd>Fonttien m\u00e4\u00e4rittely ja k\u00e4ytt\u00f6 LaTeXissa.<\/dd>\n<dt><a href=\"https:\/\/www.tug.org\/FontCatalogue\/\" target=\"_blank\" rel=\"noopener noreferrer\">The LaTeX Font Catalogue<\/a><\/dt>\n<dd>Luettelo LaTeXille saatavilla olevista ilmaisista fonteista.<\/dd>\n<dt><a title=\"pdf-tiedosto 4285 kt\" href=\"https:\/\/mirror.ctan.org\/info\/symbols\/comprehensive\/symbols-a4.pdf\" target=\"_blank\" rel=\"noopener noreferrer\">The Comprehensive LaTeX Symbol List<\/a><\/dt>\n<dd>Laaja lista LaTeXissa k\u00e4ytett\u00e4viss\u00e4 olevista erikoissymboleista.<\/dd>\n<dt><a title=\"pdf-tiedosto 401 kt\" href=\"https:\/\/mirror.ctan.org\/macros\/latex\/base\/usrguide.pdf\" target=\"_blank\" rel=\"noopener noreferrer\">LaTeX for authors \u2013 current version<\/a><\/dt>\n<dd>LaTeXin uusia ominaisuuksia vuodesta 2020 l\u00e4htien.<\/dd>\n<dt><a title=\"pdf-tiedosto 776 kt\" href=\"https:\/\/www.latex-project.org\/help\/books\/bookpart_tlc2-ch3.pdf\" target=\"_blank\" rel=\"noopener noreferrer\">Basic Formatting Tools<\/a><\/dt>\n<dd>Kirjan\u00a0<a href=\"https:\/\/www.pearson.com\/en-us\/subject-catalog\/p\/latex-companion-the\/P200000000502\/9780201362992\" target=\"_blank\" rel=\"noopener noreferrer\"><em>The LaTeX Companion<\/em><\/a> (Second Edition) kolmas luku<em>.<\/em>\u00a0Esittelee er\u00e4it\u00e4 tekstin muotoilua helpottavia makropaketteja ja niiden k\u00e4ytt\u00f6\u00e4.<\/dd>\n<dt><a title=\"pdf-tiedosto 4036 kt\" href=\"https:\/\/www.tug.org\/texlive\/Contents\/live\/texmf-dist\/doc\/latex\/base\/source2e.pdf\" target=\"_blank\" rel=\"noopener noreferrer\">The LaTeX 2\u03b5 Sources<\/a><\/dt>\n<dd>LaTeXin kommentoitu l\u00e4hdekoodi.<\/dd>\n<dt><a title=\"pdf-tiedosto 382 kt\" href=\"https:\/\/mirror.ctan.org\/info\/gentle\/gentle.pdf\" target=\"_blank\" rel=\"noopener noreferrer\">A Gentle Introduction to TeX<\/a><\/dt>\n<dd>Englanninkielinen (plain) TeX-alkeisopas.<\/dd>\n<dt><a title=\"pdf-tiedosto 1388 kt\" href=\"https:\/\/mirror.ctan.org\/info\/impatient\/book.pdf\" target=\"_blank\" rel=\"noopener noreferrer\">TeX for the Impatient<\/a><\/dt>\n<dd>Englanninkielinen TeX-opas. Julkaistu alun perin kirjana vuonna 1990.<\/dd>\n<dt><a title=\"pdf-tiedosto 1474 kt\" href=\"https:\/\/mirror.ctan.org\/info\/texbytopic\/TeXbyTopic.pdf\" target=\"_blank\" rel=\"noopener noreferrer\">TeX by Topic<\/a><\/dt>\n<dd>Englanninkielinen TeX-k\u00e4sikirja. Julkaistu alun perin kirjana vuosina 1991 ja 1993.<\/dd>\n<\/dl>\n<h2>Kirjoja<\/h2>\n<p>Sivuilla\u00a0<a href=\"https:\/\/www.latex-project.org\/help\/books\/\" target=\"_blank\" rel=\"noopener noreferrer\">latex-project.org\/help\/books<\/a>\u00a0ja\u00a0<a href=\"https:\/\/www.tug.org\/books\/\" target=\"_blank\" rel=\"noopener noreferrer\">tug.org\/books<\/a>\u00a0on lueteltu TeX- ja LaTeX-aiheisia kirjoja. Suomenkielisi\u00e4 on oikeastaan vain yksi, Antti-Juhani Kaijanahon kirjoittama\u00a0<a href=\"http:\/\/urn.fi\/URN:ISBN:978-951-39-7159-5\" target=\"_blank\" rel=\"noopener noreferrer\"><em>LaTeX ja AMS-LaTeX: Opus asiatekstin ladonnasta<\/em><\/a>, joka on l\u00e4hinn\u00e4 alkeisopas.<\/p>\n","protected":false},"excerpt":{"rendered":"<p>Tiedonl\u00e4hteit\u00e4 ja arkistoja TeX \u2013 LaTeX \u2013 Stack Exchange TeX\/LaTeX-aiheinen kysymys- ja vastauspalsta. The TeX Frequently Asked Question List Usein kysyttyj\u00e4 kysymyksi\u00e4 TeXist\u00e4 ja LaTeXista. CTAN Comprehensive TeX Archive Network. TeX\/LaTeX-ohjelmistoarkisto, joka sis\u00e4lt\u00e4\u00e4 ohjelmia, makropaketteja, fontteja ja ohjeita. TeX Users Group TeX (ja LaTeX) -k\u00e4ytt\u00e4jien yhdistys. The LaTeX Project LaTeXin kotisivu. Yleist\u00e4 tietoa LaTeX-projektista. LaTeX-alkeisoppaita &hellip; <a href=\"https:\/\/coursepages2.tuni.fi\/mtta1-latex\/linkit\/\" class=\"more-link\">Jatka artikkeliin <span class=\"screen-reader-text\">Linkkej\u00e4<\/span><\/a><\/p>\n","protected":false},"author":38,"featured_media":0,"parent":0,"menu_order":6,"comment_status":"closed","ping_status":"closed","template":"","meta":{"footnotes":""},"class_list":["post-116","page","type-page","status-publish","hentry"],"_links":{"self":[{"href":"https:\/\/coursepages2.tuni.fi\/mtta1-latex\/wp-json\/wp\/v2\/pages\/116","targetHints":{"allow":["GET"]}}],"collection":[{"href":"https:\/\/coursepages2.tuni.fi\/mtta1-latex\/wp-json\/wp\/v2\/pages"}],"about":[{"href":"https:\/\/coursepages2.tuni.fi\/mtta1-latex\/wp-json\/wp\/v2\/types\/page"}],"author":[{"embeddable":true,"href":"https:\/\/coursepages2.tuni.fi\/mtta1-latex\/wp-json\/wp\/v2\/users\/38"}],"replies":[{"embeddable":true,"href":"https:\/\/coursepages2.tuni.fi\/mtta1-latex\/wp-json\/wp\/v2\/comments?post=116"}],"version-history":[{"count":49,"href":"https:\/\/coursepages2.tuni.fi\/mtta1-latex\/wp-json\/wp\/v2\/pages\/116\/revisions"}],"predecessor-version":[{"id":939,"href":"https:\/\/coursepages2.tuni.fi\/mtta1-latex\/wp-json\/wp\/v2\/pages\/116\/revisions\/939"}],"wp:attachment":[{"href":"https:\/\/coursepages2.tuni.fi\/mtta1-latex\/wp-json\/wp\/v2\/media?parent=116"}],"curies":[{"name":"wp","href":"https:\/\/api.w.org\/{rel}","templated":true}]}}