{"id":112,"date":"2017-09-29T14:16:02","date_gmt":"2017-09-29T11:16:02","guid":{"rendered":"https:\/\/coursepages.uta.fi\/mtta1-latex\/?page_id=112"},"modified":"2017-12-24T15:28:30","modified_gmt":"2017-12-24T13:28:30","slug":"jatko","status":"publish","type":"page","link":"https:\/\/coursepages2.tuni.fi\/mtta1-latex\/jatko\/","title":{"rendered":"Jatko-osa"},"content":{"rendered":"<blockquote style=\"margin: 1em 0em;padding: 0.3em 1.3em 0.3em 4.5em;border: 1px solid #aaa\"><p><img loading=\"lazy\" decoding=\"async\" style=\"float: left;margin-left: -3.2em\" src=\"https:\/\/coursepages2.tuni.fi\/mtta1-latex\/wp-content\/uploads\/sites\/55\/2017\/10\/lainaus.png\" alt=\"\" width=\"31\" height=\"30\" \/><em>Is LaTeX hard to use?<\/em><\/p>\n<p style=\"margin: -0.3em 0em\">It&#8217;s easy to use\u2014if you are one of the 2% of the population who thinks logically and can read an instruction manual. The other 98% of the population would find it very hard or impossible to use.<\/p>\n<p style=\"text-align: right\">\u2013 <a title=\"Lamportin haastattelu, pdf-tiedosto 160 kt\" href=\"https:\/\/www.tug.org\/TUGboat\/Articles\/tb22-1-2\/tb70lamp.pdf\" target=\"_blank\" rel=\"noopener\">Leslie Lamport<\/a><\/p>\n<\/blockquote>\n<p>Jatko-osa on tarkoitettu itseopiskelumateriaaliksi. T\u00e4ss\u00e4 esitettyj\u00e4 asioita ei k\u00e4sitell\u00e4 LaTeX-kurssin yhteydess\u00e4. Esimerkkej\u00e4 ja yksityiskohtaisempaa tietoa l\u00f6ytyy kuhunkin aiheeseen liittyv\u00e4st\u00e4\u00a0<a href=\"https:\/\/coursepages2.tuni.fi\/mtta1-latex\/esimerkit\/\">esimerkkitiedostosta<\/a>.<\/p>\n","protected":false},"excerpt":{"rendered":"<p>Is LaTeX hard to use? It&#8217;s easy to use\u2014if you are one of the 2% of the population who thinks logically and can read an instruction manual. The other 98% of the population would find it very hard or impossible to use. \u2013 Leslie Lamport Jatko-osa on tarkoitettu itseopiskelumateriaaliksi. T\u00e4ss\u00e4 esitettyj\u00e4 asioita ei k\u00e4sitell\u00e4 LaTeX-kurssin &hellip; <a href=\"https:\/\/coursepages2.tuni.fi\/mtta1-latex\/jatko\/\" class=\"more-link\">Jatka artikkeliin <span class=\"screen-reader-text\">Jatko-osa<\/span><\/a><\/p>\n","protected":false},"author":38,"featured_media":0,"parent":0,"menu_order":4,"comment_status":"closed","ping_status":"closed","template":"","meta":{"footnotes":""},"class_list":["post-112","page","type-page","status-publish","hentry"],"_links":{"self":[{"href":"https:\/\/coursepages2.tuni.fi\/mtta1-latex\/wp-json\/wp\/v2\/pages\/112","targetHints":{"allow":["GET"]}}],"collection":[{"href":"https:\/\/coursepages2.tuni.fi\/mtta1-latex\/wp-json\/wp\/v2\/pages"}],"about":[{"href":"https:\/\/coursepages2.tuni.fi\/mtta1-latex\/wp-json\/wp\/v2\/types\/page"}],"author":[{"embeddable":true,"href":"https:\/\/coursepages2.tuni.fi\/mtta1-latex\/wp-json\/wp\/v2\/users\/38"}],"replies":[{"embeddable":true,"href":"https:\/\/coursepages2.tuni.fi\/mtta1-latex\/wp-json\/wp\/v2\/comments?post=112"}],"version-history":[{"count":6,"href":"https:\/\/coursepages2.tuni.fi\/mtta1-latex\/wp-json\/wp\/v2\/pages\/112\/revisions"}],"predecessor-version":[{"id":472,"href":"https:\/\/coursepages2.tuni.fi\/mtta1-latex\/wp-json\/wp\/v2\/pages\/112\/revisions\/472"}],"wp:attachment":[{"href":"https:\/\/coursepages2.tuni.fi\/mtta1-latex\/wp-json\/wp\/v2\/media?parent=112"}],"curies":[{"name":"wp","href":"https:\/\/api.w.org\/{rel}","templated":true}]}}