{"id":109,"date":"2017-09-29T14:14:17","date_gmt":"2017-09-29T11:14:17","guid":{"rendered":"https:\/\/coursepages.uta.fi\/mtta1-latex\/?page_id=109"},"modified":"2021-09-06T22:50:04","modified_gmt":"2021-09-06T19:50:04","slug":"matematiikka","status":"publish","type":"page","link":"https:\/\/coursepages2.tuni.fi\/mtta1-latex\/matematiikka\/","title":{"rendered":"Matematiikka"},"content":{"rendered":"<blockquote style=\"margin: 1em 0em;padding: 0.3em 1.3em 0.3em 4.5em;border: 1px solid #aaa\"><p><img loading=\"lazy\" decoding=\"async\" style=\"float: left;margin-left: -3.2em\" src=\"https:\/\/coursepages2.tuni.fi\/mtta1-latex\/wp-content\/uploads\/sites\/55\/2017\/10\/lainaus.png\" alt=\"\" width=\"31\" height=\"30\" \/>We encourage you to use LaTeX 2\u03b5 and thank you for doing so.<\/p>\n<p style=\"text-align: right;margin-top: -0.4em\">\u2013\u00a0<a href=\"https:\/\/www.ams.org\/publications\/authors\/tex\/latexbenefits\" target=\"_blank\" rel=\"noopener\">American Mathematical Society<\/a><\/p>\n<\/blockquote>\n<p>T\u00e4ss\u00e4 k\u00e4sitelt\u00e4viss\u00e4\u00a0<a href=\"https:\/\/coursepages2.tuni.fi\/mtta1-latex\/esimerkit\/\">esimerkeiss\u00e4<\/a>\u00a0k\u00e4ytet\u00e4\u00e4n aina makropaketteja amsmath ja amssymb, koska n\u00e4m\u00e4 antavat perus-LaTeXia monipuolisemmat v\u00e4lineet matemaattisten kaavojen ladontaan (katso yksityiskohtaisemmin\u00a0<a title=\"pdf-tiedosto 369 kt\" href=\"https:\/\/mirror.ctan.org\/macros\/latex\/required\/amsmath\/amsldoc.pdf\" target=\"_blank\" rel=\"noopener\">amsmathin k\u00e4ytt\u00f6ohjeista<\/a>). T\u00e4m\u00e4n vuoksi er\u00e4it\u00e4 LaTeXin ja plain TeXin matematiikkakomentoja ei t\u00e4ss\u00e4 edes mainita, vaan ne on korvattu amsmathin vastaavilla komennoilla.<\/p>\n<p>Makropaketin amsmath asemesta voi k\u00e4ytt\u00e4\u00e4 makropakettia <a href=\"https:\/\/ctan.org\/pkg\/mathtools\" target=\"_blank\" rel=\"noopener\">mathtools<\/a>, joka korjaa joitain amsmathin puutteita ja t\u00e4ydent\u00e4\u00e4 sit\u00e4 uusilla komennoilla ja ymp\u00e4rist\u00f6ill\u00e4.<\/p>\n","protected":false},"excerpt":{"rendered":"<p>We encourage you to use LaTeX 2\u03b5 and thank you for doing so. \u2013\u00a0American Mathematical Society T\u00e4ss\u00e4 k\u00e4sitelt\u00e4viss\u00e4\u00a0esimerkeiss\u00e4\u00a0k\u00e4ytet\u00e4\u00e4n aina makropaketteja amsmath ja amssymb, koska n\u00e4m\u00e4 antavat perus-LaTeXia monipuolisemmat v\u00e4lineet matemaattisten kaavojen ladontaan (katso yksityiskohtaisemmin\u00a0amsmathin k\u00e4ytt\u00f6ohjeista). T\u00e4m\u00e4n vuoksi er\u00e4it\u00e4 LaTeXin ja plain TeXin matematiikkakomentoja ei t\u00e4ss\u00e4 edes mainita, vaan ne on korvattu amsmathin vastaavilla komennoilla. Makropaketin &hellip; <a href=\"https:\/\/coursepages2.tuni.fi\/mtta1-latex\/matematiikka\/\" class=\"more-link\">Jatka artikkeliin <span class=\"screen-reader-text\">Matematiikka<\/span><\/a><\/p>\n","protected":false},"author":38,"featured_media":0,"parent":0,"menu_order":3,"comment_status":"closed","ping_status":"closed","template":"","meta":{"footnotes":""},"class_list":["post-109","page","type-page","status-publish","hentry"],"_links":{"self":[{"href":"https:\/\/coursepages2.tuni.fi\/mtta1-latex\/wp-json\/wp\/v2\/pages\/109","targetHints":{"allow":["GET"]}}],"collection":[{"href":"https:\/\/coursepages2.tuni.fi\/mtta1-latex\/wp-json\/wp\/v2\/pages"}],"about":[{"href":"https:\/\/coursepages2.tuni.fi\/mtta1-latex\/wp-json\/wp\/v2\/types\/page"}],"author":[{"embeddable":true,"href":"https:\/\/coursepages2.tuni.fi\/mtta1-latex\/wp-json\/wp\/v2\/users\/38"}],"replies":[{"embeddable":true,"href":"https:\/\/coursepages2.tuni.fi\/mtta1-latex\/wp-json\/wp\/v2\/comments?post=109"}],"version-history":[{"count":14,"href":"https:\/\/coursepages2.tuni.fi\/mtta1-latex\/wp-json\/wp\/v2\/pages\/109\/revisions"}],"predecessor-version":[{"id":819,"href":"https:\/\/coursepages2.tuni.fi\/mtta1-latex\/wp-json\/wp\/v2\/pages\/109\/revisions\/819"}],"wp:attachment":[{"href":"https:\/\/coursepages2.tuni.fi\/mtta1-latex\/wp-json\/wp\/v2\/media?parent=109"}],"curies":[{"name":"wp","href":"https:\/\/api.w.org\/{rel}","templated":true}]}}