{"id":5,"date":"2017-06-22T10:58:06","date_gmt":"2017-06-22T07:58:06","guid":{"rendered":"https:\/\/coursepages.uta.fi\/luoyy023\/?page_id=5"},"modified":"2020-09-11T16:08:48","modified_gmt":"2020-09-11T13:08:48","slug":"paasivu","status":"publish","type":"page","link":"https:\/\/coursepages2.tuni.fi\/luoyy023\/","title":{"rendered":"P\u00e4\u00e4sivu"},"content":{"rendered":"<p>Perehdytt\u00e4minen tietotekniikan alkeisiin (LUOYY023) on vapaaehtoisten opintojen jakso. Opintojakson aikana opiskelija opettaa tietotekniikan alkeita esimerkiksi kouluissa tai kirjastoissa.<\/p>\n<p>Opetusty\u00f6 voi tapahtua koodikerhojen kautta. Jos olet kiinnostunut <a href=\"http:\/\/koodikerho.fi\/\">koodikerhojen<\/a> vet\u00e4misest\u00e4, ota yhteytt\u00e4 vastuuopettajaan. Tampereen kaupungin kouluissa on mahdollista p\u00e4\u00e4st\u00e4 vet\u00e4m\u00e4\u00e4n koulujen koodikerhoja, ja saada t\u00e4t\u00e4 kautta opintopisteit\u00e4.<\/p>\n<p>Kurssin osallistujat ovat viimevuosina olleet koodikerhojen lis\u00e4ksi j\u00e4rjest\u00e4m\u00e4ss\u00e4 mm. tietotekniikkaleirej\u00e4, opettaneet <a href=\"http:\/\/www.arduino.org\/\">Arduino<\/a>-ohjelmointia ja osallistuneet <a href=\"http:\/\/www.tampere.fi\/kulttuuri-ja-vapaa-aika\/kirjastot\/aukiolot-ja-yhteystiedot\/tietotorit.html\">tietotoreille<\/a> Tampereen kirjastoissa.<\/p>\n<h3>Ajankohtaista<\/h3>\n<ul>\n<li>Kurssin <a href=\"https:\/\/moodle.tuni.fi\/course\/view.php?id=14546\">Moodle-alue<\/a> on avattu.<\/li>\n<li>Kurssit esittelytilaisuus on tiistaina 15.9 klo 14.15-15 Zoomissa. Katso osoite kurssin Moodle-alueelta.<\/li>\n<\/ul>\n<h3>Kurssin vastuuopettaja<\/h3>\n<p>Timo Poranen (Pinni B1023, timo.poranen at tuni.fi)<\/p>\n<h1>Sis\u00e4lt\u00f6<\/h1>\n<p>LUOYY023 <a href=\"https:\/\/sis-tuni.funidata.fi\/student\/courseunit\/otm-329dffe0-9580-407f-a681-53c0d5c02678\/brochure\">Perehdytt\u00e4minen tietotekniikan alkeisiin<\/a> -kurssin kuvaus Sisussa.<\/p>\n<h1>Suorittaminen<\/h1>\n<p>Kurssisuoritus koostuu suunnitelman laatimisesta , opetusty\u00f6n tekemisest\u00e4, sek\u00e4 raportin laatimisesta opetusty\u00f6n j\u00e4lkeen .<\/p>\n<ul>\n<li>Ilmoittautu kurssille <a href=\"https:\/\/sis-tuni.funidata.fi\/student\/courseunit\/otm-329dffe0-9580-407f-a681-53c0d5c02678\/brochure\">Sisussa<\/a>.<\/li>\n<li>Liity kurssin <a href=\"https:\/\/moodle.tuni.fi\/course\/view.php?id=14546\">Moodle-alueelle<\/a>. Riitt\u00e4\u00e4, ett\u00e4 olet kiinnostunut tietotekniikan alkeiden opettamisesta, opetusteht\u00e4v\u00e4\u00e4 ei v\u00e4ltt\u00e4m\u00e4tt\u00e4 tarvitse olla viel\u00e4 tiedossa.<\/li>\n<li>Kurssin yleist\u00e4 keskustelualuetta voit k\u00e4ytt\u00e4\u00e4 halutessasi sopivan opetusty\u00f6n etsint\u00e4\u00e4n ja mahdollisiin kurssiin liittyviin kysymyksiin.<\/li>\n<li>Laadi suunnitelma tietotekniikan alkeisiin liittyv\u00e4st\u00e4 opetusty\u00f6st\u00e4si ja palauta se Moodleen.<\/li>\n<li>Toimi suunnitelmasi mukaisesti.<\/li>\n<li>Osallistu muiden kurssia suorittavien opiskelijoiden tapaamiseen. Ajankohta sovitaan lukukausittain.<\/li>\n<li>Opetusty\u00f6n p\u00e4\u00e4tytty\u00e4 palauta Moodleen raportti tekem\u00e4sti ty\u00f6st\u00e4. T\u00e4m\u00e4n j\u00e4lkeen saat opintopisteet. Opintopisteet m\u00e4\u00e4r\u00e4ytyv\u00e4t siten, ett\u00e4 12h opetusta antaa 1 opintopisteen. Kurssista voi saada korkeintaan 3 opintopistett\u00e4 (36 tuntia opetusta).<\/li>\n<\/ul>\n<h4>Suunnitelman laatiminen ja palauttaminen<\/h4>\n<p>Ennen opetusty\u00f6t\u00e4 tulee opiskelijan laatia suunnitelma ja palauttaa se kurssin Moodle-alueelle. Suunnitelma on vapaamuotoinen, mutta siin\u00e4 on hyv\u00e4 k\u00e4sitell\u00e4 seuraavia asioita:<\/p>\n<ul>\n<li>Opetusty\u00f6n tekopaikka ja mahdollinen ohjaaja \/ yhteyshenkil\u00f6 (esim. koodikerhojen koordinaattori, koulun rehtori tai opettaja).<\/li>\n<li>Kuvaus opetusty\u00f6st\u00e4 ja opetuksen sis\u00e4ll\u00f6st\u00e4.<\/li>\n<li>Opetukseen valmistautuminen.<\/li>\n<li>Opetuksen ajankohta ja tuntim\u00e4\u00e4r\u00e4 (esim. joka perjantai 2h v\u00e4lill\u00e4 9.9.2018-25.11.2018 (12 viikkoa), tunteja yhteens\u00e4 24h).<\/li>\n<li>Palautteen ker\u00e4\u00e4minen.<\/li>\n<li>Mik\u00e4li opetusty\u00f6t\u00e4 varten laaditaan opetusmateriaalia, kuvaa suunnitelmassa my\u00f6s t\u00e4m\u00e4.<\/li>\n<\/ul>\n<h4>Raportin laatiminen ja palauttaminen<\/h4>\n<p>Raportissa kuvataan miten opetusty\u00f6 tapahtui ja toteutuiko kaikki suunnitelman mukaan. Lis\u00e4ksi kerrotaan kokemuksia tehdyst\u00e4 opetusty\u00f6st\u00e4.<\/p>\n","protected":false},"excerpt":{"rendered":"<p>Perehdytt\u00e4minen tietotekniikan alkeisiin (LUOYY023) on vapaaehtoisten opintojen jakso. Opintojakson aikana opiskelija opettaa tietotekniikan alkeita esimerkiksi kouluissa tai kirjastoissa. Opetusty\u00f6 voi tapahtua koodikerhojen kautta. Jos olet kiinnostunut koodikerhojen vet\u00e4misest\u00e4, ota yhteytt\u00e4 vastuuopettajaan. Tampereen kaupungin kouluissa on mahdollista p\u00e4\u00e4st\u00e4 vet\u00e4m\u00e4\u00e4n koulujen koodikerhoja, ja saada t\u00e4t\u00e4 kautta opintopisteit\u00e4. Kurssin osallistujat ovat viimevuosina olleet koodikerhojen lis\u00e4ksi j\u00e4rjest\u00e4m\u00e4ss\u00e4 mm. tietotekniikkaleirej\u00e4, &hellip; <a href=\"https:\/\/coursepages2.tuni.fi\/luoyy023\/\" class=\"more-link\">Jatka artikkeliin <span class=\"screen-reader-text\">P\u00e4\u00e4sivu<\/span><\/a><\/p>\n","protected":false},"author":1,"featured_media":0,"parent":0,"menu_order":0,"comment_status":"closed","ping_status":"closed","template":"","meta":{"footnotes":""},"class_list":["post-5","page","type-page","status-publish","hentry"],"_links":{"self":[{"href":"https:\/\/coursepages2.tuni.fi\/luoyy023\/wp-json\/wp\/v2\/pages\/5","targetHints":{"allow":["GET"]}}],"collection":[{"href":"https:\/\/coursepages2.tuni.fi\/luoyy023\/wp-json\/wp\/v2\/pages"}],"about":[{"href":"https:\/\/coursepages2.tuni.fi\/luoyy023\/wp-json\/wp\/v2\/types\/page"}],"author":[{"embeddable":true,"href":"https:\/\/coursepages2.tuni.fi\/luoyy023\/wp-json\/wp\/v2\/users\/1"}],"replies":[{"embeddable":true,"href":"https:\/\/coursepages2.tuni.fi\/luoyy023\/wp-json\/wp\/v2\/comments?post=5"}],"version-history":[{"count":19,"href":"https:\/\/coursepages2.tuni.fi\/luoyy023\/wp-json\/wp\/v2\/pages\/5\/revisions"}],"predecessor-version":[{"id":41,"href":"https:\/\/coursepages2.tuni.fi\/luoyy023\/wp-json\/wp\/v2\/pages\/5\/revisions\/41"}],"wp:attachment":[{"href":"https:\/\/coursepages2.tuni.fi\/luoyy023\/wp-json\/wp\/v2\/media?parent=5"}],"curies":[{"name":"wp","href":"https:\/\/api.w.org\/{rel}","templated":true}]}}