{"id":5,"date":"2017-06-22T10:58:06","date_gmt":"2017-06-22T07:58:06","guid":{"rendered":"https:\/\/coursepages.uta.fi\/00\/?page_id=5"},"modified":"2023-09-29T14:22:57","modified_gmt":"2023-09-29T11:22:57","slug":"paasivu","status":"publish","type":"page","link":"https:\/\/coursepages2.tuni.fi\/jo223\/","title":{"rendered":"P\u00e4\u00e4sivu"},"content":{"rendered":"<p>Kurssin suoritettuaan opiskelija on perehtynyt talousjournalismin ajankohtaisiin haasteisiin ja l\u00e4hitulevaisuuden kehitysn\u00e4kymiin. <a href=\"https:\/\/coursepages2.tuni.fi\/jo223\/nelja-nakoalaa-talousjournalismiin-9-11-2023-klo-12-00-15-00-paatalo-d205-d10b\/\">Kurssiin sis\u00e4ltyv\u00e4t Tampereella 9.11.2023 j\u00e4rjestett\u00e4v\u00e4n talousjournalismiseminaarin luennot<\/a> sek\u00e4 valinnainen m\u00e4\u00e4r\u00e4 kirjallisuutta.<\/p>\n<p>Seminaarin luennot suoritetaan oppimisp\u00e4iv\u00e4kirjan (tarkempi ohje kurssin Moodlessa) avulla (1 op). Kurssin kirjallisuus puolestaan sovitaan erikseen (marko.ala-fossi@tuni.fi) ja suoritetaan essein\u00e4 (2op + 2op).<\/p>\n<p>Esseet laaditaan<a href=\"https:\/\/content-webapi.tuni.fi\/proxy\/public\/2021-01\/esseen%20ohjeet_journalistiikka_2021.pdf\"> journalistiikan esseeohjeen<\/a> mukaisesti, tarkemmat ohjeet Moodlessa.<\/p>\n<p><strong>Kurssikirjallisuus<\/strong><\/p>\n<p><em>V\u00e4hint\u00e4\u00e4n yksi seuraavista: <\/em><\/p>\n<p>Hurmeranta, Markku (2012) Talousmedia murroksessa &#8211; Muutosdynamiikan tarkastelua mediatalouden ja median k\u00e4yt\u00f6n n\u00e4k\u00f6kulmista. <a href=\"https:\/\/trepo.tuni.fi\/handle\/10024\/66916\">https:\/\/trepo.tuni.fi\/handle\/10024\/66916<\/a><\/p>\n<p>Lind\u00e9n, Carl-Gustav (2012) National Champions in Combat: Nokia, Ericsson And The Sensemaking Of Business News. <a href=\"https:\/\/helda.helsinki.fi\/items\/5cc5932d-26b3-4202-b72f-5ea4a4e0c9ae\">https:\/\/helda.helsinki.fi\/items\/5cc5932d-26b3-4202-b72f-5ea4a4e0c9ae<\/a><\/p>\n<p>Harjuniemi, Timo (2020) Journalism and Democracy After the Economic Crisis. Journalistic Representations of Austerity Policies. <a href=\"https:\/\/helda.helsinki.fi\/items\/68007246-4980-47b6-b491-9ab5378b8ae0\">https:\/\/helda.helsinki.fi\/items\/68007246-4980-47b6-b491-9ab5378b8ae0<\/a><\/p>\n<p><em>V\u00e4hint\u00e4\u00e4n kaksi seuraavista:<\/em><\/p>\n<p>Simola, Anna &amp; Reunanen, Esa (2010) Kaikki toistaiseksi hyvin. Kansainv\u00e4linen finanssikriisi talousjournalismissa. <a href=\"https:\/\/trepo.tuni.fi\/handle\/10024\/65356\">https:\/\/trepo.tuni.fi\/handle\/10024\/65356<\/a><\/p>\n<p>Reunanen, Esa &amp; V\u00e4liverronen, Jari (2020) Tupo ja media: Talous- ja ty\u00f6markkinapoliittisen julkisuuden toimintahorisontit kolmella vuosikymmenell\u00e4. <a href=\"https:\/\/trepo.tuni.fi\/handle\/10024\/119808\">https:\/\/trepo.tuni.fi\/handle\/10024\/119808<\/a><\/p>\n<p>Harjuniemi, Timo (2021) Talouden asiantuntijoiden uskottavuuden hierarkia suomalaisten talous- ja politiikan toimittajien silmin. <a href=\"https:\/\/journal.fi\/mediaviestinta\/article\/view\/111508\">https:\/\/journal.fi\/mediaviestinta\/article\/view\/111508<\/a><\/p>\n<p>Harjuniemi, Timo (2023) Talouskeskustelu mediajulkisuudessa. (luku e-kirjassa) <a href=\"https:\/\/andor.tuni.fi\/permalink\/358FIN_TAMPO\/1j3mh4m\/alma9911410814805973\">https:\/\/andor.tuni.fi\/permalink\/358FIN_TAMPO\/1j3mh4m\/alma9911410814805973<\/a><\/p>\n","protected":false},"excerpt":{"rendered":"<p>Kurssin suoritettuaan opiskelija on perehtynyt talousjournalismin ajankohtaisiin haasteisiin ja l\u00e4hitulevaisuuden kehitysn\u00e4kymiin. Kurssiin sis\u00e4ltyv\u00e4t Tampereella 9.11.2023 j\u00e4rjestett\u00e4v\u00e4n talousjournalismiseminaarin luennot sek\u00e4 valinnainen m\u00e4\u00e4r\u00e4 kirjallisuutta. Seminaarin luennot suoritetaan oppimisp\u00e4iv\u00e4kirjan (tarkempi ohje kurssin Moodlessa) avulla (1 op). Kurssin kirjallisuus puolestaan sovitaan erikseen (marko.ala-fossi@tuni.fi) ja suoritetaan essein\u00e4 (2op + 2op). Esseet laaditaan journalistiikan esseeohjeen mukaisesti, tarkemmat ohjeet Moodlessa. Kurssikirjallisuus V\u00e4hint\u00e4\u00e4n &hellip; <a href=\"https:\/\/coursepages2.tuni.fi\/jo223\/\" class=\"more-link\">Jatka artikkeliin <span class=\"screen-reader-text\">P\u00e4\u00e4sivu<\/span><\/a><\/p>\n","protected":false},"author":1,"featured_media":0,"parent":0,"menu_order":0,"comment_status":"closed","ping_status":"closed","template":"","meta":{"footnotes":""},"class_list":["post-5","page","type-page","status-publish","hentry"],"_links":{"self":[{"href":"https:\/\/coursepages2.tuni.fi\/jo223\/wp-json\/wp\/v2\/pages\/5","targetHints":{"allow":["GET"]}}],"collection":[{"href":"https:\/\/coursepages2.tuni.fi\/jo223\/wp-json\/wp\/v2\/pages"}],"about":[{"href":"https:\/\/coursepages2.tuni.fi\/jo223\/wp-json\/wp\/v2\/types\/page"}],"author":[{"embeddable":true,"href":"https:\/\/coursepages2.tuni.fi\/jo223\/wp-json\/wp\/v2\/users\/1"}],"replies":[{"embeddable":true,"href":"https:\/\/coursepages2.tuni.fi\/jo223\/wp-json\/wp\/v2\/comments?post=5"}],"version-history":[{"count":11,"href":"https:\/\/coursepages2.tuni.fi\/jo223\/wp-json\/wp\/v2\/pages\/5\/revisions"}],"predecessor-version":[{"id":40,"href":"https:\/\/coursepages2.tuni.fi\/jo223\/wp-json\/wp\/v2\/pages\/5\/revisions\/40"}],"wp:attachment":[{"href":"https:\/\/coursepages2.tuni.fi\/jo223\/wp-json\/wp\/v2\/media?parent=5"}],"curies":[{"name":"wp","href":"https:\/\/api.w.org\/{rel}","templated":true}]}}