{"id":5,"date":"2017-06-22T10:58:06","date_gmt":"2017-06-22T07:58:06","guid":{"rendered":"https:\/\/coursepages.uta.fi\/itms15\/?page_id=5"},"modified":"2019-08-12T15:26:50","modified_gmt":"2019-08-12T12:26:50","slug":"paasivu","status":"publish","type":"page","link":"https:\/\/coursepages2.tuni.fi\/itms15\/","title":{"rendered":"ITMS15 Lukemisen tutkimuksen essee"},"content":{"rendered":"<h2>Lukemisen tutkimuksen essee 5 op<\/h2>\n<p>&nbsp;<\/p>\n<p><u>Valitaan 2-3 esseeteemaa annetuista teemoista<\/u>. Esseen kirjoittamisessa tulee hy\u00f6dynt\u00e4\u00e4 kaikkia kolmea kirjaa kirjalistalta.<\/p>\n<p>Esseen pituus 15-20 sivua kakkosriviv\u00e4lill\u00e4. \u00a0Esseess\u00e4 referoidaan kirjoittajien ajatuksia. Esseen alkuun tulee lyhyt johdatus siihen, mit\u00e4 teemoja esseess\u00e4 on valittu k\u00e4sitelt\u00e4v\u00e4ksi. Muotoile v\u00e4liotsikot (teemat) ja merkitse l\u00e4hdeviitteet tekstiin. Esseen loppuun laitetaan oma kokoava pohdinta opintojakson annista, omasta oppimisesta ja opintojakson kirjallisuudesta. Pohdintaosuus on pakollinen. L\u00e4het\u00e4 essee s\u00e4hk\u00f6postiliitteen\u00e4 (sanna talja at tuni.fi).<\/p>\n<p><strong>Kirjallisuuslista <\/strong><\/p>\n<ul>\n<li>Littau, Karin (2006): Theories of Reading: Books, Bodies and Bibliomania. Cambridge: Polity Press.<\/li>\n<li>Ross, C.S., McKechnie, L, Rothbauer, P.M. (2018): Reading Still Matters: What the Research Reveals about Reading, Libraries and Community. Libraries Unlimited.<\/li>\n<li>Rothbauer, P.M., Skjerdingstad, K.I., McKechnie, L. &amp; Oterholm, K (eds.) (2016): Plotting the Reading Experience: Theory\/Practice\/Politics. Wilfrid Laurier University Press.<\/li>\n<\/ul>\n<p><strong>Esseeteemat <\/strong><\/p>\n<p>Huom! Esseeteemoja voi muotoilla my\u00f6s itse opintojakson kirjallisuuden pohjalta.<\/p>\n<p>1. Millaisia eri lukijatyyppej\u00e4 tutkijat ovat eri aikoina erotelleet tai tunnistaneet? (Referoi vastauksessasi mielell\u00e4\u00e4n kaikkia kolme kolmea kirjaa)<\/p>\n<p>2. Mit\u00e4 tarkoitetaan puhuttaessa lukemisen materiaalisuudesta ja kehollisuudesta?<\/p>\n<p>3. Lukemisen vaikutukset lukijaan empiirisen lukemistutkimuksen valossa<\/p>\n<p style=\"padding-left: 30px\">Kirjoissa keskustellaan runsaasti lukemisen mahdollisista vaikutuksista. Referoi t\u00e4ss\u00e4 keskustelua ja nosta esiin mielest\u00e4si kiinnostavia havaintoja ja tuloksia erityisesti kirjoissa referoitujen empiiristen lukemistutkimusten pohjalta.<\/p>\n<p>4. Monet kirjoittajista korostavat sit\u00e4, ett\u00e4 lukukokemuksen laatu on t\u00e4rke\u00e4mp\u00e4\u00e4 kuin luetun kirjan (tai muun tekstin) laatu. Miten t\u00e4t\u00e4 v\u00e4itett\u00e4 perustellaan, ja mit\u00e4 t\u00e4st\u00e4 seuraa esimerkiksi koulujen ja kirjastojen kannalta?<\/p>\n<p>&nbsp;<\/p>\n<h2><\/h2>\n<p>&nbsp;<\/p>\n<p>&nbsp;<\/p>\n<p>&nbsp;<\/p>\n","protected":false},"excerpt":{"rendered":"<p>Lukemisen tutkimuksen essee 5 op &nbsp; Valitaan 2-3 esseeteemaa annetuista teemoista. Esseen kirjoittamisessa tulee hy\u00f6dynt\u00e4\u00e4 kaikkia kolmea kirjaa kirjalistalta. Esseen pituus 15-20 sivua kakkosriviv\u00e4lill\u00e4. \u00a0Esseess\u00e4 referoidaan kirjoittajien ajatuksia. Esseen alkuun tulee lyhyt johdatus siihen, mit\u00e4 teemoja esseess\u00e4 on valittu k\u00e4sitelt\u00e4v\u00e4ksi. Muotoile v\u00e4liotsikot (teemat) ja merkitse l\u00e4hdeviitteet tekstiin. Esseen loppuun laitetaan oma kokoava pohdinta opintojakson annista, &hellip; <a href=\"https:\/\/coursepages2.tuni.fi\/itms15\/\" class=\"more-link\">Jatka artikkeliin <span class=\"screen-reader-text\">ITMS15 Lukemisen tutkimuksen essee<\/span><\/a><\/p>\n","protected":false},"author":1,"featured_media":0,"parent":0,"menu_order":0,"comment_status":"closed","ping_status":"closed","template":"","meta":{"footnotes":""},"class_list":["post-5","page","type-page","status-publish","hentry"],"_links":{"self":[{"href":"https:\/\/coursepages2.tuni.fi\/itms15\/wp-json\/wp\/v2\/pages\/5","targetHints":{"allow":["GET"]}}],"collection":[{"href":"https:\/\/coursepages2.tuni.fi\/itms15\/wp-json\/wp\/v2\/pages"}],"about":[{"href":"https:\/\/coursepages2.tuni.fi\/itms15\/wp-json\/wp\/v2\/types\/page"}],"author":[{"embeddable":true,"href":"https:\/\/coursepages2.tuni.fi\/itms15\/wp-json\/wp\/v2\/users\/1"}],"replies":[{"embeddable":true,"href":"https:\/\/coursepages2.tuni.fi\/itms15\/wp-json\/wp\/v2\/comments?post=5"}],"version-history":[{"count":8,"href":"https:\/\/coursepages2.tuni.fi\/itms15\/wp-json\/wp\/v2\/pages\/5\/revisions"}],"predecessor-version":[{"id":29,"href":"https:\/\/coursepages2.tuni.fi\/itms15\/wp-json\/wp\/v2\/pages\/5\/revisions\/29"}],"wp:attachment":[{"href":"https:\/\/coursepages2.tuni.fi\/itms15\/wp-json\/wp\/v2\/media?parent=5"}],"curies":[{"name":"wp","href":"https:\/\/api.w.org\/{rel}","templated":true}]}}