{"id":5,"date":"2017-06-22T10:58:06","date_gmt":"2017-06-22T07:58:06","guid":{"rendered":"https:\/\/coursepages.uta.fi\/itiy3-fi\/?page_id=5"},"modified":"2019-08-09T13:14:26","modified_gmt":"2019-08-09T10:14:26","slug":"paasivu","status":"publish","type":"page","link":"https:\/\/coursepages2.tuni.fi\/itiy3-fi\/","title":{"rendered":"ITIY3 Verkkojulkaisemisen perusteet 5 op"},"content":{"rendered":"<h1>ITIY3 Verkkojulkaisemisen perusteet 5 op<\/h1>\n<p>&nbsp;<\/p>\n<hr \/>\n<p><strong>Kurssi j\u00e4rjestet\u00e4\u00e4n viimeisen kerran 2019 syksyll\u00e4 periodissa 1.<\/strong><\/p>\n<hr \/>\n<p><strong>Aikataulut ja ilmoittautuminen:<\/strong><\/p>\n<div class=\"opsi_toteuma_opetustapa\">\n<div class=\"opsi_opetustapa_ajankohta\">Kurssi alkaa <strong>30.8.2019<\/strong><\/div>\n<\/div>\n<div><\/div>\n<p>Opetus tapahtuu osittain verkossa (verkkoluennot) sek\u00e4 l\u00e4hiopetuksena (mikroluokassa harjoitukset). Vaihtoehtoisesti voit my\u00f6s tehd\u00e4 harjoitukset itsen\u00e4isesti. Kurssin kaikki opetusmateriaalit ja kurssiteht\u00e4v\u00e4t julkaistaan kurssin Moodle-sivuille.<\/p>\n<p>L\u00e4hiopetusryhm\u00e4 j\u00e4rjestet\u00e4\u00e4n 7 kertaa perjantaisin 12-16.<\/p>\n<p>Paikkana ensimm\u00e4isell\u00e4 viikolla 30.8. Linna ML50, mutta seuraavat opetuskerrat 6.9-11.10. ovat mikroluokassa Pinni B0040.<\/p>\n<p>Poikkeusj\u00e4rjestelyst\u00e4 johtuen kurssi-ilmoittautuminen tehd\u00e4\u00e4n <strong>s\u00e4hk\u00f6postitse<\/strong> suoraan opettajan tuni.fi osioitteeseen (<em>andras.varga<\/em>).<\/p>\n<p>Ilmoittautumisviestiss\u00e4 muista mainita opiskelijanumerosi, tuni s-posti osoitteesi (jos viesti on muualta kuin tunin palvelimelta) sek\u00e4 ilmaise halukkuutesi osallistua l\u00e4hiopetukseen tai itsen\u00e4iseen ty\u00f6skentelyyn.<\/p>\n<div><\/div>\n<div class=\"opsi_toteuma_opetustapa\">\n<h2>Kurssin teemat<\/h2>\n<p>Verkkoymp\u00e4rist\u00f6 ja verkkoresurssit<\/p>\n<p>Verkkosivut ja HTML-kieli<\/p>\n<p>CSS &#8211; verkkosivujen esitysasun tyylikieli<\/p>\n<p>Verkkokuvat ja muut verkkomediat<\/p>\n<p>WordPress julkaisualustan perusteet<\/p>\n<h2>Kurssin suorittaminen<\/h2>\n<p>Kurssin varsinainen\u00a0<strong>arvioitava suorittaminen tapahtuu palauttamalla erilliset kurssiteht\u00e4v\u00e4t<\/strong>\u00a0<strong>Moodlessa<\/strong>\u00a0ja\u00a0<strong>tenttim\u00e4ll\u00e4 kurssin lopussa.<\/strong><\/p>\n<p>Itsen\u00e4inen ty\u00f6skentely voi olla haastavaa, jos opiskelijalla ei ole aiempaa kokemusta verkkojulkaisemisesta. L\u00e4hiopetusryhmiss\u00e4 k\u00e4yd\u00e4\u00e4n l\u00e4pi viikkoharjoitusesimerkit ja samalla viikon teemoihin liittyvi\u00e4 muita esimerkkej\u00e4. Harjoitukset auttavat my\u00f6s teht\u00e4vien ratkaisussa.<\/p>\n<p>Muista my\u00f6s, ett\u00e4 t\u00e4m\u00e4 on viimeinen mahdollisuus suorittaa ITIY3 kurssia. Kurssiarvosanan saa viel\u00e4 t\u00e4m\u00e4n vuoden puolella, muttei en\u00e4\u00e4 my\u00f6hemmin siirtym\u00e4kauden p\u00e4\u00e4dytty\u00e4.<\/p>\n<p>Vaikka kurssi on peruskurssi, se kuitenkin kattaa laajan kokonaisuuden. Teorian ohella on my\u00f6s paljon konkreettista harjoteltavaa. Opetuksen ohella kannattaa kokeilla opittuja asioita my\u00f6s itsen\u00e4isesti ja tutustua annettuihin esimerkkeihin ja materiaaleihin my\u00f6s omalla ajalla. Itsen\u00e4isesti harjoittelevan kannattaa k\u00e4yd\u00e4 l\u00e4pi materiaalit ja harjoitukset viikottain. Pelkk\u00e4 materiaalien silm\u00e4ily ennen tentti\u00e4 ei yleens\u00e4 riit\u00e4.<\/p>\n<p>&nbsp;<\/p>\n<\/div>\n<hr \/>\n<p>Kurssin opettajana: Andras Varga \u2013 andras.varga at tuni.fi<\/p>\n","protected":false},"excerpt":{"rendered":"<p>ITIY3 Verkkojulkaisemisen perusteet 5 op &nbsp; Kurssi j\u00e4rjestet\u00e4\u00e4n viimeisen kerran 2019 syksyll\u00e4 periodissa 1. Aikataulut ja ilmoittautuminen: Kurssi alkaa 30.8.2019 Opetus tapahtuu osittain verkossa (verkkoluennot) sek\u00e4 l\u00e4hiopetuksena (mikroluokassa harjoitukset). Vaihtoehtoisesti voit my\u00f6s tehd\u00e4 harjoitukset itsen\u00e4isesti. Kurssin kaikki opetusmateriaalit ja kurssiteht\u00e4v\u00e4t julkaistaan kurssin Moodle-sivuille. L\u00e4hiopetusryhm\u00e4 j\u00e4rjestet\u00e4\u00e4n 7 kertaa perjantaisin 12-16. Paikkana ensimm\u00e4isell\u00e4 viikolla 30.8. Linna ML50, &hellip; <a href=\"https:\/\/coursepages2.tuni.fi\/itiy3-fi\/\" class=\"more-link\">Jatka artikkeliin <span class=\"screen-reader-text\">ITIY3 Verkkojulkaisemisen perusteet 5 op<\/span><\/a><\/p>\n","protected":false},"author":8,"featured_media":0,"parent":0,"menu_order":0,"comment_status":"closed","ping_status":"closed","template":"","meta":{"footnotes":""},"class_list":["post-5","page","type-page","status-publish","hentry"],"_links":{"self":[{"href":"https:\/\/coursepages2.tuni.fi\/itiy3-fi\/wp-json\/wp\/v2\/pages\/5","targetHints":{"allow":["GET"]}}],"collection":[{"href":"https:\/\/coursepages2.tuni.fi\/itiy3-fi\/wp-json\/wp\/v2\/pages"}],"about":[{"href":"https:\/\/coursepages2.tuni.fi\/itiy3-fi\/wp-json\/wp\/v2\/types\/page"}],"author":[{"embeddable":true,"href":"https:\/\/coursepages2.tuni.fi\/itiy3-fi\/wp-json\/wp\/v2\/users\/8"}],"replies":[{"embeddable":true,"href":"https:\/\/coursepages2.tuni.fi\/itiy3-fi\/wp-json\/wp\/v2\/comments?post=5"}],"version-history":[{"count":17,"href":"https:\/\/coursepages2.tuni.fi\/itiy3-fi\/wp-json\/wp\/v2\/pages\/5\/revisions"}],"predecessor-version":[{"id":18,"href":"https:\/\/coursepages2.tuni.fi\/itiy3-fi\/wp-json\/wp\/v2\/pages\/5\/revisions\/18"}],"wp:attachment":[{"href":"https:\/\/coursepages2.tuni.fi\/itiy3-fi\/wp-json\/wp\/v2\/media?parent=5"}],"curies":[{"name":"wp","href":"https:\/\/api.w.org\/{rel}","templated":true}]}}