{"id":5,"date":"2017-06-22T10:58:06","date_gmt":"2017-06-22T07:58:06","guid":{"rendered":"https:\/\/coursepages.uta.fi\/itis46\/?page_id=5"},"modified":"2018-09-04T10:30:57","modified_gmt":"2018-09-04T07:30:57","slug":"paasivu","status":"publish","type":"page","link":"https:\/\/coursepages2.tuni.fi\/itis46\/","title":{"rendered":"P\u00e4\u00e4sivu"},"content":{"rendered":"<h1>ITIS46 Literature 5\u201325 ECTS<\/h1>\n<p>Each section is a separate exam of 5ECTs, and is taken in the electronic exam system.<\/p>\n<p>a) Play<br \/>\nb) Games and information<br \/>\n(c) Politics and power in digital cultures)<\/p>\n<p>&nbsp;<\/p>\n<h1>ITIS46 a) Play<\/h1>\n<p>Responsible teacher \/ Vastuuopettaja: Jaakko Stenros<\/p>\n<p>&#8211; David Myers (2009): Play Redux. The Form of Computer Games.<br \/>\n&#8211; Thomas S. Henricks (2006): Play Reconsidered. Sociological Perspectives on Human Expression.<br \/>\n&#8211; Mary Flanagan (2009): Critical Play. Radical Game Design.<\/p>\n<p>Available in the electronic exam service. \/ Opintojakso suoritetaan kirjatenttin\u00e4 s\u00e4hk\u00f6isess\u00e4 tenttipalvelussa.<\/p>\n<h1>ITIS46 b) Games and information<\/h1>\n<p>Responsible teacher \/ Vastuuopettaja: J. Tuomas Harviainen.<\/p>\n<p>&#8211; J\u00f8rgensen, K. (2013). Gameworld Interfaces.<br \/>\n&#8211; Sicart, M. (2009). The Ethics of Computer Games.<br \/>\n&#8211; Consalvo, M. (2007). Cheating: Gaining Advantage in Videogames.<\/p>\n<p>This book exam can be taken in the\u00a0<a href=\"https:\/\/tenttis.uta.fi\/login\/index.php?lang=en_utf8\">electronic exam service<\/a>.<\/p>\n<h1>ITIS46 c) Politics and power in digital cultures<\/h1>\n<p>Vastuuopettaja \/\/ Responsible teacher: J. Tuomas Harviainen<\/p>\n<p>Kirjat \/\/ Books:<br \/>\n&#8211; Castells, M. (2012), Networks of Outrage and Hope<br \/>\n&#8211; McChesney, R. (2014), Digital Disconnect<br \/>\n&#8211; Taylor, A. (2014), The People&#8217;s Platform: Taking Back Power and Culture in the Digital Age<\/p>\n<p>Suoritetaan kirjatenttin\u00e4 s\u00e4hk\u00f6isess\u00e4 tenttipalvelussa. \/\/ The course is\u00a0taken as a book exam via the Electronic Exam Service.<\/p>\n","protected":false},"excerpt":{"rendered":"<p>ITIS46 Literature 5\u201325 ECTS Each section is a separate exam of 5ECTs, and is taken in the electronic exam system. a) Play b) Games and information (c) Politics and power in digital cultures) &nbsp; ITIS46 a) Play Responsible teacher \/ Vastuuopettaja: Jaakko Stenros &#8211; David Myers (2009): Play Redux. The Form of Computer Games. &#8211; &hellip; <a href=\"https:\/\/coursepages2.tuni.fi\/itis46\/\" class=\"more-link\">Continue reading <span class=\"screen-reader-text\">P\u00e4\u00e4sivu<\/span><\/a><\/p>\n","protected":false},"author":1,"featured_media":0,"parent":0,"menu_order":0,"comment_status":"closed","ping_status":"closed","template":"","meta":{"footnotes":""},"class_list":["post-5","page","type-page","status-publish","hentry"],"_links":{"self":[{"href":"https:\/\/coursepages2.tuni.fi\/itis46\/wp-json\/wp\/v2\/pages\/5","targetHints":{"allow":["GET"]}}],"collection":[{"href":"https:\/\/coursepages2.tuni.fi\/itis46\/wp-json\/wp\/v2\/pages"}],"about":[{"href":"https:\/\/coursepages2.tuni.fi\/itis46\/wp-json\/wp\/v2\/types\/page"}],"author":[{"embeddable":true,"href":"https:\/\/coursepages2.tuni.fi\/itis46\/wp-json\/wp\/v2\/users\/1"}],"replies":[{"embeddable":true,"href":"https:\/\/coursepages2.tuni.fi\/itis46\/wp-json\/wp\/v2\/comments?post=5"}],"version-history":[{"count":9,"href":"https:\/\/coursepages2.tuni.fi\/itis46\/wp-json\/wp\/v2\/pages\/5\/revisions"}],"predecessor-version":[{"id":27,"href":"https:\/\/coursepages2.tuni.fi\/itis46\/wp-json\/wp\/v2\/pages\/5\/revisions\/27"}],"wp:attachment":[{"href":"https:\/\/coursepages2.tuni.fi\/itis46\/wp-json\/wp\/v2\/media?parent=5"}],"curies":[{"name":"wp","href":"https:\/\/api.w.org\/{rel}","templated":true}]}}