{"id":52,"date":"2017-12-13T13:55:31","date_gmt":"2017-12-13T11:55:31","guid":{"rendered":"https:\/\/coursepages.uta.fi\/itis36\/?page_id=52"},"modified":"2017-12-13T14:07:27","modified_gmt":"2017-12-13T12:07:27","slug":"itis36f-sailyttaminen-kuvailu-metatiedot-ja-kaytto","status":"publish","type":"page","link":"https:\/\/coursepages2.tuni.fi\/itis36\/itis36b-f-asiakirjahallinta\/itis36f-sailyttaminen-kuvailu-metatiedot-ja-kaytto\/","title":{"rendered":"ITIS36f S\u00e4ilytt\u00e4minen, kuvailu, metatiedot ja k\u00e4ytt\u00f6"},"content":{"rendered":"<h3>Mahdollisia esseeaiheita (voit my\u00f6s valita itse)<\/h3>\n<ul id=\"yui_3_17_2_1_1513165150715_425\">\n<li>Meta- ja kuvailutiedot aineistojen s\u00e4ilytt\u00e4misess\u00e4 ja k\u00e4yt\u00f6ss\u00e4<\/li>\n<li>Arkistojen k\u00e4ytt\u00f6 organisaatioissa ja p\u00e4\u00e4tearkistossa<\/li>\n<\/ul>\n<h3>Kirjallisuus<\/h3>\n<ul id=\"yui_3_17_2_1_1513166366390_1762\">\n<li id=\"yui_3_17_2_1_1513166366390_1761\">Henttonen, Pekka: Johdatus asiakirjahallinnan tutkimukseen. 2015. Avain-kustannus, s. 234-254 ja 210-223.<\/li>\n<li>Duff, W. M. (2010). Archival mediation. In T. Eastwood &amp; H. MacNeil (Eds.), Currents of archival thinking (pp. 115\u2013136). Santa Barbara, CA: ABC-Clio.<\/li>\n<li>Guenther, Metadata to support long-term preservation of digital assets: PREMIS and its use with METS. Proceedings of the 2010 Roadmap for Digital Preservation Interoperability Framework Workshop. Gaithersburg, Maryland, ACM: 1-6. 2010.\u00a0http:\/\/dl.acm.org\/citation.cfm?id=2039288<\/li>\n<li>Klump, &#8221;Criteria for the Trustworthiness of Data Centres.&#8221; D-Lib Magazine 17(1\/2). 2011. <a href=\"http:\/\/www.dlib.org\/dlib\/january11\/klump\/01klump.html\">http:\/\/www.dlib.org\/dlib\/january11\/klump\/01klump.html<\/a><\/li>\n<li>Lavoie &amp; Gartner, Preservation Metadata. Technology Watch Report, Digital Preservation Coalition. 2005.http:\/\/www.dpconline.org\/docs\/reports\/dpctw05-01.pdf.<\/li>\n<li>Meehan, J. (2014). Arrangement and description: between theory and practice. In Brown, C. Archives and Recordkeeping: Theory into practice. (pp. 63-99). London: Facet Publishing.<\/li>\n<li>Sundqvist, A. (2009). Search processes, user behaviour and archival representational systems. Mid Sweden University. Department of Information Technology and Media. Retrieved from\u00a0<a href=\"http:\/\/urn.kb.se\/resolve?urn=urn:nbn:se:miun:diva-8821\">http:\/\/urn.kb.se\/resolve?urn=urn:nbn:se:miun:diva-8821<\/a>\u00a08-25 ja 180-218.<\/li>\n<li>Sundqvist, A. (2007). The use of archives. A literature review. Archives &amp; Social Studies, 1(1), 623\u2013653.<\/li>\n<\/ul>\n","protected":false},"excerpt":{"rendered":"<p>Mahdollisia esseeaiheita (voit my\u00f6s valita itse) Meta- ja kuvailutiedot aineistojen s\u00e4ilytt\u00e4misess\u00e4 ja k\u00e4yt\u00f6ss\u00e4 Arkistojen k\u00e4ytt\u00f6 organisaatioissa ja p\u00e4\u00e4tearkistossa Kirjallisuus Henttonen, Pekka: Johdatus asiakirjahallinnan tutkimukseen. 2015. Avain-kustannus, s. 234-254 ja 210-223. Duff, W. M. (2010). Archival mediation. In T. Eastwood &amp; H. MacNeil (Eds.), Currents of archival thinking (pp. 115\u2013136). Santa Barbara, CA: ABC-Clio. Guenther, Metadata &hellip; <a href=\"https:\/\/coursepages2.tuni.fi\/itis36\/itis36b-f-asiakirjahallinta\/itis36f-sailyttaminen-kuvailu-metatiedot-ja-kaytto\/\" class=\"more-link\">Jatka artikkeliin <span class=\"screen-reader-text\">ITIS36f S\u00e4ilytt\u00e4minen, kuvailu, metatiedot ja k\u00e4ytt\u00f6<\/span><\/a><\/p>\n","protected":false},"author":41,"featured_media":0,"parent":40,"menu_order":0,"comment_status":"closed","ping_status":"closed","template":"","meta":{"footnotes":""},"class_list":["post-52","page","type-page","status-publish","hentry"],"_links":{"self":[{"href":"https:\/\/coursepages2.tuni.fi\/itis36\/wp-json\/wp\/v2\/pages\/52","targetHints":{"allow":["GET"]}}],"collection":[{"href":"https:\/\/coursepages2.tuni.fi\/itis36\/wp-json\/wp\/v2\/pages"}],"about":[{"href":"https:\/\/coursepages2.tuni.fi\/itis36\/wp-json\/wp\/v2\/types\/page"}],"author":[{"embeddable":true,"href":"https:\/\/coursepages2.tuni.fi\/itis36\/wp-json\/wp\/v2\/users\/41"}],"replies":[{"embeddable":true,"href":"https:\/\/coursepages2.tuni.fi\/itis36\/wp-json\/wp\/v2\/comments?post=52"}],"version-history":[{"count":5,"href":"https:\/\/coursepages2.tuni.fi\/itis36\/wp-json\/wp\/v2\/pages\/52\/revisions"}],"predecessor-version":[{"id":62,"href":"https:\/\/coursepages2.tuni.fi\/itis36\/wp-json\/wp\/v2\/pages\/52\/revisions\/62"}],"up":[{"embeddable":true,"href":"https:\/\/coursepages2.tuni.fi\/itis36\/wp-json\/wp\/v2\/pages\/40"}],"wp:attachment":[{"href":"https:\/\/coursepages2.tuni.fi\/itis36\/wp-json\/wp\/v2\/media?parent=52"}],"curies":[{"name":"wp","href":"https:\/\/api.w.org\/{rel}","templated":true}]}}