{"id":50,"date":"2017-12-13T13:54:52","date_gmt":"2017-12-13T11:54:52","guid":{"rendered":"https:\/\/coursepages.uta.fi\/itis36\/?page_id=50"},"modified":"2017-12-13T14:00:16","modified_gmt":"2017-12-13T12:00:16","slug":"itis36e-sahkoinen-asiakirjahallinto","status":"publish","type":"page","link":"https:\/\/coursepages2.tuni.fi\/itis36\/itis36b-f-asiakirjahallinta\/itis36e-sahkoinen-asiakirjahallinto\/","title":{"rendered":"ITIS36e S\u00e4hk\u00f6inen asiakirjahallinto"},"content":{"rendered":"<h3>Mahdollisia esseeaiheita (voit my\u00f6s valita itse)<\/h3>\n<ul>\n<li id=\"yui_3_17_2_1_1513165150715_423\">S\u00e4hk\u00f6isten asiakirjaj\u00e4rjestelmien historia ja tavoitteet<\/li>\n<li>Organisaation tietoj\u00e4rjestelm\u00e4t ja asiakirjahallinta<\/li>\n<\/ul>\n<h3>Kirjallisuus<\/h3>\n<ul id=\"yui_3_17_2_1_1513166366390_1725\">\n<li id=\"yui_3_17_2_1_1513166366390_1724\">Gilliland\u2013Swetland, A. (2005). Electronic records management. Annual Review of Information Science and Technology, 39, 219\u2013253. doi:http:\/\/dx.doi.org\/10.1002\/aris.1440390113<\/li>\n<li>Bantin, Understanding data and information systems for recordkeeping. Facet. 2008.<\/li>\n<li>Bell, A. R. (2014). Participation vs principle: does technological change marginalize recordkeeping theory? In Brown, C. Archives and Recordkeeping: Theory into practice. (pp. 227-252). London: Facet Publishing.<\/li>\n<li>Arkistolaitos, S\u00c4HKE2. S\u00e4hk\u00f6isten asiakirjallisten tietojen k\u00e4sittely, hallinta ja s\u00e4ilytt\u00e4minen. 2008.<\/li>\n<li>DLM Forum, MoReq2010. Modular requirements for records systems. Volume 1. Core services &amp; plug-in modules. 2011. Luvut 1 ja 2. (saatavilla\u00a0<a href=\"https:\/\/learning2.uta.fi\/pluginfile.php\/325079\/course\/section\/73326\/Unknown%20-%202015%20-%20MoReq2010.%20Asiakirjaj%C3%A4rjestelmien%20modulaariset%20vaatimukset.%20Suomenlielinen%20editio.%20Osa%201a%20Ydintoiminnot.%20Versio%201.1.pdf\">suomeksi<\/a>).<\/li>\n<li>Wilhelm, &#8221;An evaluation of MoReq2 in the context of national EDRMS standard developments in the UK and Europe.&#8221; Records Management Journal 19: 117-133. 2009.<\/li>\n<li>Gunnlaugsd\u00f3ttir, &#8221;As you sow, so you will reap: implementing ERMS.&#8221; Records Management Journal 18: 21-39. 2008.<\/li>\n<li>Bailey, S. 2008. Managing the Crowd, rethinking records management for the web 2.0. world, Facet publishing: London.<\/li>\n<li>Henttonen, Pekka: Johdatus asiakirjahallinnan tutkimukseen. 2015. Avain-kustannus, s. 161-223.<\/li>\n<\/ul>\n","protected":false},"excerpt":{"rendered":"<p>Mahdollisia esseeaiheita (voit my\u00f6s valita itse) S\u00e4hk\u00f6isten asiakirjaj\u00e4rjestelmien historia ja tavoitteet Organisaation tietoj\u00e4rjestelm\u00e4t ja asiakirjahallinta Kirjallisuus Gilliland\u2013Swetland, A. (2005). Electronic records management. Annual Review of Information Science and Technology, 39, 219\u2013253. doi:http:\/\/dx.doi.org\/10.1002\/aris.1440390113 Bantin, Understanding data and information systems for recordkeeping. Facet. 2008. Bell, A. R. (2014). Participation vs principle: does technological change marginalize recordkeeping theory? &hellip; <a href=\"https:\/\/coursepages2.tuni.fi\/itis36\/itis36b-f-asiakirjahallinta\/itis36e-sahkoinen-asiakirjahallinto\/\" class=\"more-link\">Jatka artikkeliin <span class=\"screen-reader-text\">ITIS36e S\u00e4hk\u00f6inen asiakirjahallinto<\/span><\/a><\/p>\n","protected":false},"author":41,"featured_media":0,"parent":40,"menu_order":0,"comment_status":"closed","ping_status":"closed","template":"","meta":{"footnotes":""},"class_list":["post-50","page","type-page","status-publish","hentry"],"_links":{"self":[{"href":"https:\/\/coursepages2.tuni.fi\/itis36\/wp-json\/wp\/v2\/pages\/50","targetHints":{"allow":["GET"]}}],"collection":[{"href":"https:\/\/coursepages2.tuni.fi\/itis36\/wp-json\/wp\/v2\/pages"}],"about":[{"href":"https:\/\/coursepages2.tuni.fi\/itis36\/wp-json\/wp\/v2\/types\/page"}],"author":[{"embeddable":true,"href":"https:\/\/coursepages2.tuni.fi\/itis36\/wp-json\/wp\/v2\/users\/41"}],"replies":[{"embeddable":true,"href":"https:\/\/coursepages2.tuni.fi\/itis36\/wp-json\/wp\/v2\/comments?post=50"}],"version-history":[{"count":3,"href":"https:\/\/coursepages2.tuni.fi\/itis36\/wp-json\/wp\/v2\/pages\/50\/revisions"}],"predecessor-version":[{"id":57,"href":"https:\/\/coursepages2.tuni.fi\/itis36\/wp-json\/wp\/v2\/pages\/50\/revisions\/57"}],"up":[{"embeddable":true,"href":"https:\/\/coursepages2.tuni.fi\/itis36\/wp-json\/wp\/v2\/pages\/40"}],"wp:attachment":[{"href":"https:\/\/coursepages2.tuni.fi\/itis36\/wp-json\/wp\/v2\/media?parent=50"}],"curies":[{"name":"wp","href":"https:\/\/api.w.org\/{rel}","templated":true}]}}