{"id":5,"date":"2017-06-22T10:58:06","date_gmt":"2017-06-22T07:58:06","guid":{"rendered":"https:\/\/coursepages.uta.fi\/itis36\/?page_id=5"},"modified":"2017-12-13T14:15:52","modified_gmt":"2017-12-13T12:15:52","slug":"paasivu","status":"publish","type":"page","link":"https:\/\/coursepages2.tuni.fi\/itis36\/","title":{"rendered":"P\u00e4\u00e4sivu"},"content":{"rendered":"<p>Tervetuloa Tieto- ja asiakirjahallinnan kirjallisuusopintoihin!<\/p>\n<h1>Sis\u00e4lt\u00f6<\/h1>\n<p>Kirjallisuusopinnoissa on sek\u00e4 tiedon organisointiin ja tietohallintoon (opettajana Sanna Talja) ett\u00e4\u00a0asiakirjahallintoon liittyv\u00e4\u00e4 kirjallisuutta (opettajana Pekka Henttonen).<\/p>\n<h2>Kurssin suorittaminen<\/h2>\n<div class=\"editor-indent\">\n<p class=\"Default\">Kirjallisuusopinnot suoritetaan annetun kirjallisuuden pohjalta esseen\u00e4 tai\u00a0 my\u00f6s lukupiirin\u00e4. <strong>Kirjallisuusluettelot, esseeohjeet ja teemat l\u00f6ytyv\u00e4t alasivuilta.\u00a0Tutustu huolellisesti opettajien antamiin ohjeisiin. Muista merkit\u00e4 kaikkiin palauttamiisi esseisiin tai muihin suorituksiin nimesi ja opiskelijanumerosi!<\/strong><\/p>\n<p class=\"Default\">Esseit\u00e4 on mahdollista suorittaa koko lukuvuoden ajan ilman m\u00e4\u00e4r\u00e4aikoja. Tarkista kuitenkin opettajalta viimeinen mahdollinen palautusp\u00e4iv\u00e4, jos haluat valmistua tietyn lukukauden loppuun menness\u00e4.<\/p>\n<p>Kaikki suoritukset arvioidaan arviointiasteikolla 1-5.<\/p>\n<p>Osa tarvittavasta kirjallisuudesta l\u00f6ytyy osioon liittyv\u00e4st\u00e4 kansiosta. Yleens\u00e4 kirjallisuus on kuitenkin saatavilla joko kirjastosta tai Nellist\u00e4. Jos jotakin kurssikirjaa on hankala saada, palautetta voi l\u00e4hett\u00e4\u00e4 osoitteeseen\u00a0<a href=\"mailto:phankinta@uta.fi\">phankinta@uta.fi<\/a>. Kurssisivulla on annettu my\u00f6s vinkkej\u00e4 lis\u00e4materiaaleista, joihin tutustuminen on vapaaehtoista.<\/p>\n<h3>Lukupiiriohje<\/h3>\n<p>Lukupiirill\u00e4 tarkoitetaan opintojakson kirjallisuuden suorittamista pienryhm\u00e4n\u00e4 (3-6 henke\u00e4). Kirjallisuudesta k\u00e4yd\u00e4\u00e4n yhdess\u00e4 kriittist\u00e4 keskustelua ja pyrit\u00e4\u00e4n oppimaan kirjojen sis\u00e4lt\u00f6j\u00e4 yhteistoiminnallisesti. Lukupiirin suositeltava kesto on 1-2 kuukautta.<\/p>\n<p>Valitaan opintojakson kirjallisuudesta kirjat, jotka kaikki lukevat. Isommassa ryhm\u00e4ss\u00e4 voidaan ottaa mukaan my\u00f6s useampia valinnaisia kirjoja, jotta ty\u00f6taakka jakaantuu tasaisesti. Lukupiiri voidaan rakentaa niin, ett\u00e4 kaikki lukevat kaikki valitut kirjat, tai ty\u00f6t\u00e4 voidaan jakaa niin ett\u00e4 kullekin kirjalle m\u00e4\u00e4r\u00e4t\u00e4\u00e4n p\u00e4\u00e4lukijat (esittelij\u00e4 ja kommentaattori). Jos kaikki eiv\u00e4t ole lukeneet k\u00e4sitelt\u00e4v\u00e4\u00e4 teksti\u00e4, on kiinnitett\u00e4v\u00e4 erityist\u00e4 huomiota siihen, ett\u00e4 alustuksissa referoidaan alueen keskeinen sis\u00e4lt\u00f6 ymm\u00e4rrett\u00e4v\u00e4ll\u00e4 tavalla. T\u00e4ll\u00f6in my\u00f6s kommenttipuheenvuoro on tarpeellisempi. Kommentaattori nostaa esille asioita ja n\u00e4k\u00f6kohtia, jotka alustaja on saattanut j\u00e4tt\u00e4\u00e4 kertomatta. Alustusten on hyv\u00e4 olla muiden lukupiiril\u00e4isten saatavilla kirjallisessa muodossa jo ennen kokoontumista.<\/p>\n<p>Eteneminen<\/p>\n<p>1. Lukupiiri tekee\u00a0<em>kokoontumisaikataulun (3-6 kokoontumista) ja ty\u00f6suunnitelman<\/em>\u00a0ja l\u00e4hett\u00e4\u00e4 ne tentaattorille.<\/p>\n<p>Ty\u00f6suunnitelmasta ilmenee:<\/p>\n<ul>\n<li>valitut kirjat<\/li>\n<li>kuka ryhm\u00e4n j\u00e4senist\u00e4 esittelee minkin kirjan tai kirjan osan (teeman)<\/li>\n<li>kunkin alustuksen kommentaattori<\/li>\n<li>kuka pit\u00e4\u00e4 p\u00f6yt\u00e4kirjaa kustakin keskustelusta.<\/li>\n<\/ul>\n<p>Tentaattori hyv\u00e4ksyy suunnitelman tai ehdottaa muutoksia.<\/p>\n<p>2.\u00a0<em>Kokoontumiset<\/em>: Kokoontumisissa jokainen lukupiirin j\u00e4sen alustaa vuoronper\u00e4\u00e4n lukemastaan muille noin 20 minuutin ajan. T\u00e4m\u00e4n j\u00e4lkeen kirjasta tai esitellyst\u00e4 teemasta keskustellaan yhdess\u00e4.<\/p>\n<p>Teemat voi valita esseeohjeen perusteella (esseeohje, Tiedonhallinnan essee) tai alustus voi kattaa laajemman alueen.<\/p>\n<p>Alustukset tehd\u00e4\u00e4n\u00a0<em>powerpointteina tai posterina<\/em>.<\/p>\n<p>Alustuksen j\u00e4lkeen k\u00e4yd\u00e4\u00e4n keskustelua, josta tehd\u00e4\u00e4n\u00a0<em>p\u00f6yt\u00e4kirja<\/em>.<\/p>\n<p>Alustus on kirjallinen referaatti luetusta alueesta joka sis\u00e4lt\u00e4\u00e4 mielell\u00e4\u00e4n kuitenkin my\u00f6s tulkintaa ja reflektiota. Alustuksessa nostetaan jo valmiiksi erilaisia kysymyksi\u00e4 keskusteltavaksi. Yhdest\u00e4 luetusta kirjasta voidaan pit\u00e4\u00e4 siis useampi alustus, esim. annettujen tai yhdess\u00e4 sovittujen teemojen perusteella. Yhdess\u00e4 kokoontumisessa voidaan k\u00e4yd\u00e4 l\u00e4pi esim. 2-3 alustusta. Lukupiiri sopii ajank\u00e4yt\u00f6st\u00e4 itsen\u00e4isesti.<\/p>\n<p>Alustuksessa ja siihen liittyv\u00e4ss\u00e4 keskustelussa on syyt\u00e4 pyrki\u00e4 tekstin kriittiseen ja problematisoivaan tarkasteluun. P\u00f6yt\u00e4kirjanpit\u00e4j\u00e4 joka kirjaa yl\u00f6s mielenkiintoisimmat ja hy\u00f6dyllisimm\u00e4t keskustelut. Lukupiiri p\u00e4\u00e4tet\u00e4\u00e4n yhteiseen loppukeskusteluun (kokonaisarviointi ja oppimisen pohdinta).<\/p>\n<p>4. Kurssimerkint\u00e4\u00e4 varten opettajalle l\u00e4het\u00e4\u00e4n\u00a0<em>loppuraportti<\/em>, yhdeksi dokumentiksi koottuna:<\/p>\n<ul>\n<li>powerpointit\/posterit,<\/li>\n<li>keskustelup\u00f6yt\u00e4kirjat,<\/li>\n<li>kirjan ja kurssin kokonaisarviointi\/oppimisen pohdinta (n. 2-3 sivua), jossa k\u00e4sitell\u00e4\u00e4n esimerkiksi seuraavia asioita:<\/li>\n<\/ul>\n<ul>\n<li>mitk\u00e4 kirjassa esitetyt asiat ovat erityisen t\u00e4rkeit\u00e4?<\/li>\n<li>mit\u00e4 uusia, erilaisia, kysymyksenasetteluja luettu teksti her\u00e4tti pohtimaan?<\/li>\n<li>mitk\u00e4 asiat olivat vaikeita?<\/li>\n<li>mist\u00e4 oltiin eri mielt\u00e4 kirjan sis\u00e4ll\u00f6n kanssa?<\/li>\n<li>kuinka kurssi liittyy aiemmin opittuun\/tiedettyyn?<\/li>\n<li>kuinka kurssin tarjoama tieto auttaa ymm\u00e4rt\u00e4m\u00e4\u00e4n erilaisia arkiel\u00e4m\u00e4n tapahtumia, oman el\u00e4m\u00e4n kokemuksia tai auttaa ratkaisemaan erilaisia ongelmia?<\/li>\n<li>miten koimme lukupiirin edut ja haitat verrattuna muihin suoritustapohin?<\/li>\n<\/ul>\n<p>Loppuraporttiin tulee viel\u00e4 merkit\u00e4 lukupiirin j\u00e4senet ja op.numerot, sek\u00e4\u00a0 kokoontumisten toteutunut aikataulu. Loppuraportti l\u00e4het\u00e4\u00e4n s\u00e4hk\u00f6postin liitetiedostona jakson opettajalle.<\/p>\n<p>5. Palaute ja arvostelu: Lukupiirisuorituksesta annetaan ryhm\u00e4lle yhteinen arvosana.<\/p>\n<p>&nbsp;<\/p>\n<\/div>\n<p>&nbsp;<\/p>\n<p>&nbsp;<\/p>\n","protected":false},"excerpt":{"rendered":"<p>Tervetuloa Tieto- ja asiakirjahallinnan kirjallisuusopintoihin! Sis\u00e4lt\u00f6 Kirjallisuusopinnoissa on sek\u00e4 tiedon organisointiin ja tietohallintoon (opettajana Sanna Talja) ett\u00e4\u00a0asiakirjahallintoon liittyv\u00e4\u00e4 kirjallisuutta (opettajana Pekka Henttonen). Kurssin suorittaminen Kirjallisuusopinnot suoritetaan annetun kirjallisuuden pohjalta esseen\u00e4 tai\u00a0 my\u00f6s lukupiirin\u00e4. Kirjallisuusluettelot, esseeohjeet ja teemat l\u00f6ytyv\u00e4t alasivuilta.\u00a0Tutustu huolellisesti opettajien antamiin ohjeisiin. Muista merkit\u00e4 kaikkiin palauttamiisi esseisiin tai muihin suorituksiin nimesi ja opiskelijanumerosi! Esseit\u00e4 &hellip; <a href=\"https:\/\/coursepages2.tuni.fi\/itis36\/\" class=\"more-link\">Jatka artikkeliin <span class=\"screen-reader-text\">P\u00e4\u00e4sivu<\/span><\/a><\/p>\n","protected":false},"author":1,"featured_media":0,"parent":0,"menu_order":0,"comment_status":"closed","ping_status":"closed","template":"","meta":{"footnotes":""},"class_list":["post-5","page","type-page","status-publish","hentry"],"_links":{"self":[{"href":"https:\/\/coursepages2.tuni.fi\/itis36\/wp-json\/wp\/v2\/pages\/5","targetHints":{"allow":["GET"]}}],"collection":[{"href":"https:\/\/coursepages2.tuni.fi\/itis36\/wp-json\/wp\/v2\/pages"}],"about":[{"href":"https:\/\/coursepages2.tuni.fi\/itis36\/wp-json\/wp\/v2\/types\/page"}],"author":[{"embeddable":true,"href":"https:\/\/coursepages2.tuni.fi\/itis36\/wp-json\/wp\/v2\/users\/1"}],"replies":[{"embeddable":true,"href":"https:\/\/coursepages2.tuni.fi\/itis36\/wp-json\/wp\/v2\/comments?post=5"}],"version-history":[{"count":10,"href":"https:\/\/coursepages2.tuni.fi\/itis36\/wp-json\/wp\/v2\/pages\/5\/revisions"}],"predecessor-version":[{"id":69,"href":"https:\/\/coursepages2.tuni.fi\/itis36\/wp-json\/wp\/v2\/pages\/5\/revisions\/69"}],"wp:attachment":[{"href":"https:\/\/coursepages2.tuni.fi\/itis36\/wp-json\/wp\/v2\/media?parent=5"}],"curies":[{"name":"wp","href":"https:\/\/api.w.org\/{rel}","templated":true}]}}