{"id":47,"date":"2017-12-13T13:53:55","date_gmt":"2017-12-13T11:53:55","guid":{"rendered":"https:\/\/coursepages.uta.fi\/itis36\/?page_id=47"},"modified":"2017-12-13T13:58:54","modified_gmt":"2017-12-13T11:58:54","slug":"itis36d-arvonmaaritys","status":"publish","type":"page","link":"https:\/\/coursepages2.tuni.fi\/itis36\/itis36b-f-asiakirjahallinta\/itis36d-arvonmaaritys\/","title":{"rendered":"ITIS36d Arvonm\u00e4\u00e4ritys"},"content":{"rendered":"<h3>Mahdollisia esseeaiheita (voit my\u00f6s valita itse)<\/h3>\n<ul id=\"yui_3_17_2_1_1513165150715_421\">\n<li>Arvonm\u00e4\u00e4ritys organisaation asiakirjahallinnassa<\/li>\n<li>Eettisyys ja valta arvonm\u00e4\u00e4rityksess\u00e4<\/li>\n<li>Arvonm\u00e4\u00e4ritys asiakirjahallinnan ammattilaisen n\u00e4k\u00f6kulmasta<\/li>\n<li>Arvonm\u00e4\u00e4rityksen eri teoriat ja suuntaukset<\/li>\n<li>Makroseulonnan keskeiset periaatteet<\/li>\n<li>Arvonm\u00e4\u00e4ritys prosessina<\/li>\n<li>Suomalainen arvonm\u00e4\u00e4ritys<\/li>\n<li>Mit\u00e4 on hyv\u00e4 arvonm\u00e4\u00e4ritys?<\/li>\n<li>S\u00e4ilytt\u00e4misen problematiikkaa arvonm\u00e4\u00e4rityksen n\u00e4k\u00f6kulmasta<\/li>\n<\/ul>\n<h3>Kirjallisuus<\/h3>\n<p>Kirjallisuusluetteloa p\u00e4ivitet\u00e4\u00e4n satunnaisesti. N\u00e4et sulkeissa aina viimeisimm\u00e4n p\u00e4ivityksen ajankohdan. Voit my\u00f6s l\u00e4hett\u00e4\u00e4 opettajalle vinkin mielenkiintoisesta aiheeseen sopivasta artikkelista.<\/p>\n<p><strong>Kirjallisuus<\/strong>\u00a0(p\u00e4ivitetty 30.8.2016)<\/p>\n<ul>\n<li><span lang=\"EN-US\">Brown, C. (toim.) (2014). Archives and Recordkeeping: Theory into practice. London: Facet Publishing.\u00a0<\/span><\/li>\n<li><span lang=\"EN-US\">Cox, Richard J. (2006). Ethics, Accountability and Recordkeeping in a Dangerous World. Facet Publishing.<\/span><\/li>\n<li><span lang=\"EN-US\">Craig, Barbara (2004). Archival Appraisal, Theory and Practice. K.G. Saur: Munchen.<\/span><\/li>\n<li><span lang=\"EN-US\">Danielsson, E. S. (2010). The Ethical Archivist. Chicago: Society of Archivists.<\/span><\/li>\n<li><span lang=\"EN-US\">Eastwood, T. &amp; MacNeil; H. (toim.) (2010). Currents of Archival Thinking, 2010, Santa Barbara: ABC-CLIO, LLC.\u00a0<\/span><\/li>\n<li>Henttonen, Pekka. (2015). Johdatus asiakirjahallinnan tutkimukseen. 2015. Avain-kustannus. (suositellaan luettavaksi kokonaan, arvonm\u00e4\u00e4rityksest\u00e4 kerrotaan s. 93-160).<\/li>\n<li>Lybeck, J. (2006). Arkistot yhteiskunnan toimiva muisti. Asiakirjahallinnon ja arkistotoimen oppikirja\u201d,<a href=\"http:\/\/www.arkisto.fi\/uploads\/Palvelut\/Julkaisut\/asiakirjahallinnon_oppikirja.pdf\"><u>http:\/\/www.arkisto.fi\/uploads\/Palvelut\/Julkaisut\/asiakirjahallinnon_oppikirja.pdf<\/u><\/a>, 56\u201366 ja 78\u201393.<\/li>\n<li><span lang=\"EN-US\">McKemmish, Piggot, Reed &amp; Upward. (2005). Archives: Recordkeeping in Society.\u00a0<\/span>Wagga Wagga: Centre for Information Studies.<\/li>\n<li>M\u00e4enp\u00e4\u00e4, M. (1994). Arkistoainesten supistamiskomitea maamme seulontak\u00e4yt\u00e4nt\u00f6jen ja -periaatteiden luojana. Arkisto. Arkistoyhdistyksen Julkaisuja, 5, 181\u2013197. (saatavissa Kirjallisuutta -kansiosta).<\/li>\n<li><span lang=\"EN-US\">Shepherd, E. &amp; Yeo, G. (2003). Managing records a handbook of principles and practice.\u00a0<\/span>Facet publishing.<\/li>\n<\/ul>\n<p><strong>Artikkeleita ja lis\u00e4lukemista aiheittain\u00a0<\/strong>(p\u00e4ivitetty 30.8.2016)<\/p>\n<p><em><strong>Arvonm\u00e4\u00e4rityksen historiaa ja suuntauksia, makroseulonta, suomalainen seulonta<\/strong><\/em><\/p>\n<p><a href=\"http:\/\/www.arkisto.fi\/fi\/arkistolaitos\/kansallisarkiston-strategia-2020\">Kansallisarkiston strategia 2020<\/a><\/p>\n<p><a href=\"http:\/\/www.arkisto.fi\/uploads\/Arkistolaitos\/Teht%C3%A4v%C3%A4t%20ja%20toiminta\/Seulonta\/SEULONTASTRATEGIA-17-12-2012.pdf\">Arkistolaitoksen seulontastrategia.<\/a>\u00a0<u><\/u><\/p>\n<p><span lang=\"EN-US\">Booms, H. (1991). Uberlieferungsbildung: Keeping Archives as a Social and Political Activity. Archivaria 33, 25-33.<\/span><\/p>\n<p><span lang=\"EN-US\">Cook, T. (2005). Macroappraisal in Theory and Practice: Origins, Characteristics, and Implementation in Canada, 1950\u20132000. Archival Science 5, 101-161.<\/span><\/p>\n<p><span lang=\"EN-US\">Cook, T. (1992). Mind over Matter: Towards a New Theory of Archival Appraisal, in The Archival Imagination, Essays in Honour of Hugh A. Taylor, toim. Craig, B. Ottawa: Association of Canadian Archivists. 38-70.<\/span><\/p>\n<p><span lang=\"EN-US\">Cunningham, A. &amp; Oswald, R. (2005). Some Functions are More Equal than Others: The Development of a Macroappraisal Strategy for the NA of Australia, Archival Science, 2005, 5. 163-184.<\/span><\/p>\n<p><span lang=\"EN-US\">Fredriksson, B. (2003). Vad skall vi bevara? Arkiv, Samh\u00e4lle och Forskning 2, 21-58.<\/span><\/p>\n<p><span lang=\"EN-US\">Jonker, A.E.M. (2005). Macroappraisal in the Netherlands. The First Ten Years, 1991\u20132001, and Beyond.\u00a0<\/span>Archival Science 5, 203\u2013218.<\/p>\n<p>Julkishallinnon asiakirjatietojen seulonta. (2010.) Arkistolaitos. Saatavissa\u00a0<a href=\"http:\/\/www.arkisto.fi\/uploads\/normit\/valtionhallinto\/maarayksetjaohjeet\/Seulontaohje%2010-2010.pdf\"><u>http:\/\/www.arkisto.fi\/uploads\/normit\/valtionhallinto\/maarayksetjaohjeet\/Seulontaohje%2010-2010.pdf<\/u><\/a><\/p>\n<p><span lang=\"EN-US\">Kolsrud, O. (1992). The Evolution of Basic Appraisal Principles &#8211; Some Comparative Observations, American Archivist, Vol.55, No. 1, 26-38.<\/span><\/p>\n<p>Opas s\u00e4ilytysaikojen m\u00e4\u00e4rittelyn periaatteiksi. (2010.) Arkistolaitos. Saatavissa\u00a0<a href=\"http:\/\/www.arkisto.fi\/uploads\/Arkistolaitos\/Teht%C3%A4v%C3%A4t%20ja%20toiminta\/Seulonta\/sailitysaikaopas2292010.pdf\"><u>http:\/\/www.arkisto.fi\/uploads\/Arkistolaitos\/Teht%C3%A4v%C3%A4t%20ja%20toiminta\/Seulonta\/sailitysaikaopas2292010.pdf<\/u><\/a><\/p>\n<p><span lang=\"EN-US\">Samuels, H. (1986). Who controls the Past? American Archivist, Vol. 49, No. 2, Spring 1986. 109-124.<\/span><\/p>\n<p><span lang=\"EN-US\"><em><strong>Arvonm\u00e4\u00e4ritys ja s\u00e4ilytt\u00e4misen problematiikka<\/strong><\/em><\/span><\/p>\n<p><span lang=\"EN-US\">Askhoj, J. et al. (2011). Preserving records in the cloud, Records Management Journal, 21 (3) pp.175-187.<\/span><\/p>\n<p><span lang=\"EN-US\">Bailey, S. (2008). Managing the Crowd, rethinking records management for the web 2.0. world, Facet publishing: London.<\/span><\/p>\n<p><span lang=\"EN-US\">Chapman, S. (2003). Counting the Costs of Digital Preservation: IS Repository Storage Affordable? Journal of Digital Information, 4(2), Article No. 178.<\/span><\/p>\n<p><span lang=\"EN-US\">Jeffrey, S. 2012. A new Digital Dark Age? Collaborative web tools, social media and long-term preservation. World Archaeology Vol. 44(4): 553\u2013570.<\/span><\/p>\n<p><span lang=\"EN-US\">Palm, J. (2006). The Digital Black Hole, saatavissa:\u00a0<\/span><a href=\"http:\/\/www.tape-online.net\/docs\/Palm_Black_Hole.pdf\"><span lang=\"EN-US\"><u>http:\/\/www.tape-online.net\/docs\/Palm_Black_Hole.pdf<\/u><\/span><\/a><\/p>\n<p><span lang=\"EN-US\">Puglia, S. (1999). The Costs of Digital Imaging Projects, RLG News, Oct. 1999.<\/span><\/p>\n<p><span lang=\"EN-US\">Runardotter, M. (2009). On Organizing for Digital Preservation. Lule\u00e5 University of Technology Department of Business Administration and Social Sciences.\u00a0<\/span>Saatavissa:\u00a0<a href=\"http:\/\/pure.ltu.se\/portal\/files\/2743215\/Mari_Runardotter_DOC2009.pdf\"><u>http:\/\/pure.ltu.se\/portal\/files\/2743215\/Mari_Runardotter_DOC2009.pdf<\/u><\/a><\/p>\n<p><span lang=\"EN-US\">Ryan, D. (2005). Digital preservation \u2013 \u2019the beautiful promise\u2019, in Managing Electronic Records, toim.\u00a0<\/span>McLeod, J. &amp; Hare, C., Facet Publishing: Cornwall. 50-52.<\/p>\n<p><strong><em>Arvonm\u00e4\u00e4ritys, valta ja eettiset kysymykset<\/em><\/strong><\/p>\n<p><span lang=\"EN-US\">Archival Science, (2002.) Vol 2, Nos 1-4. (Teemanumero)<br \/>\n<\/span><\/p>\n<p><span lang=\"EN-US\">Halilovich, H. (2014). Reclaiming erased lives: archives, records and memories in post-war Bosnia and the Bosnian diaspora. Archival Science.<\/span><\/p>\n<p>Lepp\u00e4nen, M. (2003). Eettiset kysymykset arvonm\u00e4\u00e4rityksess\u00e4, painamaton esitelm\u00e4 7.11.2003. (saatavissa Kirjallisuutta -kansiosta).<\/p>\n<p><span lang=\"EN-US\">Sundqvist, A. (2011). Documentation practices and recordkeeping: a matter of trust or distrust? Archival Science. 2011. Vol 11. 277-291.<\/span><\/p>\n<p><span lang=\"EN-US\">Valderhaug, G. (2011). Memory, justice and the public record. Arhival Science 11:13-23.<\/span><\/p>\n<p><span lang=\"EN-US\">Wallace, D. A. &amp; Stuchell, L. (2011). Understanding the 9\/11 Commission archive: control, access, and the politics of manipulation.\u00a0<\/span>Archival Science.<\/p>\n<p>&nbsp;<\/p>\n","protected":false},"excerpt":{"rendered":"<p>Mahdollisia esseeaiheita (voit my\u00f6s valita itse) Arvonm\u00e4\u00e4ritys organisaation asiakirjahallinnassa Eettisyys ja valta arvonm\u00e4\u00e4rityksess\u00e4 Arvonm\u00e4\u00e4ritys asiakirjahallinnan ammattilaisen n\u00e4k\u00f6kulmasta Arvonm\u00e4\u00e4rityksen eri teoriat ja suuntaukset Makroseulonnan keskeiset periaatteet Arvonm\u00e4\u00e4ritys prosessina Suomalainen arvonm\u00e4\u00e4ritys Mit\u00e4 on hyv\u00e4 arvonm\u00e4\u00e4ritys? S\u00e4ilytt\u00e4misen problematiikkaa arvonm\u00e4\u00e4rityksen n\u00e4k\u00f6kulmasta Kirjallisuus Kirjallisuusluetteloa p\u00e4ivitet\u00e4\u00e4n satunnaisesti. N\u00e4et sulkeissa aina viimeisimm\u00e4n p\u00e4ivityksen ajankohdan. Voit my\u00f6s l\u00e4hett\u00e4\u00e4 opettajalle vinkin mielenkiintoisesta aiheeseen sopivasta &hellip; <a href=\"https:\/\/coursepages2.tuni.fi\/itis36\/itis36b-f-asiakirjahallinta\/itis36d-arvonmaaritys\/\" class=\"more-link\">Jatka artikkeliin <span class=\"screen-reader-text\">ITIS36d Arvonm\u00e4\u00e4ritys<\/span><\/a><\/p>\n","protected":false},"author":41,"featured_media":0,"parent":40,"menu_order":0,"comment_status":"closed","ping_status":"closed","template":"","meta":{"footnotes":""},"class_list":["post-47","page","type-page","status-publish","hentry"],"_links":{"self":[{"href":"https:\/\/coursepages2.tuni.fi\/itis36\/wp-json\/wp\/v2\/pages\/47","targetHints":{"allow":["GET"]}}],"collection":[{"href":"https:\/\/coursepages2.tuni.fi\/itis36\/wp-json\/wp\/v2\/pages"}],"about":[{"href":"https:\/\/coursepages2.tuni.fi\/itis36\/wp-json\/wp\/v2\/types\/page"}],"author":[{"embeddable":true,"href":"https:\/\/coursepages2.tuni.fi\/itis36\/wp-json\/wp\/v2\/users\/41"}],"replies":[{"embeddable":true,"href":"https:\/\/coursepages2.tuni.fi\/itis36\/wp-json\/wp\/v2\/comments?post=47"}],"version-history":[{"count":3,"href":"https:\/\/coursepages2.tuni.fi\/itis36\/wp-json\/wp\/v2\/pages\/47\/revisions"}],"predecessor-version":[{"id":55,"href":"https:\/\/coursepages2.tuni.fi\/itis36\/wp-json\/wp\/v2\/pages\/47\/revisions\/55"}],"up":[{"embeddable":true,"href":"https:\/\/coursepages2.tuni.fi\/itis36\/wp-json\/wp\/v2\/pages\/40"}],"wp:attachment":[{"href":"https:\/\/coursepages2.tuni.fi\/itis36\/wp-json\/wp\/v2\/media?parent=47"}],"curies":[{"name":"wp","href":"https:\/\/api.w.org\/{rel}","templated":true}]}}