{"id":45,"date":"2017-12-13T13:50:23","date_gmt":"2017-12-13T11:50:23","guid":{"rendered":"https:\/\/coursepages.uta.fi\/itis36\/?page_id=45"},"modified":"2017-12-13T13:54:17","modified_gmt":"2017-12-13T11:54:17","slug":"itis63c-arkistohistoria","status":"publish","type":"page","link":"https:\/\/coursepages2.tuni.fi\/itis36\/itis36b-f-asiakirjahallinta\/itis63c-arkistohistoria\/","title":{"rendered":"ITIS36c Arkistohistoria"},"content":{"rendered":"<h3>Mahdolllisia esseeaiheita (voit valita my\u00f6s itse)<\/h3>\n<ul id=\"yui_3_17_2_1_1513165150715_418\">\n<li id=\"yui_3_17_2_1_1513165150715_417\">Arkistoalan instituutioiden ja profession kehitys<\/li>\n<\/ul>\n<h3>Kirjallisuus<\/h3>\n<ul>\n<li>Rastas, P. (1999). Valtionarkistosta Kansallisarkistoksi. 130-vuotta arkistolaitoksen historiaa. Arkisto. Arkistoyhdistyksen Julkaisuja, 6, 107\u2013124.<\/li>\n<li>Kerkkonen, M. (1988). Suomen arkistolaitos Haminan rauhasta maan itsen\u00e4istymiseen. Helsinki: Valtionarkisto.<\/li>\n<li>Saarenheimo, J. (1993). Kleion vai Mnemosynen palvelija? L\u00e4nsimaisten arkistojenk\u00e4sitys teht\u00e4v\u00e4st\u00e4\u00e4n ja roolistaan eri aikoina. In Keskusteluja professorinkanssa. Veikko Litzen 60 vuotta 1.12.1993. Turku: Turun yliopisto.<\/li>\n<li>Duchein, M. (1992). The history of European archives and the development of the archival profession in Europe. The American Archivist, 55(Winter), 14\u201325.<\/li>\n<li>McLeod, J., &amp; Hare, C. (2010). Development of RMJ. A mirror of the development of the profession and discipline of records management. Records Management Journal, 20(1), 9\u201340.<\/li>\n<\/ul>\n","protected":false},"excerpt":{"rendered":"<p>Mahdolllisia esseeaiheita (voit valita my\u00f6s itse) Arkistoalan instituutioiden ja profession kehitys Kirjallisuus Rastas, P. (1999). Valtionarkistosta Kansallisarkistoksi. 130-vuotta arkistolaitoksen historiaa. Arkisto. Arkistoyhdistyksen Julkaisuja, 6, 107\u2013124. Kerkkonen, M. (1988). Suomen arkistolaitos Haminan rauhasta maan itsen\u00e4istymiseen. Helsinki: Valtionarkisto. Saarenheimo, J. (1993). Kleion vai Mnemosynen palvelija? L\u00e4nsimaisten arkistojenk\u00e4sitys teht\u00e4v\u00e4st\u00e4\u00e4n ja roolistaan eri aikoina. In Keskusteluja professorinkanssa. Veikko Litzen &hellip; <a href=\"https:\/\/coursepages2.tuni.fi\/itis36\/itis36b-f-asiakirjahallinta\/itis63c-arkistohistoria\/\" class=\"more-link\">Jatka artikkeliin <span class=\"screen-reader-text\">ITIS36c Arkistohistoria<\/span><\/a><\/p>\n","protected":false},"author":41,"featured_media":0,"parent":40,"menu_order":0,"comment_status":"closed","ping_status":"closed","template":"","meta":{"footnotes":""},"class_list":["post-45","page","type-page","status-publish","hentry"],"_links":{"self":[{"href":"https:\/\/coursepages2.tuni.fi\/itis36\/wp-json\/wp\/v2\/pages\/45","targetHints":{"allow":["GET"]}}],"collection":[{"href":"https:\/\/coursepages2.tuni.fi\/itis36\/wp-json\/wp\/v2\/pages"}],"about":[{"href":"https:\/\/coursepages2.tuni.fi\/itis36\/wp-json\/wp\/v2\/types\/page"}],"author":[{"embeddable":true,"href":"https:\/\/coursepages2.tuni.fi\/itis36\/wp-json\/wp\/v2\/users\/41"}],"replies":[{"embeddable":true,"href":"https:\/\/coursepages2.tuni.fi\/itis36\/wp-json\/wp\/v2\/comments?post=45"}],"version-history":[{"count":2,"href":"https:\/\/coursepages2.tuni.fi\/itis36\/wp-json\/wp\/v2\/pages\/45\/revisions"}],"predecessor-version":[{"id":49,"href":"https:\/\/coursepages2.tuni.fi\/itis36\/wp-json\/wp\/v2\/pages\/45\/revisions\/49"}],"up":[{"embeddable":true,"href":"https:\/\/coursepages2.tuni.fi\/itis36\/wp-json\/wp\/v2\/pages\/40"}],"wp:attachment":[{"href":"https:\/\/coursepages2.tuni.fi\/itis36\/wp-json\/wp\/v2\/media?parent=45"}],"curies":[{"name":"wp","href":"https:\/\/api.w.org\/{rel}","templated":true}]}}