{"id":42,"date":"2017-12-13T13:44:15","date_gmt":"2017-12-13T11:44:15","guid":{"rendered":"https:\/\/coursepages.uta.fi\/itis36\/?page_id=42"},"modified":"2017-12-13T13:44:15","modified_gmt":"2017-12-13T11:44:15","slug":"itis36b-asiakirjahallinnan-teoriat-ja-tutkimus","status":"publish","type":"page","link":"https:\/\/coursepages2.tuni.fi\/itis36\/itis36b-f-asiakirjahallinta\/itis36b-asiakirjahallinnan-teoriat-ja-tutkimus\/","title":{"rendered":"ITIS36b Asiakirjahallinnan teoriat ja tutkimus"},"content":{"rendered":"<h5><b>Mahdollisia esseeaiheita (voit valita my\u00f6s itse)<i><br \/>\n<\/i><\/b><\/h5>\n<ul>\n<li>Asiakirjahallinnan kehitys tieteellisen\u00e4 tutkimusalueena<\/li>\n<li>Arkistotieteen teoriat<\/li>\n<li>Arkistojen yhteiskunnallinen merkitys eri aikoina<\/li>\n<\/ul>\n<h3><b>Kirjallisuus<\/b><\/h3>\n<ul>\n<li>Henttonen, Pekka: Johdatus asiakirjahallinnan tutkimukseen. 2015. Avain-kustannus. s. 1-92.<\/li>\n<li>Ridener, J. (2009). A concise history of archival theory. From polders to postmodernism. Duluth, Minnesota: Litwin Books.<\/li>\n<li>McKemmish, Piggot, Reed &amp; Upward (2005), Archives: Recordkeeping in Society. Wagga Wagga: Centre for Information Studies.<\/li>\n<li>Blouin, F. X., &amp; Rosenberg, W. G. (2011). Processing the past. Contesting authority in history and in the archives. Oxford: Oxford University Press.<\/li>\n<li>Jimerson, R. C. (2009). Archives power. Memory, accountability, and social justice. Chicago: Society of American Archivists.<\/li>\n<li>Kilkki, Jaana (2002), Bearmania kansallisten arkistok\u00e4yt\u00e4nt\u00f6jemme tieteellisen\u00e4 kuorrutuksena, Arkisto 8, Arkistoyhdistyksen julkaisuja: Helsinki. 51-70.<\/li>\n<li>Vartiainen, T. (2002). \u201cTeht\u00e4v\u00e4n mukaan min\u00e4kin paperini j\u00e4rjest\u00e4n\u201d &#8211; muistikuvia ja tosiasioita arkistonmuodostussuunnitelman alkuajoilta. Arkisto. Arkistoyhdistyksen Julkaisuja, 8, 251\u2013276.<\/li>\n<li><a href=\"http:\/\/www.arkisto.fi\/uploads\/Palvelut\/Julkaisut\/asiakirjahallinnon_oppikirja.pdf\">Lybeck, J. (2006). Arkistot yhteiskunnan toimiva muisti. Asiakirjahallinnon ja arkistotoimen oppikirja<\/a><\/li>\n<\/ul>\n","protected":false},"excerpt":{"rendered":"<p>Mahdollisia esseeaiheita (voit valita my\u00f6s itse) Asiakirjahallinnan kehitys tieteellisen\u00e4 tutkimusalueena Arkistotieteen teoriat Arkistojen yhteiskunnallinen merkitys eri aikoina Kirjallisuus Henttonen, Pekka: Johdatus asiakirjahallinnan tutkimukseen. 2015. Avain-kustannus. s. 1-92. Ridener, J. (2009). A concise history of archival theory. From polders to postmodernism. Duluth, Minnesota: Litwin Books. McKemmish, Piggot, Reed &amp; Upward (2005), Archives: Recordkeeping in Society. Wagga &hellip; <a href=\"https:\/\/coursepages2.tuni.fi\/itis36\/itis36b-f-asiakirjahallinta\/itis36b-asiakirjahallinnan-teoriat-ja-tutkimus\/\" class=\"more-link\">Jatka artikkeliin <span class=\"screen-reader-text\">ITIS36b Asiakirjahallinnan teoriat ja tutkimus<\/span><\/a><\/p>\n","protected":false},"author":41,"featured_media":0,"parent":40,"menu_order":0,"comment_status":"closed","ping_status":"closed","template":"","meta":{"footnotes":""},"class_list":["post-42","page","type-page","status-publish","hentry"],"_links":{"self":[{"href":"https:\/\/coursepages2.tuni.fi\/itis36\/wp-json\/wp\/v2\/pages\/42","targetHints":{"allow":["GET"]}}],"collection":[{"href":"https:\/\/coursepages2.tuni.fi\/itis36\/wp-json\/wp\/v2\/pages"}],"about":[{"href":"https:\/\/coursepages2.tuni.fi\/itis36\/wp-json\/wp\/v2\/types\/page"}],"author":[{"embeddable":true,"href":"https:\/\/coursepages2.tuni.fi\/itis36\/wp-json\/wp\/v2\/users\/41"}],"replies":[{"embeddable":true,"href":"https:\/\/coursepages2.tuni.fi\/itis36\/wp-json\/wp\/v2\/comments?post=42"}],"version-history":[{"count":2,"href":"https:\/\/coursepages2.tuni.fi\/itis36\/wp-json\/wp\/v2\/pages\/42\/revisions"}],"predecessor-version":[{"id":44,"href":"https:\/\/coursepages2.tuni.fi\/itis36\/wp-json\/wp\/v2\/pages\/42\/revisions\/44"}],"up":[{"embeddable":true,"href":"https:\/\/coursepages2.tuni.fi\/itis36\/wp-json\/wp\/v2\/pages\/40"}],"wp:attachment":[{"href":"https:\/\/coursepages2.tuni.fi\/itis36\/wp-json\/wp\/v2\/media?parent=42"}],"curies":[{"name":"wp","href":"https:\/\/api.w.org\/{rel}","templated":true}]}}