{"id":40,"date":"2017-12-13T13:38:42","date_gmt":"2017-12-13T11:38:42","guid":{"rendered":"https:\/\/coursepages.uta.fi\/itis36\/?page_id=40"},"modified":"2017-12-13T14:24:10","modified_gmt":"2017-12-13T12:24:10","slug":"itis36b-f-asiakirjahallinta","status":"publish","type":"page","link":"https:\/\/coursepages2.tuni.fi\/itis36\/itis36b-f-asiakirjahallinta\/","title":{"rendered":"ITIS36b-f Asiakirjahallinta"},"content":{"rendered":"<p id=\"yui_3_17_2_1_1513163893515_1795\">Asiakirjahallinnan osiot (b-f) sis\u00e4lt\u00e4v\u00e4t kokonaisuudessaan\u00a0<i>Henttonen, P. (2015). Johdatus asiakirjahallinnan tutkimukseen. Helsinki: Avain<\/i>. Se on\u00a0<b>suositeltavaa lukea kokonaan<\/b>\u00a0ennen kuin p\u00e4\u00e4t\u00e4t mist\u00e4 aiheesta kirjoitat esseen.<\/p>\n<p>Seuraavat sanastot saattavat olla avuksi<\/p>\n<ul>\n<li><a href=\"http:\/\/www.ciscra.org\/mat\/\">ICAn kansainv\u00e4linen sanakirja<\/a><\/li>\n<li><a href=\"http:\/\/www.narc.fi\/nat\/natdraf5.htm\">NAT &#8211; Nordisk arkivterminologi (mukana my\u00f6s suomi ja englanti)<\/a><\/li>\n<li><a href=\"http:\/\/www2.archivists.org\/glossary\">A Glossary of Archival and Records Terminology<\/a><\/li>\n<li><a href=\"http:\/\/wiki.narc.fi\/arkistowiki\/index.php\/Sanasto_etusivu\">Sanastowiki<\/a><\/li>\n<\/ul>\n<p><strong>Osa kirjallisuudesta on vaikeasti saatavilla. Ota tarvittaessa yhteytt\u00e4 opettajaan.<\/strong><\/p>\n<h3>Esseeohje<\/h3>\n<p>Kirjoita tieteellisen kirjoittamisen k\u00e4yt\u00e4nt\u00f6j\u00e4 noudattava essee (l\u00e4hdeviitteet, sis\u00e4llysluettelo, otsikointi, kirjallisuusluettelo), jonka pituus on 15-20 sivua kakkosriviv\u00e4lill\u00e4. Voit valita teemat itse. Niit\u00e4 voi essess\u00e4 olla enint\u00e4\u00e4n kolme, mieluummin vain yksi tai kaksi.<\/p>\n<p>Esseess\u00e4 referoidaan kirjoittajien ajatuksia. Oma ajattelu on v\u00e4ltt\u00e4m\u00e4t\u00f6nt\u00e4 erityisesti synteesin muodostamiseksi. Muista kuitenkin, ett\u00e4 esseen tarkoituksena on osoittaa perehtyneisyys kirjallisuuteen. Esseen alkuun tulee parin lauseen johdatus siihen, mit\u00e4 teemoja esseess\u00e4 on valittu k\u00e4sitelt\u00e4v\u00e4ksi. Muotoile v\u00e4liotsikot (teemat) ja merkitse l\u00e4hdeviitteet tekstiin. \u00a0Aseta ainakin mieless\u00e4si kysymyksi\u00e4 ja vastaa niihin kirjallisuuden perusteella. Pyri yhdist\u00e4m\u00e4\u00e4n ajatuksia eri l\u00e4hteist\u00e4, ei vain referoimaan jokaista vuoron per\u00e4\u00e4n. Voit k\u00e4ytt\u00e4\u00e4 my\u00f6s muita kuin kirjallisuusluettelossa annettuja l\u00e4hteit\u00e4, mutta niiden tulee annettua kirjallisuutta t\u00e4ydent\u00e4vi\u00e4, ei korvaavia, ellet ole sopinut t\u00e4st\u00e4 tentaattorin kanssa.<\/p>\n<p>Esseen loppuun laitetaan oma kokoava pohdinta opintojakson annista, omasta oppimisesta ja opintojakson kirjallisuudesta. Pohdintaosuus on pakollinen.<\/p>\n<p><strong>Palauta b-f osioiden esseet Pekka Henttoselle s\u00e4hk\u00f6postiin (etunimi.sukunimi@uta.fi)<\/strong><\/p>\n","protected":false},"excerpt":{"rendered":"<p>Asiakirjahallinnan osiot (b-f) sis\u00e4lt\u00e4v\u00e4t kokonaisuudessaan\u00a0Henttonen, P. (2015). Johdatus asiakirjahallinnan tutkimukseen. Helsinki: Avain. Se on\u00a0suositeltavaa lukea kokonaan\u00a0ennen kuin p\u00e4\u00e4t\u00e4t mist\u00e4 aiheesta kirjoitat esseen. Seuraavat sanastot saattavat olla avuksi ICAn kansainv\u00e4linen sanakirja NAT &#8211; Nordisk arkivterminologi (mukana my\u00f6s suomi ja englanti) A Glossary of Archival and Records Terminology Sanastowiki Osa kirjallisuudesta on vaikeasti saatavilla. Ota tarvittaessa yhteytt\u00e4 &hellip; <a href=\"https:\/\/coursepages2.tuni.fi\/itis36\/itis36b-f-asiakirjahallinta\/\" class=\"more-link\">Jatka artikkeliin <span class=\"screen-reader-text\">ITIS36b-f Asiakirjahallinta<\/span><\/a><\/p>\n","protected":false},"author":41,"featured_media":0,"parent":0,"menu_order":0,"comment_status":"closed","ping_status":"closed","template":"","meta":{"footnotes":""},"class_list":["post-40","page","type-page","status-publish","hentry"],"_links":{"self":[{"href":"https:\/\/coursepages2.tuni.fi\/itis36\/wp-json\/wp\/v2\/pages\/40","targetHints":{"allow":["GET"]}}],"collection":[{"href":"https:\/\/coursepages2.tuni.fi\/itis36\/wp-json\/wp\/v2\/pages"}],"about":[{"href":"https:\/\/coursepages2.tuni.fi\/itis36\/wp-json\/wp\/v2\/types\/page"}],"author":[{"embeddable":true,"href":"https:\/\/coursepages2.tuni.fi\/itis36\/wp-json\/wp\/v2\/users\/41"}],"replies":[{"embeddable":true,"href":"https:\/\/coursepages2.tuni.fi\/itis36\/wp-json\/wp\/v2\/comments?post=40"}],"version-history":[{"count":7,"href":"https:\/\/coursepages2.tuni.fi\/itis36\/wp-json\/wp\/v2\/pages\/40\/revisions"}],"predecessor-version":[{"id":75,"href":"https:\/\/coursepages2.tuni.fi\/itis36\/wp-json\/wp\/v2\/pages\/40\/revisions\/75"}],"wp:attachment":[{"href":"https:\/\/coursepages2.tuni.fi\/itis36\/wp-json\/wp\/v2\/media?parent=40"}],"curies":[{"name":"wp","href":"https:\/\/api.w.org\/{rel}","templated":true}]}}