{"id":5,"date":"2017-12-12T13:01:06","date_gmt":"2017-12-12T11:01:06","guid":{"rendered":"https:\/\/coursepages.uta.fi\/itis25\/?page_id=5"},"modified":"2019-08-06T14:27:32","modified_gmt":"2019-08-06T11:27:32","slug":"paasivu","status":"publish","type":"page","link":"https:\/\/coursepages2.tuni.fi\/itis25\/","title":{"rendered":"ITIS25 Kirjasto- ja tietopalvelujen kirjallisuusopinnot 10 op"},"content":{"rendered":"<p><strong>T\u00e4rke\u00e4\u00e4: ITIS25-kirjallisuusopintoja voi suorittaa vain vuoden 2019 loppuun asti.<\/strong><\/p>\n<p>Tarjolla on kaksi kirjapakettia, jotka suoritetaan esseill\u00e4. Opintojakso perustuu siihen, ett\u00e4 opiskelija valitsee aihepiirist\u00e4 mielenkiintonsa kohteet, etsii kirjallisuutta ja harjoittelee tieteellist\u00e4 kirjoittamista esseen muodossa. T\u00e4m\u00e4 ei toteudu s\u00e4hk\u00f6isess\u00e4 tentiss\u00e4 ja siksi jaksoa ei voi suorittaa tenttim\u00e4ll\u00e4.<\/p>\n<p>Opiskelija voi suorittaa kummankin alakohdan, jos esseiden aiheet ovat riitt\u00e4v\u00e4n erilaiset. Yleiset ohjeet esseiden kirjoittamisesta ovat dokumentissa\u00a0<a href=\"https:\/\/coursepages2.tuni.fi\/itis25\/esseeohjeet\/\">Esseiden\u00a0arviointi ja kirjoittaminen<\/a>. Esseen suositeltava pituus on 4000-5000 sanaa.<\/p>\n<p>Alakohdissa mainittu kirjallisuus on vain ohjeellista. On suositeltavaa, ett\u00e4 opiskelija itse etsii aiheeseensa sopivia l\u00e4hteit\u00e4 esseet\u00e4\u00e4n varten. L\u00e4hteit\u00e4 voi l\u00f6yty\u00e4 my\u00f6s verkosta, mutta henkil\u00f6l\u00e4hteit\u00e4kin voi k\u00e4ytt\u00e4\u00e4. Esseen aiheesta tulee sopia vastuuhenkil\u00f6n (Jaana Kek\u00e4l\u00e4inen) kanssa.\u00a0Valmiit esseet l\u00e4hetet\u00e4\u00e4n s\u00e4hk\u00f6postilla osoitteella jaana.kekalainen[\u00e4t]uta.fi . Esseen lukukelpoisuuden lis\u00e4\u00e4miseksi suositellaan tekstin rytmitt\u00e4mist\u00e4 alaotsikoin.<\/p>\n<h1>ITIS25 a) Kirjasto- ja tietopalvelut yhteiskunnassa 5 op<\/h1>\n<p>Ehdotuksia kirjallisuudeksi:<br \/>\n&#8211; Relander, Jukka &amp; Saarti, Jarmo (toim.): Kirjaston kuolema. 2015.<br \/>\n&#8211; Hokkanen, Laura (toim.): Sosiaalinen kirjasto. 2015.<br \/>\n&#8211; Ristikartano, Veera &amp; Virrankoski, Antti: Er\u00e4p\u00e4iv\u00e4! Voimasanoja kirjastosta. 2011.<br \/>\n&#8211; Bergstr\u00f6m, Annika et al.: Books on screens. Players in the Swedish E-book Market. 2017.<br \/>\n&#8211; Reflecting on the future of academic and public libraries. Ed. by Peter Hernon &amp; Joseph R. Matthews. Facet Publishing 2013 ISBN 978185604981<\/p>\n<p>Etsi itse aiheeseesi sopivia l\u00e4hteit\u00e4.<\/p>\n<h1>ITIS25 b) Kirjasto- ja tietopalvelut kulttuurissa 5 op<\/h1>\n<p>Ehdotuksia kirjallisuudeksi:<br \/>\n&#8211; Suomen yleisten kirjastojen historia. Toim. Ilkka M\u00e4kinen. 2009.<br \/>\n&#8211; Kekki, Kirsti: Menestystarina nimelt\u00e4 kirjasto. 2013.<br \/>\n&#8211; Outi Vuorenrinne: Nutturat l\u00f6ystym\u00e4ss\u00e4. Kirjavalinnan liberalisoituminen Suomen yleisiss\u00e4 kirjastoissa 1960-70-luvuilla. 2015.<br \/>\n&#8211; Library spirit in the Nordic and Baltic countries. Historical perspectives. Ed. by Martin Dyrbye et al. 2009.<br \/>\n&#8211; Murray, Stuart P.: The library. An illustrated history. 2009.<br \/>\n&#8211; Schnapp, Jeffrey T.: The library beyond the book. 2014 .<\/p>\n<p>Etsi itse aiheeseesi sopivia l\u00e4hteit\u00e4.<\/p>\n<p>&nbsp;<\/p>\n","protected":false},"excerpt":{"rendered":"<p>T\u00e4rke\u00e4\u00e4: ITIS25-kirjallisuusopintoja voi suorittaa vain vuoden 2019 loppuun asti. Tarjolla on kaksi kirjapakettia, jotka suoritetaan esseill\u00e4. Opintojakso perustuu siihen, ett\u00e4 opiskelija valitsee aihepiirist\u00e4 mielenkiintonsa kohteet, etsii kirjallisuutta ja harjoittelee tieteellist\u00e4 kirjoittamista esseen muodossa. T\u00e4m\u00e4 ei toteudu s\u00e4hk\u00f6isess\u00e4 tentiss\u00e4 ja siksi jaksoa ei voi suorittaa tenttim\u00e4ll\u00e4. Opiskelija voi suorittaa kummankin alakohdan, jos esseiden aiheet ovat riitt\u00e4v\u00e4n &hellip; <a href=\"https:\/\/coursepages2.tuni.fi\/itis25\/\" class=\"more-link\">Jatka artikkeliin <span class=\"screen-reader-text\">ITIS25 Kirjasto- ja tietopalvelujen kirjallisuusopinnot 10 op<\/span><\/a><\/p>\n","protected":false},"author":1,"featured_media":0,"parent":0,"menu_order":0,"comment_status":"closed","ping_status":"closed","template":"","meta":{"footnotes":""},"class_list":["post-5","page","type-page","status-publish","hentry"],"_links":{"self":[{"href":"https:\/\/coursepages2.tuni.fi\/itis25\/wp-json\/wp\/v2\/pages\/5","targetHints":{"allow":["GET"]}}],"collection":[{"href":"https:\/\/coursepages2.tuni.fi\/itis25\/wp-json\/wp\/v2\/pages"}],"about":[{"href":"https:\/\/coursepages2.tuni.fi\/itis25\/wp-json\/wp\/v2\/types\/page"}],"author":[{"embeddable":true,"href":"https:\/\/coursepages2.tuni.fi\/itis25\/wp-json\/wp\/v2\/users\/1"}],"replies":[{"embeddable":true,"href":"https:\/\/coursepages2.tuni.fi\/itis25\/wp-json\/wp\/v2\/comments?post=5"}],"version-history":[{"count":14,"href":"https:\/\/coursepages2.tuni.fi\/itis25\/wp-json\/wp\/v2\/pages\/5\/revisions"}],"predecessor-version":[{"id":41,"href":"https:\/\/coursepages2.tuni.fi\/itis25\/wp-json\/wp\/v2\/pages\/5\/revisions\/41"}],"wp:attachment":[{"href":"https:\/\/coursepages2.tuni.fi\/itis25\/wp-json\/wp\/v2\/media?parent=5"}],"curies":[{"name":"wp","href":"https:\/\/api.w.org\/{rel}","templated":true}]}}