{"id":5,"date":"2017-06-22T10:58:06","date_gmt":"2017-06-22T07:58:06","guid":{"rendered":"https:\/\/coursepages.uta.fi\/itis16\/?page_id=5"},"modified":"2019-08-06T15:45:27","modified_gmt":"2019-08-06T12:45:27","slug":"paasivu","status":"publish","type":"page","link":"https:\/\/coursepages2.tuni.fi\/itis16\/","title":{"rendered":"ITIS16 Tietok\u00e4yt\u00e4nt\u00f6jen kirjallisuusopinnot 5\u201320 op"},"content":{"rendered":"<p><strong>HUOM! N\u00e4m\u00e4 kirjallisuusopinnot ovat suoritettavissa vain vuoden 2019 loppuun menness\u00e4.<\/strong><\/p>\n<p>Tietok\u00e4yt\u00e4nt\u00f6jen kirjallisuusopinnoissa on tarjolla nelj\u00e4 5 op:n vaihtoehtoa, joista voi valita yhden tai useampia. Jokainen on itsen\u00e4inen kokonaisuutensa.<\/p>\n<h1>Vaihtoehdot<\/h1>\n<p><a href=\"https:\/\/coursepages2.tuni.fi\/itis16\/itis16-a-tietokaytannot-5-op\/\">a) Tietok\u00e4yt\u00e4nn\u00f6t<\/a><br \/>\n<a href=\"https:\/\/coursepages2.tuni.fi\/itis16\/itis16-b-tiedonhakujarjestelmat-5-op\/\">b) Tiedonhakuj\u00e4rjestelm\u00e4t<\/a><br \/>\n<a href=\"https:\/\/coursepages2.tuni.fi\/itis16\/itis16-c-vuorovaikutteinen-tiedonhaku-5-op\/\">c) Vuorovaikutteinen tiedonhaku<\/a><br \/>\n<a href=\"https:\/\/coursepages2.tuni.fi\/itis16\/itis16-d-tehtavaperustainen-tiedonhaku-5-op\/\">d) Teht\u00e4v\u00e4perustainen tiedonhaku<\/a><\/p>\n<p>&nbsp;<\/p>\n","protected":false},"excerpt":{"rendered":"<p>HUOM! N\u00e4m\u00e4 kirjallisuusopinnot ovat suoritettavissa vain vuoden 2019 loppuun menness\u00e4. Tietok\u00e4yt\u00e4nt\u00f6jen kirjallisuusopinnoissa on tarjolla nelj\u00e4 5 op:n vaihtoehtoa, joista voi valita yhden tai useampia. Jokainen on itsen\u00e4inen kokonaisuutensa. Vaihtoehdot a) Tietok\u00e4yt\u00e4nn\u00f6t b) Tiedonhakuj\u00e4rjestelm\u00e4t c) Vuorovaikutteinen tiedonhaku d) Teht\u00e4v\u00e4perustainen tiedonhaku &nbsp;<\/p>\n","protected":false},"author":1,"featured_media":0,"parent":0,"menu_order":0,"comment_status":"closed","ping_status":"closed","template":"","meta":{"footnotes":""},"class_list":["post-5","page","type-page","status-publish","hentry"],"_links":{"self":[{"href":"https:\/\/coursepages2.tuni.fi\/itis16\/wp-json\/wp\/v2\/pages\/5","targetHints":{"allow":["GET"]}}],"collection":[{"href":"https:\/\/coursepages2.tuni.fi\/itis16\/wp-json\/wp\/v2\/pages"}],"about":[{"href":"https:\/\/coursepages2.tuni.fi\/itis16\/wp-json\/wp\/v2\/types\/page"}],"author":[{"embeddable":true,"href":"https:\/\/coursepages2.tuni.fi\/itis16\/wp-json\/wp\/v2\/users\/1"}],"replies":[{"embeddable":true,"href":"https:\/\/coursepages2.tuni.fi\/itis16\/wp-json\/wp\/v2\/comments?post=5"}],"version-history":[{"count":12,"href":"https:\/\/coursepages2.tuni.fi\/itis16\/wp-json\/wp\/v2\/pages\/5\/revisions"}],"predecessor-version":[{"id":44,"href":"https:\/\/coursepages2.tuni.fi\/itis16\/wp-json\/wp\/v2\/pages\/5\/revisions\/44"}],"wp:attachment":[{"href":"https:\/\/coursepages2.tuni.fi\/itis16\/wp-json\/wp\/v2\/media?parent=5"}],"curies":[{"name":"wp","href":"https:\/\/api.w.org\/{rel}","templated":true}]}}