{"id":33,"date":"2017-12-13T14:58:24","date_gmt":"2017-12-13T12:58:24","guid":{"rendered":"https:\/\/coursepages.uta.fi\/itis16\/?page_id=33"},"modified":"2017-12-13T14:58:24","modified_gmt":"2017-12-13T12:58:24","slug":"itis16-c-vuorovaikutteinen-tiedonhaku-5-op","status":"publish","type":"page","link":"https:\/\/coursepages2.tuni.fi\/itis16\/itis16-c-vuorovaikutteinen-tiedonhaku-5-op\/","title":{"rendered":"ITIS16 c) Vuorovaikutteinen tiedonhaku (5 op)"},"content":{"rendered":"<p>Opintojakso suoritetaan essein\u00e4. Jakso t\u00e4ydent\u00e4\u00e4 tiedonhaun opintoja ja sopii hyvin t\u00e4ydent\u00e4m\u00e4\u00e4n gradua, jonka aihe liittyy tiedonhakuun. Esseet voi palauttaa s\u00e4hk\u00f6postitse koska tahansa. Jos haluat perustaa opintopiirin, sekin on mahdollista. Kysy lis\u00e4ohjeita vastuuopettajalta.<\/p>\n<p>Kirjoita 2-4 esseet\u00e4 vapaavalintaisista tai ennetuista aiheista, yhteens\u00e4 4000-5000 sanaa. Voit k\u00e4ytt\u00e4\u00e4 opinto-oppaassa mainittua kirjallisuutta, alla annettua vaihtoehtoista listaa korvaamaan Xien teos tai itse ehdottamaasi kirjallisuutta vuorovaikutteisen tiedonhaun alueelta (hyv\u00e4ksyt\u00e4 se ensin vastuuopettajalla). Opinto-oppaan kirjallisuuden kanssa tapahtui ty\u00f6tapaturma: kirjallisuus j\u00e4i uusimatta, enk\u00e4 voi oikein suositella Xien kirjaa. Ei siit\u00e4 nyt vahinkoakaan ole, mutta se on tyls\u00e4.<\/p>\n<p>Esseiss\u00e4si pyri yhdistelem\u00e4\u00e4n asioita eri l\u00e4hteist\u00e4, \u00e4l\u00e4 kirjoita yksioikoista referaattia.<\/p>\n<p>Opinto-oppaassa annettu kirjallisuus:<\/p>\n<p>Xie, I. (2008). Interactive information retrieval in digital environments. Hershey, IGI Publishing.<\/p>\n<p>White, R. &amp; Roth, R. (2009). Exploratory search: Beyond the query-response paradigm. Morgan &amp;Claypool. Saativissa verkosta yliopiston kirjaston lisenssill\u00e4.<\/p>\n<p>Kelly, D. (2009).Methods for evaluating interactive information retrieval systems with users. Foundations and trends in information retrieval 3(2009), 1\u2013224. URL: http:\/\/citeseerx.ist.psu.edu\/viewdoc\/download?doi=10.1.1.174.8814&amp;rep=rep1&amp;type=pdf<\/p>\n<p>Vaihtoehtoinen kirjallisuus:<\/p>\n<p>Korvaa Xien teos halutessasi seuraavilla:<\/p>\n<p>Horatiu Bota, Ke Zhou, and Joemon M. Jose. 2016. Playing Your Cards Right: The Effect of Entity Cards on Search Behaviour and Workload. In\u00a0<em>Proceedings of the 2016 ACM on Conference on Human Information Interaction and Retrieval<\/em>\u00a0(CHIIR &#8217;16). ACM, New York, NY, USA, 131-140. DOI=http:\/\/dx.doi.org\/10.1145\/2854946.2854967<\/p>\n<p>Kevyn Collins-Thompson, Soo Young Rieh, Carl C. Haynes, and Rohail Syed. 2016. Assessing Learning Outcomes in Web Search: A Comparison of Tasks and Query Strategies. In\u00a0<em>Proceedings of the 2016 ACM on Conference on Human Information Interaction and Retrieval<\/em>\u00a0(CHIIR &#8217;16). ACM, New York, NY, USA, 163-172. DOI=http:\/\/dx.doi.org\/10.1145\/2854946.2854972<\/p>\n<p>Matthias Hagen, Martin Potthast, Michael V\u00f6lske, Jakob Gomoll, and Benno Stein. 2016. How Writers Search: Analyzing the Search and Writing Logs of Non-fictional Essays. In\u00a0<em>Proceedings of the 2016 ACM on Conference on Human Information Interaction and Retrieval<\/em>\u00a0(CHIIR &#8217;16). ACM, New York, NY, USA, 193-202. DOI=http:\/\/dx.doi.org\/10.1145\/2854946.2854969<\/p>\n<p>Hugo C. Huurdeman, Max L. Wilson, and Jaap Kamps. 2016. Active and Passive Utility of Search Interface Features in Different Information Seeking Task Stages. In\u00a0<em>Proceedings of the 2016 ACM on Conference on Human Information Interaction and Retrieval<\/em>\u00a0(CHIIR &#8217;16). ACM, New York, NY, USA, 3-12. DOI=http:\/\/dx.doi.org\/10.1145\/2854946.2854957<\/p>\n<p>Catherine L. Smith, Jacek Gwizdka, and Henry Feild. 2016. Exploring the Use of Query Auto Completion: Search Behavior and Query Entry Profiles. In\u00a0<em>Proceedings of the 2016 ACM on Conference on Human Information Interaction and Retrieval<\/em>\u00a0(CHIIR &#8217;16). ACM, New York, NY, USA, 101-110. DOI=http:\/\/dx.doi.org\/10.1145\/2854946.2854975<\/p>\n<p>Essee-aiheita:<\/p>\n<p>1. Suunnittele vuorovaikutteista tiedonhakua tarkasteleva tutkimus, esittele tutkimusasetelma ja menetelm\u00e4t, jotka perustelet kirjallisuuden avulla. Tutkimusaiheen voit ottaa kirjallisuudesta tai valita oman kiinnostuksesi mukaan. Tuloksia ei t\u00e4ss\u00e4 (tietenk\u00e4\u00e4n) esitell\u00e4.<br \/>\n2. Miten vuorovaikutteinen tiedonhaku eroaa muista tiedonhaun tutkimussuuntauksista? Mitk\u00e4 ovat vuorovaikutteisen tiedonhaun tutkimuskohteet ja -kysymykset?<br \/>\n3. Vuorovaikutteisen tiedonhaun malleja.<br \/>\n4. Vuorovaikutteisen tiedonhaun tutkimuksen menetelm\u00e4t.<br \/>\n5. Mit\u00e4 on informaation etsint\u00e4 (information exploration)? Miten tiedonhaku etsint\u00e4n\u00e4 (information exploration) laajentaa tiedonhaun k\u00e4sitett\u00e4?<br \/>\n6. Aineiston keruumenetelm\u00e4t vuorovaikutteisessa tiedonhaussa.<br \/>\n7. Aineiston kvantitatiivinen ja kvalitatiivinen analyysi vuorovaikutteisessa tiedonhaussa.<\/p>\n<p>Kysymyksi\u00e4 ja kommentteja sopii l\u00e4hett\u00e4\u00e4 s\u00e4hk\u00f6postitse vastuuopettajalle.<\/p>\n<p>Vastuuopettaja: Jaana Kek\u00e4l\u00e4inen<\/p>\n","protected":false},"excerpt":{"rendered":"<p>Opintojakso suoritetaan essein\u00e4. Jakso t\u00e4ydent\u00e4\u00e4 tiedonhaun opintoja ja sopii hyvin t\u00e4ydent\u00e4m\u00e4\u00e4n gradua, jonka aihe liittyy tiedonhakuun. Esseet voi palauttaa s\u00e4hk\u00f6postitse koska tahansa. Jos haluat perustaa opintopiirin, sekin on mahdollista. Kysy lis\u00e4ohjeita vastuuopettajalta. Kirjoita 2-4 esseet\u00e4 vapaavalintaisista tai ennetuista aiheista, yhteens\u00e4 4000-5000 sanaa. Voit k\u00e4ytt\u00e4\u00e4 opinto-oppaassa mainittua kirjallisuutta, alla annettua vaihtoehtoista listaa korvaamaan Xien teos tai &hellip; <a href=\"https:\/\/coursepages2.tuni.fi\/itis16\/itis16-c-vuorovaikutteinen-tiedonhaku-5-op\/\" class=\"more-link\">Jatka artikkeliin <span class=\"screen-reader-text\">ITIS16 c) Vuorovaikutteinen tiedonhaku (5 op)<\/span><\/a><\/p>\n","protected":false},"author":40,"featured_media":0,"parent":0,"menu_order":0,"comment_status":"closed","ping_status":"closed","template":"","meta":{"footnotes":""},"class_list":["post-33","page","type-page","status-publish","hentry"],"_links":{"self":[{"href":"https:\/\/coursepages2.tuni.fi\/itis16\/wp-json\/wp\/v2\/pages\/33","targetHints":{"allow":["GET"]}}],"collection":[{"href":"https:\/\/coursepages2.tuni.fi\/itis16\/wp-json\/wp\/v2\/pages"}],"about":[{"href":"https:\/\/coursepages2.tuni.fi\/itis16\/wp-json\/wp\/v2\/types\/page"}],"author":[{"embeddable":true,"href":"https:\/\/coursepages2.tuni.fi\/itis16\/wp-json\/wp\/v2\/users\/40"}],"replies":[{"embeddable":true,"href":"https:\/\/coursepages2.tuni.fi\/itis16\/wp-json\/wp\/v2\/comments?post=33"}],"version-history":[{"count":1,"href":"https:\/\/coursepages2.tuni.fi\/itis16\/wp-json\/wp\/v2\/pages\/33\/revisions"}],"predecessor-version":[{"id":34,"href":"https:\/\/coursepages2.tuni.fi\/itis16\/wp-json\/wp\/v2\/pages\/33\/revisions\/34"}],"wp:attachment":[{"href":"https:\/\/coursepages2.tuni.fi\/itis16\/wp-json\/wp\/v2\/media?parent=33"}],"curies":[{"name":"wp","href":"https:\/\/api.w.org\/{rel}","templated":true}]}}