{"id":5,"date":"2017-06-22T10:58:06","date_gmt":"2017-06-22T07:58:06","guid":{"rendered":"https:\/\/coursepages.uta.fi\/htis81\/?page_id=5"},"modified":"2018-09-02T19:08:25","modified_gmt":"2018-09-02T16:08:25","slug":"paasivu","status":"publish","type":"page","link":"https:\/\/coursepages2.tuni.fi\/htis81\/","title":{"rendered":"Main page"},"content":{"rendered":"<p>&nbsp;<\/p>\n<h1>NEWS<\/h1>\n<ul>\n<li><strong>Enroll to the course by Sunday 2 September 2018<\/strong>.\u00a0The link to the enrollment form is available on the course&#8217;s teaching shedule page at\u00a0<a href=\"https:\/\/www10.uta.fi\/opas\/teaching\/course.htm?id=38906\">https:\/\/www10.uta.fi\/opas\/teaching\/course.htm?id=38906<\/a>.\u00a0(updated 6.8.2018)<\/li>\n<\/ul>\n<p style=\"padding-left: 30px\">Please NOTE: You must have study rights to University of Tampere (UTA). With the study rights, you get your UTA basic user account ID, which is needed for access to UTA services, such as NettiOpsu (enrollment, course credits etc), course&#8217;s Moodle area, rights to enter the usability lab (granted separately after the course has started) etc. (NOTE: TUT or TAMK user account ID does not work, yet as the systems of the three universities have not yet been combined).<\/p>\n<p style=\"padding-left: 30px\"><strong>TAMK<\/strong>\u00a0and\u00a0<strong>TUT students<\/strong>\u00a0can apply study rights via the<strong>\u00a0Tampere3 agreement<\/strong>. See more information at\u00a0<a href=\"https:\/\/www10.uta.fi\/ristiinopiskelupalvelu\/?uiLang=en\">https:\/\/www10.uta.fi\/ristiinopiskelupalvelu\/?uiLang=en<\/a>\u00a0(updated 17.8.2016)<\/p>\n<p style=\"padding-left: 30px\">For students outside Tampere3, the course is available via Joo-agreement, see\u00a0<a href=\"https:\/\/www.uta.fi\/opiskelunopas\/en\/during-your-studies\/free-choice-studies\/joo-studies\">https:\/\/www.uta.fi\/opiskelunopas\/en\/during-your-studies\/free-choice-studies\/joo-studies<\/a><\/p>\n<p style=\"padding-left: 30px\">If you don&#8217;t get the study rights in time, email paivi.majaranta (at) uta.fi (you still\u00a0<em>need to<\/em>\u00a0get the rights but you can attend the first lecture(s) while waiting).<\/p>\n<p style=\"padding-left: 30px\"><em>See you at the<strong>\u00a0first lecture on Monday 3 September 2018 at 12-14, Pinni B 1097<\/strong>!<\/em><\/p>\n<p style=\"padding-left: 30px\">You can get a\u00a0<strong>key card<\/strong>\u00a0for the UTA computer labs from the IT Customer service desk (concerns non-UTA students, UTA students have the key card included in their student card). That card can also then be used to access usability laboratory. Check opening hours and contact information here:\u00a0<a href=\"http:\/\/www.uta.fi\/english\/administration\/universityservices\/it\/index.html\">Customer service desk<\/a>\u00a0\u00a0(updated 14.9.2016)<\/p>\n<p style=\"padding-left: 30px\">The key card is personal and can be used only by you.<\/p>\n<h1>Contents<\/h1>\n<p><strong>HTIS81 Usability Evaluation Methods (UEM) \u00a0<\/strong>is part of\u00a0<strong>#tampere3\u00a0<\/strong>studies. For more information, see\u00a0<a href=\"https:\/\/www10.uta.fi\/ristiinopiskelupalvelu\/?uiLang=en\">https:\/\/www10.uta.fi\/ristiinopiskelupalvelu\/?uiLang=en<\/a><br \/>\nCurricula:\u00a0<a href=\"https:\/\/www10.uta.fi\/opas\/opintojakso.htm?rid=14619&amp;idx=6&amp;uiLang=en&amp;lang=en&amp;lvv=2018\">https:\/\/www10.uta.fi\/opas\/opintojakso.htm?rid=14619&amp;idx=6&amp;uiLang=en&amp;lang=en&amp;lvv=2018<\/a><\/p>\n<p><strong>NOTE:<\/strong>\u00a0You should not take this course, if you have already completed any of the similar previous courses with basically same content, such as:<br \/>\nTIEVS81 Usability Evaluation Methods,<br \/>\nTIEVA30 K\u00e4ytett\u00e4vyyden arvionnin menetelm\u00e4t (\u201cKAME&#8221;),<br \/>\nIHTE-3201 K\u00e4ytett\u00e4vyystutkimuksen menetelm\u00e4t,<br \/>\nVTEKA206 K\u00e4ytett\u00e4vyyden arvioinnin menetelm\u00e4t,<br \/>\nITIA14 Informaatioarkkitehtuurin ja k\u00e4ytett\u00e4vyyden evaluointiprojekti<\/p>\n<p><strong>Learning outcomes<\/strong><\/p>\n<p>The aim of the course is to develop an understanding of usability evaluation methods that are conducted with and without the user and to know how to use them during the product development process. The methods will be first studied theoretically and then applied in practice in the weekly assignments and project work. The emphasis of the course is in the hands-on usability evaluation project which is carried out as team work. The project work involves evaluating and reporting the usability of a given product using good practices. The project work also gives students team work skills needed in working life. After the course the student has an overview of different methods and knows how to select an appropriate usability evaluation method for different cases, has practical knowledge how to carry out a heuristic evaluation and a usability test in a laboratory, and how to report the findings.<\/p>\n<p><strong>Contents<\/strong><\/p>\n<p>The importance of usability evaluation in different stages of the of product development, the influence of different types of user interfaces and user groups in the selection of the methods, overview of usability evaluation methods, ethical considerations in usability studies, heuristic evaluation, usability evaluation in the lab, making a test plan, conducting usability tests, analyzing and reporting, team work skills.<\/p>\n<p>Read the official course description from the\u00a0<a href=\"https:\/\/www10.uta.fi\/opas\/opintojakso.htm?rid=14619&amp;idx=6&amp;uiLang=en&amp;lang=en&amp;lvv=2018\">curriculum<\/a>.<\/p>\n<h1>Teaching<\/h1>\n<div class=\"opsi_opetustapa_ajankohta\">\u00a0For more information, see\u00a0<a href=\"https:\/\/www10.uta.fi\/opas\/teaching\/course.htm?id=38906\">Teaching Schedule<\/a><\/div>\n<h3>Lectures<\/h3>\n<p><strong>(<a href=\"https:\/\/www.uta.fi\/sis\/yhteystiedot\/henkilokunta\/paivimajaranta_fi.html\">P\u00e4ivi Majaranta<\/a>)<\/strong><\/p>\n<div class=\"opsi_opetustapa_ajankohta\">\n<div class=\"opsi_opetustapa_ajankohta\">\n<div class=\"opsi_opetustapa_ajankohta\">\n<div class=\"opsi_opetustapa_ajankohta\">\n<div class=\"opsi_opetustapa_ajankohta\">\n<div class=\"opsi_opetustapa_ajankohta\">Mon <strong>3-Sep<\/strong>-2018 &#8211; <strong>15-Oct<\/strong>-2018 <strong>weekly<\/strong> at 12-14, Pinni B1097<br \/>\n(lab work before the final lecture)<\/div>\n<div class=\"opsi_opetustapa_ajankohta\">Mon <strong>10-Dec<\/strong>-2018 at 12-14, Pinni B1097<\/div>\n<\/div>\n<\/div>\n<\/div>\n<\/div>\n<\/div>\n<h3>Exercises<\/h3>\n<p><strong>(Biju Thankachan)<\/strong><\/p>\n<div class=\"opsi_toteuma_opetustapa_nimi\">\n<div class=\"opsi_opetustapa_ajankohta\">\n<div class=\"opsi_toteuma_opetustapa_nimi\">\n<div class=\"opsi_toteuma_opetustapa_nimi\"><strong>Group 1<\/strong><\/div>\n<div class=\"opsi_opetustapa_ajankohta\">Fri 14-Sep-2018 &#8211; 19-Oct-2018 weekly at 10-12, Pinni B0016<\/div>\n<div class=\"opsi_toteuma_opetustapa_nimi\"><strong>Group 2<\/strong><\/div>\n<div class=\"opsi_opetustapa_ajankohta\">Fri 14-Sep-2018 &#8211; 19-Oct-2018 weekly at 12-14, Pinni B0016<\/div>\n<\/div>\n<\/div>\n<div><\/div>\n<div class=\"opsi_opetustapa_ajankohta\">Note: you only have to attend one exercise group (they are the same).<\/div>\n<\/div>\n<p>See the course&#8217;s \u00a0Moodle area\u00a0\u00a0for more information, including assignments for weekly exercises.<\/p>\n<h3>Project work<\/h3>\n<p>The course includes hands-on project work that is done in small groups. More information is given during lectures and in the course&#8217;s Moodle area.<\/p>\n<p><strong>TUT\/TAMK students<\/strong>: Make sure you have an UTA keycard (UTA students have the key card feature in their student card). It is needed in order to access the usability lab.<\/p>\n<h1>Supporting Materials<\/h1>\n<p><b>Recommended readings<\/b><\/p>\n<ul>\n<li>Cockton, Gilbert (2014):\u00a0<strong>Usability Evaluation<\/strong>. In: Soegaard, Mads and Dam, Rikke Friis (eds.).\u00a0<em>The Encyclopedia of Human-Computer Interaction<\/em>, 2nd Ed,\u00a0The Interaction Design Foundation.\u00a0<a href=\"https:\/\/www.interaction-design.org\/encyclopedia\/usability_evaluation.html\">https:\/\/www.interaction-design.org\/encyclopedia\/usability_evaluation.html<\/a><\/li>\n<li>Rubin, Chisnell &amp;\u00a0Spool (2013)\u00a0<em><strong>Handbook of Usability Testing<\/strong><\/em>, Wiley. 2nd edition. Ebook available (UTA user ID required):\u00a0<a href=\"http:\/\/ebookcentral.proquest.com\/lib\/tampere\/detail.action?docID=343716\">http:\/\/ebookcentral.proquest.com\/lib\/tampere\/detail.action?docID=343716<\/a><\/li>\n<li>Tullis &amp; Albert (2013):\u00a0<strong>Measuring the User Experience : Collecting, Analyzing, and Presenting Usability Metrics<\/strong>. Elsevier. 2nd edition. Ebook available (UTA user ID required):\u00a0<a href=\"http:\/\/ebookcentral.proquest.com\/lib\/tampere\/detail.action?docID=1204543\">http:\/\/ebookcentral.proquest.com\/lib\/tampere\/detail.action?docID=1204543<\/a>. Supporting material available at\u00a0<a href=\"http:\/\/measuringuserexperience.com\/\">http:\/\/measuringuserexperience.com\/<\/a><\/li>\n<li>Sauro &amp; Lewis (2016):\u00a0<strong>Quantifying the User Experience : Practical Statistics for User Research<\/strong>. Morgan Kaufmann. 2nd edition. Ebook available (UTA user ID required):\u00a0<a href=\"http:\/\/ebookcentral.proquest.com\/lib\/tampere\/detail.action?docID=4592083\">http:\/\/ebookcentral.proquest.com\/lib\/tampere\/detail.action?docID=4592083<\/a>. Supporting material available at\u00a0<a href=\"http:\/\/measuringu.com\/what-test\/\">http:\/\/measuringu.com\/what-test\/<\/a><\/li>\n<li>Dumas &amp; Loring (2008),\u00a0<em><a href=\"http:\/\/www.dawsonera.com\/depp\/reader\/protected\/external\/AbstractView\/S9780080558271\"><strong>Moderating Usability Tests \u2013 Principles &amp; Practices for Interacting<\/strong><\/a><\/em>. Elsevier. Ebook available (UTA user ID required):\u00a0<a href=\"http:\/\/www.tampere.eblib.com\/patron\/FullRecord.aspx?p=331981\">http:\/\/www.tampere.eblib.com\/patron\/FullRecord.aspx?p=331981<\/a><\/li>\n<\/ul>\n<p>For Finnish students, this seminary report should be useful:<\/p>\n<ul>\n<li>Ovaska, Aula, Majaranta (2005):\u00a0<strong>K\u00e4ytett\u00e4vyystutkimuksen menetelm\u00e4t<\/strong>. Tampereen yliopisto.\u00a0<a href=\"http:\/\/urn.fi\/URN:ISBN:978-951-44-9724-7\">http:\/\/urn.fi\/URN:ISBN:978-951-44-9724-7<\/a><\/li>\n<\/ul>\n<p><strong>Want to prepare for the course?<\/strong><\/p>\n<p>Basic knowledge on HCI is assumed. However, if you are fairly new to the area or if it has been long since you studied HCI, this freely available\u00a0<a href=\"http:\/\/www.interaction-design.org\/books\/hci.html\">Encyclopedia of Human-Computer Interaction<\/a>\u00a0should be useful.<\/p>\n<p>&nbsp;<\/p>\n<p>&nbsp;<\/p>\n<p>&nbsp;<\/p>\n","protected":false},"excerpt":{"rendered":"<p>&nbsp; NEWS Enroll to the course by Sunday 2 September 2018.\u00a0The link to the enrollment form is available on the course&#8217;s teaching shedule page at\u00a0https:\/\/www10.uta.fi\/opas\/teaching\/course.htm?id=38906.\u00a0(updated 6.8.2018) Please NOTE: You must have study rights to University of Tampere (UTA). With the study rights, you get your UTA basic user account ID, which is needed for access &hellip; <a href=\"https:\/\/coursepages2.tuni.fi\/htis81\/\" class=\"more-link\">Continue reading <span class=\"screen-reader-text\">Main page<\/span><\/a><\/p>\n","protected":false},"author":1,"featured_media":0,"parent":0,"menu_order":0,"comment_status":"closed","ping_status":"closed","template":"","meta":{"footnotes":""},"class_list":["post-5","page","type-page","status-publish","hentry"],"_links":{"self":[{"href":"https:\/\/coursepages2.tuni.fi\/htis81\/wp-json\/wp\/v2\/pages\/5","targetHints":{"allow":["GET"]}}],"collection":[{"href":"https:\/\/coursepages2.tuni.fi\/htis81\/wp-json\/wp\/v2\/pages"}],"about":[{"href":"https:\/\/coursepages2.tuni.fi\/htis81\/wp-json\/wp\/v2\/types\/page"}],"author":[{"embeddable":true,"href":"https:\/\/coursepages2.tuni.fi\/htis81\/wp-json\/wp\/v2\/users\/1"}],"replies":[{"embeddable":true,"href":"https:\/\/coursepages2.tuni.fi\/htis81\/wp-json\/wp\/v2\/comments?post=5"}],"version-history":[{"count":15,"href":"https:\/\/coursepages2.tuni.fi\/htis81\/wp-json\/wp\/v2\/pages\/5\/revisions"}],"predecessor-version":[{"id":36,"href":"https:\/\/coursepages2.tuni.fi\/htis81\/wp-json\/wp\/v2\/pages\/5\/revisions\/36"}],"wp:attachment":[{"href":"https:\/\/coursepages2.tuni.fi\/htis81\/wp-json\/wp\/v2\/media?parent=5"}],"curies":[{"name":"wp","href":"https:\/\/api.w.org\/{rel}","templated":true}]}}