{"id":34,"date":"2021-03-30T11:49:27","date_gmt":"2021-03-30T08:49:27","guid":{"rendered":"https:\/\/coursepages2.tuni.fi\/comp-se-610\/?page_id=34"},"modified":"2026-01-28T08:47:31","modified_gmt":"2026-01-28T06:47:31","slug":"projects","status":"publish","type":"page","link":"https:\/\/coursepages2.tuni.fi\/comp-se-610\/projects\/","title":{"rendered":"Current projects"},"content":{"rendered":"<p><strong>Spring 2026 started projects<\/strong><\/p>\n<ol>\n<li>PROJ-S2026-G01-SLT-PRIOR (Topic AG, coach: Timo)<\/li>\n<li><span class=\"NormalTextRun SCXW217397628 BCX8\">PROJ-S2026-G02-<\/span><span class=\"NormalTextRun SCXW217397628 BCX8\">Tilannekuva (Topic AF, coach: Tensu)<\/span><\/li>\n<li><span class=\"TextRun SCXW104984396 BCX8\" lang=\"EN-US\" xml:lang=\"EN-US\" data-contrast=\"none\"><span class=\"NormalTextRun SCXW104984396 BCX8\">PROJ-S2026-G03-Inhalaattorisivusto (Topic A, coach: Katriina)<\/span><\/span><\/li>\n<li>PROJ-S2026-G04-Sovellus nuorten \/ aikuisten lukivaikeuden tukemiseksi (Topic D, coach: Katriina)<\/li>\n<li>PROJ-S2026-G05-Food assistant app (Topic Q, coach: Katriina)<\/li>\n<li>PROJ-S2026-G06-Filmgate (Topic AJ, coach: Pekka)<\/li>\n<li>PROJ-S2026-G07-Tuulikartta (Topic AE, coach: Tensu)<\/li>\n<li>PROJ-S2026-G08-EMI Visual Programming Tool (Topic AO, coach: Timo)<\/li>\n<li>PROJ-S2026-G09-MMT (Topic B, coach: Pekka)<\/li>\n<li>PROJ-S2026-G10-BiljaApp (Topic T, coach: Pekka)<\/li>\n<li>PROJ-S2026-G11-EduChat: Smart AI Tutor (Topic: AP, coach: Tensu)<\/li>\n<li>PROJ-S2026-G12-Robot arm sampling (Topic N, coach: Tensu)<\/li>\n<li>PROJ-S2026-G13-Dashboard-for-wind-park-technician (Topic R, coach: Pekka)<\/li>\n<li>PROJ-S2026-G14-AI-assisted object recognition in AR (Topic AA, coach: Timo)<\/li>\n<li>PROJ-S2026-G15-Mansen-Molskis (Topic AM, coach: Tensu)<\/li>\n<li>PROJ-S2026-G16-Sovellus varhaisen vuorovaikutuksen tukemiseen (Topic C, coach: ?)<\/li>\n<li>PROJ-S2026-G17-We\u2019ll Keep You Updated (Topic AB, coach: Timo)<\/li>\n<li>PROJ-S2026-G18-Budjetointi-sovellus Eva OmaBudjetti (Topic: Y, coach: Tensu)<\/li>\n<li>PROJ-S2026-G19-DiveEventPro (Phase 2) \u2013 Continuation Project (Topic AL, coach: Tensu)<\/li>\n<li>PROJ-S2026-G20-SW for CDK risk assessment to wellbeing services county (Topic: Z, coach: Tensu)<\/li>\n<li>PROJ-S2026-G21-Huoltokorjaamon toiminnanohjausj\u00e4rjestelm\u00e4 (Topic AR, coach: Tensu)<\/li>\n<li><span class=\"TextRun SCXW71723200 BCX8\" lang=\"EN-US\" xml:lang=\"EN-US\" data-contrast=\"auto\"><span class=\"NormalTextRun SCXW71723200 BCX8\">PROJ-S2026-G22-Navinord (Topic: P, coach: Timo)<\/span><\/span><\/li>\n<li>PROJ-S2026-G23-Snowledge (Topic AQ, coach: Tensu)<\/li>\n<\/ol>\n<p><strong>Spring 2026 proposed projects<\/strong><\/p>\n<ol type=\"A\">\n<li>Inhalaattorisivusto (Customer: TUNI \/ MET)<\/li>\n<li>Metrics Monitoring Tool (Customer: TUNI \/ ITC)<\/li>\n<li>Sovellus varhaisen vuorovaikutuksen tukemiseen (Customer: TUNI \/ Logopedia)<\/li>\n<li>Sovellus nuorten \/ aikuisten lukivaikeuden tukemiseksi (Customer: TUNI \/ Logopedia)<\/li>\n<li>OTA updates for select Crosscontrol Devices (Customer: CrossControl Oy)<\/li>\n<li>GISapp: Develop an Android app with visual interface combining<br \/>\nGIS data with GNSSlogger NMEA data (customer: TUNI \/ EE-ITC)<\/li>\n<li>DUULER: Product Management stage 2 (Customer: MP-Tietosovellukset Oy)<\/li>\n<li>DUULER: AI assistant (Customer: MP-Tietosovellukset Oy)<\/li>\n<li>Ledcut: New User Interface (Customer: MP-Tietosovellukset Oy)<\/li>\n<li>Lektor Aero Mobile Simulation App (Customer: Lektor Aero Oy)<\/li>\n<li>Feature extensions of Lonelytics App Android application for<br \/>\nstudying loneliness patterns associated with mobile phone usage (Customer: TUNI \/ ITC)<\/li>\n<li>LiveBench (Customer: TUNI \/ ITC)<\/li>\n<li>CODIL Pilot &#8211; A Network Platform for Community Workspaces (Customer: Into Sein\u00e4joki Oy and Regional Council of South Ostrobothnia)<\/li>\n<li>Robot Arm Sampling System (RASS) (Customer: Olfactomics Oy)<\/li>\n<li>Generative AI solutions to assist early child education of children with neurodivergencies (Customer: AI Scholar)<\/li>\n<li>NaviNord: Multisensory Virtual Reality Game (Customer: TUNI \/ ITC)<\/li>\n<li>Food assistant app (Customer: Digikeitti\u00f6 \/ Digital Kitchen project at TAMK)<\/li>\n<li>Situation awareness application for wind park technician (Customer: Arenso Oy)<\/li>\n<li>Finland\u2019s Bebras Contest System Modernization (Customer: Tuni \/ ITC)<\/li>\n<li>BiljaApp \u2013 Smart Event Calendar (Customer: BiljaApp Oy)<\/li>\n<li>SaaS platform (Customer: Atapley Europe Oy)<\/li>\n<li>Content creation with AI tools (Customer: Atapley Europe Oy)<\/li>\n<li>Developing and Testing a Participation Platform to Enhance Media Plurality (Customer: Tuni \/ ITC)<\/li>\n<li>Avatar Agent for Supporting Upper Secondary Students (customer: Tavastia koulutuskuntayhtym\u00e4).<\/li>\n<li>Budjetointi-sovellus Eva OmaBudjetti (Customer: Talous- ja velkaneuvonta Pirkanmaa)<\/li>\n<li>Software for chronic kidney disease risk identification in a wellbeing services county (Customer: Prevalabs Ltd)<\/li>\n<li>AI-assisted object recognition in AR (Customer: Demola)<\/li>\n<li>We\u2019ll Keep You Updated (Customer: Demola)<\/li>\n<li>Next-level UX For Modular Spaces (Customer: Demola)<\/li>\n<li>Smooth Transitions (Customer: Demola)<\/li>\n<li>Tuulikartta (Customer: Bitpoint Oy)<\/li>\n<li>Tilannekuva (Customer: Bitpoint Oy)<\/li>\n<li>SLT-PRIOR = Professional Recovery Integration for Organised Rehabilitation (Customer: Solita Oy)<\/li>\n<li>SLT-NOVA = New Open Virtual Administration (Customer: Solita Oy)<\/li>\n<li>SLT-LIFT = Lightweight Intelligence through Finetuning and Transfer (Customer: Solita Oy)<\/li>\n<li>Build AI for Hollywood &#8211; Create production tools used by real VFX studios and film producers (Customer: Filmgate Films AB \/ Filmgate AB)<\/li>\n<li>Project Proposal: Talous Tasapainoon \u2013 WordPress Membership Site (PMPro + Stripe + AI Chat) (Customer: Digianix)<\/li>\n<li>DiveEventPro (Phase 2) \u2013 Continuation Project (Customer: Digianix)<\/li>\n<li>Mansen Molskis ry Website Extension: Online Courses Module + Maintenance Fixes (Customer: Mansen Molskis ry)<\/li>\n<li>EMI Runtime\/Compiler Improvements (Customer: Ilkka Takala)<\/li>\n<li>EMI Visual Programming Tool (Customer: Ilkka Takala)<\/li>\n<li>EduChat: Smart AI Tutor (Customer: TUNI \/ ITC)<\/li>\n<li>Snowledge (Customer: Pallaksen P\u00f6ll\u00f6t)<\/li>\n<li>Huoltokorjaamon toiminnanohjausj\u00e4rjestelm\u00e4 (Customer: Sein\u00e4joen kaupunki)<\/li>\n<li>Next project topic comes here.<\/li>\n<\/ol>\n<p>&nbsp;<\/p>\n<p>&nbsp;<\/p>\n<p>&nbsp;<\/p>\n<p>&nbsp;<\/p>\n<hr \/>\n<p><strong>Autumn 2025 started projects<\/strong><\/p>\n<ol>\n<li>PROJ-A2025-G01-Mulysa-Hacklabien j\u00e4senrekisteri \u2013 automaatio (Topic AG, Coach: Tensu)<\/li>\n<li><span class=\"TextRun SCXW77320589 BCX2\" lang=\"EN-US\" xml:lang=\"EN-US\" data-contrast=\"auto\"><span class=\"NormalTextRun SCXW77320589 BCX2\">PROJ-A2025-G02-Instrument registry for MET laboratory services \u2013 continued development (Customer: MET LABS, Coach: Katriina)<\/span><\/span><\/li>\n<li>PROJ-A2025-G03-SLT-TEST (Customer: Solita, coach: Timo)<\/li>\n<li>PROJ-A2025-G04-SLT-JITV (Customer: Solita, coach: Timo)<\/li>\n<li>PROJ-A2025-G05-Snowledge (Customer: Pallaksen P\u00f6ll\u00f6t, coach: Pekka )<\/li>\n<li>PROJ-A2025-G06-Sanova (Customer: Tuni \/ Logopedia, coach: Pekka)<\/li>\n<li>PROJ-A2025-G07-budjetointisovellus (Customer: Talous- ja velkaneuvonta Pirkanmaa, coach: Pekka)<\/li>\n<li>PROJ-A2025-G08-Repair Actions Management Application (Customer: Caverion, coach: Katriina)<\/li>\n<li>PROJ-A2025-G09-Announcement-Avatar-2 (Customer: Teleste, coach: Pekka)<\/li>\n<li>PROJ-A2025-G10-VNeST-pohjainen puheterapiasovellus (Customer: Tuni \/ Logopedia, coach: Pekka)<\/li>\n<li>PROJ-A2025-G11-Geocache.fi (Customer: Kiven alla Oy, coach: Timo)<\/li>\n<li>PROJ-A2025-G12-Winter-Swimming-App (Customer: M.F., coach: Pekka)<\/li>\n<li>PROJ-A2025-G13 DiveEventPro (Customer: Digianix, coach: Tensu)<\/li>\n<li>PROJ-A2025-G14 CV and Project Role Database (Customer: Sasken, coach: Katriina)<\/li>\n<li>PROJ-A2025-G15-Diving Club Web Presence &amp; Membership Portal Integration (Customer: Mansen Molskis ry, Coach: Tensu)<\/li>\n<li>PROJ-A2025-G16-LonelinessApp (Customer: TUNI \/ ITC, Coach: Timo)<\/li>\n<li>PROJ-A2025-G17-GNSS-AIS Insight (Customer: TUNI \/ ITC, Coach: Tensu)<\/li>\n<li>PROJ-A2025-G18-AI teacher assistant for neurodivergent children (Customer: AI Scholar, coach: Pekka)<\/li>\n<li>PROJ-A2025-G19-EduChat: Smart AI Exercises (Customer: Coach: Tensu)<\/li>\n<li>PROJ-A2025-G20-Jira Bug Report Assistant (Customer: Solita, Coach: Timo)<\/li>\n<li>PROJ-A2025-G21-Huld-SW-project-candidates: AI powered quality assurance (Customer: Huld, coach: Tensu)<\/li>\n<li>PROJ-A2025-G22-Data Transfer App for Apple Health (Customer: coach: Tensu)<\/li>\n<li>PROJ-A2025-G23-CyberQuest: Gamified training for hybrid threat preparedness (Customer: TUNI \/ ITC, coach: Tensu)<\/li>\n<li>PROJ-A2025-G24-GNSS-AIS-Insight-2 (Customer: TUNI \/ ITC, coach: Tensu)<\/li>\n<li>PROJ-A2025-G25-Secure-Health-Data (Customer: Demola, coach: Timo)<\/li>\n<li>PROJ-A2025-G26-Smartwatch (Customer: Pallaksen P\u00f6ll\u00f6t, coach: Tensu)<\/li>\n<\/ol>\n<p><strong>Autumn 2025 proposed projects<\/strong><\/p>\n<ol type=\"A\">\n<li>Repair Actions Management Application (Customer: Caverion Suomi Oy)<\/li>\n<li>AI teacher assistant for neurodivergent children (Customer: AI Scholar)<\/li>\n<li>Instrument registry for MET laboratory services \u2013 continued development (Customer: MET LABS)<\/li>\n<li>OTA updates for select Crosscontrol Devices (Customer: CrossControl Oy)<\/li>\n<li>SIX roadmap user toolbox (Customer: TUNI \/ Research and Innovation Services | Partnerships)<\/li>\n<li>VNeST-pohjainen puheterapiasovelus (Customer: TUNI \/ Logopedia)<\/li>\n<li>Sanova-sovellus (Customer: TUNI \/ Logopedia)<\/li>\n<li>LonelinessApp (Customer: TUNI \/ ITC)<\/li>\n<li>Geocache.fi Mobile Frontend \u2192 Real Backend (Customer: Kiven alla Oy)<\/li>\n<li>Developing a Virtual Patient for Enhanced Elderly Care (Customer: Kauppahuone Harte Oy)<\/li>\n<li>CV and Project Role Database (Customer: Sasken)<\/li>\n<li>Digital Thread (Customer: Demola and a collaborating company)<\/li>\n<li>Collaborative Data Ecosystem for Green Shipping (Customer: Demola and collaborating company)<\/li>\n<li>Secure Health Data (Customer: Demola and collaborating company)<\/li>\n<li>Healthcare On The Go (Customer: Demola and collaborating company)<\/li>\n<li>Transparency for Patients (Customer: Demola and collaborating company)<\/li>\n<li>Optimal field-of-view in Video Conferencing devices (Customer: Demola and collaborating company)<\/li>\n<li>EV Chargers as Diagnostic Tools (Customer: Demola and collaborating company)<\/li>\n<li>Edge Vision (Customer: Demola and collaborating company)<\/li>\n<li>Wingman visualization and AI extension proof of concept (Customer: Tentrio Oy)<\/li>\n<li>Budjetointisovellus tai verkkosivu (Customer: Talous- ja velkaneuvonta Pirkanmaa)<\/li>\n<li>GISapp: Develop an Android app with visual interface combining GIS data with GNSSlogger NMEA data (Customer: Tuni \/ ITC)<\/li>\n<li><span data-olk-copy-source=\"MessageBody\">AI-driven procurement competition platform<\/span> (Customer: Kapcon Oy)<\/li>\n<li>Announcement avatar 2 (Customer: Teleste Oy)<\/li>\n<li>DiveEventPro \u2013 A Competition Management System for Diving Events (Customer: Digianix)<\/li>\n<li>Diving Club Web Presence &amp; Membership Portal Integration (Customer: Mansen Molskis ry)<\/li>\n<li>SLT-TEST = Transformative Engine for Smart Testing (Customer: Solita Oy)<\/li>\n<li>SLT-JITV = Jira Issue Traceability Validator (Customer: Solita Oy)<\/li>\n<li>ChatBot vauhdittamaan r\u00e4\u00e4t\u00e4l\u00f6ityj\u00e4 teknologiaratkaisuja tuottavan yrityksen asiakkaan ostopolun alkua (Customer: UnSeen Technologies Oy)<\/li>\n<li>Snowledge &#8211; Digitalization of snow and Finnish fells (Customer: Pallaksen P\u00f6ll\u00f6t ry)<\/li>\n<li>Auvic: Automated Visual Content (audio, video) generation<br \/>\npipeline using LLMs (Customer: Hadaytullah Kundi)<\/li>\n<li>GNSS-AIS Insight &#8211; a Mobile App for Maritime Navigation Anomaly Detection (Customer: Tuni \/ ITC)<\/li>\n<li>Mulysa, Hacklabien j\u00e4senrekisteri &#8211; automaatio (Customer: Hacklab Finland ry)<\/li>\n<li>CyberQuest: Gamified training for hybrid threat preparedness (Customer: TUNI \/ ITC)<\/li>\n<li>EduChat: Smart AI Exercises (Customer: TUNI \/ ITC)<\/li>\n<li>EMI Runtime Compiler Improvements (Customer: Ilkka Takala)<\/li>\n<li>EMI Visual Programming Interface (Customer: Ilkka Takala)<\/li>\n<li>Winter Swimming App (Customer: M.F.)<\/li>\n<li>Huld-SW-project-candidates (Customer: Huld)<\/li>\n<li>Data Transfer App for Apple HealthKit (Customer: Sensotrend)<\/li>\n<li>Data Transfer App for Google HealthConnect (Customer: Sensotrend)<\/li>\n<\/ol>\n","protected":false},"excerpt":{"rendered":"<p>Spring 2026 started projects PROJ-S2026-G01-SLT-PRIOR (Topic AG, coach: Timo) PROJ-S2026-G02-Tilannekuva (Topic AF, coach: Tensu) PROJ-S2026-G03-Inhalaattorisivusto (Topic A, coach: Katriina) PROJ-S2026-G04-Sovellus nuorten \/ aikuisten lukivaikeuden tukemiseksi (Topic D, coach: Katriina) PROJ-S2026-G05-Food assistant app (Topic Q, coach: Katriina) PROJ-S2026-G06-Filmgate (Topic AJ, coach: Pekka) PROJ-S2026-G07-Tuulikartta (Topic AE, coach: Tensu) PROJ-S2026-G08-EMI Visual Programming Tool (Topic AO, coach: Timo) PROJ-S2026-G09-MMT &hellip; <a href=\"https:\/\/coursepages2.tuni.fi\/comp-se-610\/projects\/\" class=\"more-link\">Continue reading <span class=\"screen-reader-text\">Current projects<\/span><\/a><\/p>\n","protected":false},"author":35,"featured_media":0,"parent":0,"menu_order":4,"comment_status":"closed","ping_status":"closed","template":"","meta":{"footnotes":""},"class_list":["post-34","page","type-page","status-publish","hentry"],"_links":{"self":[{"href":"https:\/\/coursepages2.tuni.fi\/comp-se-610\/wp-json\/wp\/v2\/pages\/34","targetHints":{"allow":["GET"]}}],"collection":[{"href":"https:\/\/coursepages2.tuni.fi\/comp-se-610\/wp-json\/wp\/v2\/pages"}],"about":[{"href":"https:\/\/coursepages2.tuni.fi\/comp-se-610\/wp-json\/wp\/v2\/types\/page"}],"author":[{"embeddable":true,"href":"https:\/\/coursepages2.tuni.fi\/comp-se-610\/wp-json\/wp\/v2\/users\/35"}],"replies":[{"embeddable":true,"href":"https:\/\/coursepages2.tuni.fi\/comp-se-610\/wp-json\/wp\/v2\/comments?post=34"}],"version-history":[{"count":499,"href":"https:\/\/coursepages2.tuni.fi\/comp-se-610\/wp-json\/wp\/v2\/pages\/34\/revisions"}],"predecessor-version":[{"id":1250,"href":"https:\/\/coursepages2.tuni.fi\/comp-se-610\/wp-json\/wp\/v2\/pages\/34\/revisions\/1250"}],"wp:attachment":[{"href":"https:\/\/coursepages2.tuni.fi\/comp-se-610\/wp-json\/wp\/v2\/media?parent=34"}],"curies":[{"name":"wp","href":"https:\/\/api.w.org\/{rel}","templated":true}]}}