{"id":5,"date":"2021-11-18T10:58:06","date_gmt":"2021-11-18T08:58:06","guid":{"rendered":"https:\/\/coursepages.uta.fi\/00\/?page_id=5"},"modified":"2024-01-15T14:44:47","modified_gmt":"2024-01-15T12:44:47","slug":"paasivu","status":"publish","type":"page","link":"https:\/\/coursepages2.tuni.fi\/comp-se-100-fi\/","title":{"rendered":"P\u00e4\u00e4sivu"},"content":{"rendered":"<p>TAU \/ Tietotekniikan yksikk\u00f6<\/p>\n<p><span style=\"color: #800080\"><strong>COMP.SE.100\u00a0 Johdatus ohjelmistotuotantoon\u00a0<\/strong><\/span><\/p>\n<p>Kev\u00e4tlukukaudella, 3-4. periodeilla.<\/p>\n<pre>(at Autumn term, 1-2. study periods, we have English implementation; \r\n   <a href=\"https:\/\/coursepages2.tuni.fi\/comp-se-100-en\/\" target=\"_blank\" rel=\"noopener\">https:\/\/coursepages2.tuni.fi\/comp-se-100-en\/<\/a>  )<\/pre>\n<h1><\/h1>\n<h1>Suoritusvaatimukset<\/h1>\n<p>Kurssin suoritusvaatimuksina ovat ryhm\u00e4ty\u00f6n\u00e4 tehty harjoitusty\u00f6 sek\u00e4 tentti. Luennot ja viikkoharjoitukset ovat vapaaehtoisia.<\/p>\n<p>&nbsp;<\/p>\n<h6>Lis\u00e4tiedot sek\u00e4 harjoitusty\u00f6- ja viikkoharjoitusryhmiin ilmoittautumiset ovat kurssin Moodle-sivulla.<\/h6>\n<p>&nbsp;<\/p>\n<p>&nbsp;<\/p>\n<p>&nbsp;<\/p>\n<p>&nbsp;<\/p>\n","protected":false},"excerpt":{"rendered":"<p>TAU \/ Tietotekniikan yksikk\u00f6 COMP.SE.100\u00a0 Johdatus ohjelmistotuotantoon\u00a0 Kev\u00e4tlukukaudella, 3-4. periodeilla. (at Autumn term, 1-2. study periods, we have English implementation; https:\/\/coursepages2.tuni.fi\/comp-se-100-en\/ ) Suoritusvaatimukset Kurssin suoritusvaatimuksina ovat ryhm\u00e4ty\u00f6n\u00e4 tehty harjoitusty\u00f6 sek\u00e4 tentti. Luennot ja viikkoharjoitukset ovat vapaaehtoisia. &nbsp; Lis\u00e4tiedot sek\u00e4 harjoitusty\u00f6- ja viikkoharjoitusryhmiin ilmoittautumiset ovat kurssin Moodle-sivulla. &nbsp; &nbsp; &nbsp; &nbsp;<\/p>\n","protected":false},"author":1,"featured_media":0,"parent":0,"menu_order":0,"comment_status":"closed","ping_status":"closed","template":"","meta":{"footnotes":""},"class_list":["post-5","page","type-page","status-publish","hentry"],"_links":{"self":[{"href":"https:\/\/coursepages2.tuni.fi\/comp-se-100-fi\/wp-json\/wp\/v2\/pages\/5","targetHints":{"allow":["GET"]}}],"collection":[{"href":"https:\/\/coursepages2.tuni.fi\/comp-se-100-fi\/wp-json\/wp\/v2\/pages"}],"about":[{"href":"https:\/\/coursepages2.tuni.fi\/comp-se-100-fi\/wp-json\/wp\/v2\/types\/page"}],"author":[{"embeddable":true,"href":"https:\/\/coursepages2.tuni.fi\/comp-se-100-fi\/wp-json\/wp\/v2\/users\/1"}],"replies":[{"embeddable":true,"href":"https:\/\/coursepages2.tuni.fi\/comp-se-100-fi\/wp-json\/wp\/v2\/comments?post=5"}],"version-history":[{"count":13,"href":"https:\/\/coursepages2.tuni.fi\/comp-se-100-fi\/wp-json\/wp\/v2\/pages\/5\/revisions"}],"predecessor-version":[{"id":55,"href":"https:\/\/coursepages2.tuni.fi\/comp-se-100-fi\/wp-json\/wp\/v2\/pages\/5\/revisions\/55"}],"wp:attachment":[{"href":"https:\/\/coursepages2.tuni.fi\/comp-se-100-fi\/wp-json\/wp\/v2\/media?parent=5"}],"curies":[{"name":"wp","href":"https:\/\/api.w.org\/{rel}","templated":true}]}}