{"id":5,"date":"2017-06-22T10:58:06","date_gmt":"2017-06-22T07:58:06","guid":{"rendered":"https:\/\/coursepages.uta.fi\/tiey1\/?page_id=5"},"modified":"2024-07-16T12:57:00","modified_gmt":"2024-07-16T09:57:00","slug":"paasivu","status":"publish","type":"page","link":"https:\/\/coursepages2.tuni.fi\/comp-cs-020\/","title":{"rendered":"COMP.CS.020 Opintojen ohjattu suunnittelu"},"content":{"rendered":"<p>T\u00e4m\u00e4 jakso on tarkoitettu opiskelijoille, jotka suorittavat kandidaatin tutkinnon. Suoraan maisterin tutkintoa suorittamaan valittujen tulee HOPS-ohjauksen osalta olla yhteydess\u00e4 maisteriohjelmansa vastaavaan professoriin ja\/tai koulutusasiantuntijaan (Heli Rikala, cs.studies.tau@tuni.fi).<\/p>\n<h1>Ajankohtaista<\/h1>\n<p>(4.6.2024) Koulutusohjelman kaikki uudet LuK-vaiheen opiskelijat (syksyll\u00e4 2024 aloittavat ja aiemmin poissaoleviksi ilmoittautuneet) osallistuvat tietojenj\u00e4sittelytieteiden HOPS-toimintaan eli pakolliseen HOPS-opintojaksoon COMP.CS.020 Opintojen ohjattu suunnittelu (2op). Toiminnasta kerrotaan tarkemmin Orientoivien opintojen tietojenk\u00e4sittelytieteiden tutkinto-ohjelman esittelyosuuksissa. Lis\u00e4ksi kukin kandivaiheen HOPS-ryhm\u00e4 tapaa keskiviikkona 21.8.2024 klo 12 jossain Hervannan luentosalissa (tarkempi tieto l\u00e4hetet\u00e4\u00e4n s\u00e4hk\u00f6postitse viimeist\u00e4\u00e4n ti 20.8 aikana).<\/p>\n<p>UUDET OPISKELIJAT: Katsokaa\u00a0<a href=\"https:\/\/coursepages2.tuni.fi\/comp-cs-020\/uusille\/\" target=\"_blank\" rel=\"noopener noreferrer\">tietoa tietojenk\u00e4sittelytieteiden uusille opiskelijoille<\/a>.<\/p>\n<h2>Opintosuunnitelman teosta<\/h2>\n<p>Yksi HOPS-ohjauksen keskeisimmist\u00e4 osista on opintosuunnitelman laadinta. Jokaisen opiskelijan tulee laatia syksyn alussa suunnitelma siit\u00e4, mit\u00e4 kursseja aikoo suorittaa kyseisen lukuvuoden syksyll\u00e4 ja kev\u00e4\u00e4ll\u00e4. Opintosuunnitelman kev\u00e4tt\u00e4 koskevaa osaa on hyv\u00e4 viel\u00e4 tarkistaa vuodenvaihteessa, koska kev\u00e4\u00e4ll\u00e4 suoritettavissa olevien kurssien opetusohjelma ei ole viel\u00e4 v\u00e4ltt\u00e4m\u00e4tt\u00e4 valmis syksyn alussa.<\/p>\n<p>Opintosuunnitelmat tehd\u00e4\u00e4n s\u00e4hk\u00f6isesti k\u00e4ytt\u00e4en yliopiston Sisu-j\u00e4rjestelm\u00e4\u00e4. T\u00e4h\u00e4n annetaan opastusta orientoivien opintojen aikana. Opintosuunnitelman on hyv\u00e4 huomioida mm. seuraavat suositukset:<\/p>\n<ul>\n<li>Koko lukuvuoden opintosuunnitelmaan tulisi sis\u00e4llytt\u00e4\u00e4 v\u00e4hint\u00e4\u00e4n 60 op opintoja. T\u00e4m\u00e4 mahdollistaa kandidaatin tutkinnon suorittamisen 3 vuodessa.<\/li>\n<li>Opintokuorma kannattaa pyrki\u00e4 jakamaan kohtalaisen tasaisesti syksyn ja kev\u00e4\u00e4n kesken.<\/li>\n<li>Ensimm\u00e4isen vuoden suunnitelmaan tulee p\u00e4\u00e4s\u00e4\u00e4nt\u00f6isesti sis\u00e4llytt\u00e4\u00e4 ainakin tietojenk\u00e4sittelytieteiden yhteiset kurssit COMP.CS.011, COMP.CS.012, COMP.CS.013 ja COMP.CS.050 sek\u00e4 tietojenk\u00e4sittelytieteiden perusopinnot COMP.CS.100, COMP.CS.110, COMP.SE.100, DATA.DB.100 ja HTI.100.<\/li>\n<li>Pakollisia kielikursseja kannattaa pyrki\u00e4 suorittamaan jo ensimm\u00e4isen\u00e4 opintovuotena.<\/li>\n<\/ul>\n<p>S\u00e4hk\u00f6isesti tehty opintosuunnitelma toimii pohjana HOPS-opettajan kanssa k\u00e4yt\u00e4viss\u00e4 tapaamisissa.<\/p>\n<h2>Hy\u00f6dyllisi\u00e4 linkkej\u00e4:<\/h2>\n<ul>\n<li><a href=\"https:\/\/www.tuni.fi\/opiskelijanopas\/kasikirja\/uni\/4678?page=3046\" target=\"_blank\" rel=\"noopener noreferrer\">Opiskeluoikeus ja tavoitteelliset suorittamisajat<\/a><\/li>\n<li>Tietojenk\u00e4sittelytieteiden opinto-ohjesivu, jonne kootaan tietoja yleisimmin kysytyist\u00e4 asioista ja ohjeita esim.\u00a0<a href=\"https:\/\/www.tuni.fi\/opiskelijanopas\/kasikirja\/uni\/4653?page=3127\">korvaavuuksien hakemiseen<\/a>.<\/li>\n<li><a href=\"https:\/\/www.tuni.fi\/opiskelijanopas\/kasikirja\/uni\/4653?page=3129\" target=\"_blank\" rel=\"noopener noreferrer\">maisteriohjelman valinta tietojenk\u00e4sittelytieteiden koulutusohjelmassa.<\/a>\u00a0Tietoa maisteriohjelmista opinto-oppaassa.<\/li>\n<li><a href=\"https:\/\/www.tuni.fi\/opiskelijanopas\/kasikirja\/uni\/4653\/6141\" target=\"_blank\" rel=\"noopener noreferrer\">Kielikeskuksen opiskelu -sivut<\/a><\/li>\n<\/ul>\n<h2>Opiskelijatuutoroinnista<\/h2>\n<p>My\u00f6s opintosuunnan opiskelijaj\u00e4rjest\u00f6\u00a0<a href=\"http:\/\/www.luuppi.fi\/\" target=\"_blank\" rel=\"noopener noreferrer\">Luuppi ry<\/a>\u00a0j\u00e4rjest\u00e4\u00e4 tutortoimintaa, joka on siis eri ohjaustoimintaa kuin tiedekunnan j\u00e4rjest\u00e4m\u00e4 opintojen ohjattu suunnittelu. Luupin j\u00e4rjest\u00e4m\u00e4n tuutoroinnin kohdalla on kyse vapaaehtoisesta vertais- eli opiskelijatuutoroinnista. Luupin tutortoimintaan p\u00e4\u00e4set mukaan Orientoivien opintojen yhteydess\u00e4. Mik\u00e4li et p\u00e4\u00e4se paikalle, mutta haluat mukaan Luupin tutortoimintaan, ota yhteytt\u00e4 Luupin tutorvastaaviin (yhteystiedot l\u00f6ytyv\u00e4t sivulta\u00a0<a href=\"https:\/\/luuppi.fi\/fi\/tutoring\" target=\"_blank\" rel=\"noopener noreferrer\">https:\/\/luuppi.fi\/fi\/tutoring<\/a>).<\/p>\n","protected":false},"excerpt":{"rendered":"<p>T\u00e4m\u00e4 jakso on tarkoitettu opiskelijoille, jotka suorittavat kandidaatin tutkinnon. Suoraan maisterin tutkintoa suorittamaan valittujen tulee HOPS-ohjauksen osalta olla yhteydess\u00e4 maisteriohjelmansa vastaavaan professoriin ja\/tai koulutusasiantuntijaan (Heli Rikala, cs.studies.tau@tuni.fi). Ajankohtaista (4.6.2024) Koulutusohjelman kaikki uudet LuK-vaiheen opiskelijat (syksyll\u00e4 2024 aloittavat ja aiemmin poissaoleviksi ilmoittautuneet) osallistuvat tietojenj\u00e4sittelytieteiden HOPS-toimintaan eli pakolliseen HOPS-opintojaksoon COMP.CS.020 Opintojen ohjattu suunnittelu (2op). Toiminnasta kerrotaan tarkemmin &hellip; <a href=\"https:\/\/coursepages2.tuni.fi\/comp-cs-020\/\" class=\"more-link\">Jatka artikkeliin <span class=\"screen-reader-text\">COMP.CS.020 Opintojen ohjattu suunnittelu<\/span><\/a><\/p>\n","protected":false},"author":1,"featured_media":0,"parent":0,"menu_order":0,"comment_status":"closed","ping_status":"closed","template":"","meta":{"footnotes":""},"class_list":["post-5","page","type-page","status-publish","hentry"],"_links":{"self":[{"href":"https:\/\/coursepages2.tuni.fi\/comp-cs-020\/wp-json\/wp\/v2\/pages\/5","targetHints":{"allow":["GET"]}}],"collection":[{"href":"https:\/\/coursepages2.tuni.fi\/comp-cs-020\/wp-json\/wp\/v2\/pages"}],"about":[{"href":"https:\/\/coursepages2.tuni.fi\/comp-cs-020\/wp-json\/wp\/v2\/types\/page"}],"author":[{"embeddable":true,"href":"https:\/\/coursepages2.tuni.fi\/comp-cs-020\/wp-json\/wp\/v2\/users\/1"}],"replies":[{"embeddable":true,"href":"https:\/\/coursepages2.tuni.fi\/comp-cs-020\/wp-json\/wp\/v2\/comments?post=5"}],"version-history":[{"count":47,"href":"https:\/\/coursepages2.tuni.fi\/comp-cs-020\/wp-json\/wp\/v2\/pages\/5\/revisions"}],"predecessor-version":[{"id":279,"href":"https:\/\/coursepages2.tuni.fi\/comp-cs-020\/wp-json\/wp\/v2\/pages\/5\/revisions\/279"}],"wp:attachment":[{"href":"https:\/\/coursepages2.tuni.fi\/comp-cs-020\/wp-json\/wp\/v2\/media?parent=5"}],"curies":[{"name":"wp","href":"https:\/\/api.w.org\/{rel}","templated":true}]}}