{"id":42,"date":"2018-05-24T18:33:07","date_gmt":"2018-05-24T15:33:07","guid":{"rendered":"https:\/\/coursepages.uta.fi\/tiey1\/?page_id=42"},"modified":"2024-08-19T20:49:36","modified_gmt":"2024-08-19T17:49:36","slug":"hops-ohjaajien-yhteystiedot","status":"publish","type":"page","link":"https:\/\/coursepages2.tuni.fi\/comp-cs-020\/hops-ohjaajien-yhteystiedot\/","title":{"rendered":"HOPS-ohjaajien yhteystiedot"},"content":{"rendered":"<h2>LuK-vaiheen HOPS-opettajat<\/h2>\n<p><strong>LuK-vaiheen HOPS-ohjauksen (opettajatuutoroinnin) vastuuhenkil\u00f6:\u00a0<\/strong><br \/>\nYliopistonlehtori Heikki Hyyr\u00f6\u00a0(<a href=\"mailto:heikki.hyyro@tuni.fi\">heikki.hyyro@tuni.fi<\/a>)<br \/>\nVastaanotto: sopimuksen mukaan (ota yhteytt\u00e4 s\u00e4hk\u00f6postitse)<br \/>\nYhteystiedot: ty\u00f6huone Pinni B1024<\/p>\n<p><strong>HOPS-opettajat lukuvuonna 2024-2025, s\u00e4hk\u00f6posti <\/strong>(etunimi.sukunimi@tuni.fi)<strong>:<\/strong><\/p>\n<p><em>tulossa<\/em><\/p>\n<p><strong>HOPS-opettajat lukuvuonna 2022-2023 ja 2023-2024, s\u00e4hk\u00f6posti <\/strong>(etunimi.sukunimi@tuni.fi)<strong>:<br \/>\n<\/strong>Heikki Hyyr\u00f6<br \/>\nMarko Junkkari<br \/>\nTerhi Kilamo<br \/>\nJorma Laurikkala<br \/>\nPia Niemel\u00e4<br \/>\nSaila Ovaska<br \/>\nTimo Poranen<br \/>\nAntti Sand<\/p>\n<p><strong>HOPS-opettajat lukuvuonna 2021-2022:<br \/>\n<\/strong>Aulikki Hyrskykari<br \/>\nHeikki Hyyr\u00f6<br \/>\nMarko Junkkari<br \/>\nJorma Laurikkala<br \/>\nSaila Ovaska<br \/>\nTimo Poranen<br \/>\nAntti Sand<br \/>\nTarja Tiainen<\/p>\n","protected":false},"excerpt":{"rendered":"<p>LuK-vaiheen HOPS-opettajat LuK-vaiheen HOPS-ohjauksen (opettajatuutoroinnin) vastuuhenkil\u00f6:\u00a0 Yliopistonlehtori Heikki Hyyr\u00f6\u00a0(heikki.hyyro@tuni.fi) Vastaanotto: sopimuksen mukaan (ota yhteytt\u00e4 s\u00e4hk\u00f6postitse) Yhteystiedot: ty\u00f6huone Pinni B1024 HOPS-opettajat lukuvuonna 2024-2025, s\u00e4hk\u00f6posti (etunimi.sukunimi@tuni.fi): tulossa HOPS-opettajat lukuvuonna 2022-2023 ja 2023-2024, s\u00e4hk\u00f6posti (etunimi.sukunimi@tuni.fi): Heikki Hyyr\u00f6 Marko Junkkari Terhi Kilamo Jorma Laurikkala Pia Niemel\u00e4 Saila Ovaska Timo Poranen Antti Sand HOPS-opettajat lukuvuonna 2021-2022: Aulikki Hyrskykari Heikki Hyyr\u00f6 &hellip; <a href=\"https:\/\/coursepages2.tuni.fi\/comp-cs-020\/hops-ohjaajien-yhteystiedot\/\" class=\"more-link\">Jatka artikkeliin <span class=\"screen-reader-text\">HOPS-ohjaajien yhteystiedot<\/span><\/a><\/p>\n","protected":false},"author":67,"featured_media":0,"parent":0,"menu_order":0,"comment_status":"closed","ping_status":"closed","template":"","meta":{"footnotes":""},"class_list":["post-42","page","type-page","status-publish","hentry"],"_links":{"self":[{"href":"https:\/\/coursepages2.tuni.fi\/comp-cs-020\/wp-json\/wp\/v2\/pages\/42","targetHints":{"allow":["GET"]}}],"collection":[{"href":"https:\/\/coursepages2.tuni.fi\/comp-cs-020\/wp-json\/wp\/v2\/pages"}],"about":[{"href":"https:\/\/coursepages2.tuni.fi\/comp-cs-020\/wp-json\/wp\/v2\/types\/page"}],"author":[{"embeddable":true,"href":"https:\/\/coursepages2.tuni.fi\/comp-cs-020\/wp-json\/wp\/v2\/users\/67"}],"replies":[{"embeddable":true,"href":"https:\/\/coursepages2.tuni.fi\/comp-cs-020\/wp-json\/wp\/v2\/comments?post=42"}],"version-history":[{"count":14,"href":"https:\/\/coursepages2.tuni.fi\/comp-cs-020\/wp-json\/wp\/v2\/pages\/42\/revisions"}],"predecessor-version":[{"id":288,"href":"https:\/\/coursepages2.tuni.fi\/comp-cs-020\/wp-json\/wp\/v2\/pages\/42\/revisions\/288"}],"wp:attachment":[{"href":"https:\/\/coursepages2.tuni.fi\/comp-cs-020\/wp-json\/wp\/v2\/media?parent=42"}],"curies":[{"name":"wp","href":"https:\/\/api.w.org\/{rel}","templated":true}]}}